{"id":153691,"date":"2025-12-18T16:59:00","date_gmt":"2025-12-18T13:59:00","guid":{"rendered":"https:\/\/baldumarket.lt\/product\/ava-komoda-rtv-2-drzwiowa-bialy-mat-dab-wotan\/"},"modified":"2026-02-05T09:07:49","modified_gmt":"2026-02-05T06:07:49","slug":"ava-komoda-rtv-2-drzwiowa-bialy-mat-dab-wotan","status":"publish","type":"product","link":"https:\/\/baldumarket.lt\/lt\/product\/ava-komoda-rtv-2-drzwiowa-bialy-mat-dab-wotan\/","title":{"rendered":"Ava dviej\u0173 dur\u0173 TV spintel\u0117, matin\u0117 balta\/Wotan \u0105\u017euolas"},"content":{"rendered":"<p>Kvie\u010diame ap\u017ei\u016br\u0117ti unikali\u0105 ir funkcionali\u0105 \u201eAva\u201c televizoriaus spintel\u0119, 2D juod\u0105\/Wotan \u0105\u017euolo spalvos, sukurt\u0105 specialiai tiems, kurie vertina paprast\u0105, ta\u010diau \u012fsp\u016bding\u0105 estetik\u0105 ir auk\u0161tos kokyb\u0117s meistri\u0161kum\u0105. \u0160i moderni ir eleganti\u0161ka televizoriaus spintel\u0117 diskreti\u0161kai \u012fsilies \u012f j\u016bs\u0173 svetain\u0119, prie\u0161kambar\u012f ar miegam\u0105j\u012f, u\u017etikrindama patogi\u0105 j\u016bs\u0173 multimedijos \u012frangos tvark\u0105 ir saugojim\u0105. Vienas i\u0161 pagrindini\u0173 \u0161io gaminio bruo\u017e\u0173 \u2013 novatori\u0161ka atidarymo sistema be ranken\u0117li\u0173 \u2013 pakanka \u0161velniai paspausti prailgint\u0105 priek\u012f, kad pasiektum\u0117te prakti\u0161kus stal\u010dius, turin\u010dius atidarymo spustel\u0117jus sistem\u0105. \u201eAva Helvetia\u201c spintel\u0117s spalv\u0173 gama derina onikso juodumo sodrum\u0105 su \u0161iltais Wotan \u0105\u017euolo atspalviais, sukurdama harmoning\u0105 visum\u0105, kuri papildys \u012fvairius interjero dizainus. Pagaminta i\u0161 auk\u0161tos kokyb\u0117s laminuotos plok\u0161t\u0117s, \u201eAva\u201c televizoriaus spintel\u0117 yra atspari dr\u0117gmei, auk\u0161tai temperat\u016brai ir \u012fbr\u0117\u017eimams, tod\u0117l u\u017etikrina ilg\u0105 tarnavimo laik\u0105 ir nereikalauja r\u016bpes\u010di\u0173 d\u0117l prie\u017ei\u016bros. Prakti\u0161kumas dera su elegancija d\u0117l priekini\u0173 kra\u0161t\u0173, priklijuot\u0173 i\u0161 vis\u0173 keturi\u0173 pusi\u0173, ir galimyb\u0117s pakabinti komod\u0105 ant sienos d\u0117ka pridedam\u0173 metalini\u0173 tvirtinimo detali\u0173, kurios yra ir dekoratyvios, ir funkcionalios, i\u0161ple\u010dian\u010dios i\u0161d\u0117stymo galimybes.<\/p>","protected":false},"excerpt":{"rendered":"<p>Plotis (cm): 180<br \/>\n\u016agis (cm): 35<br \/>\nGylis (cm): 35<\/p>","protected":false},"featured_media":153692,"comment_status":"open","ping_status":"open","template":"","meta":[],"product_brand":[],"product_cat":[9398,4105,1175],"product_tag":[],"class_list":{"0":"post-153691","1":"product","2":"type-product","3":"status-publish","4":"has-post-thumbnail","6":"product_cat-furniture-system-ava","7":"product_cat-helvetia","8":"product_cat-tv-stands","10":"first","11":"instock","12":"purchasable","13":"product-type-simple"},"_links":{"self":[{"href":"https:\/\/baldumarket.lt\/lt\/wp-json\/wp\/v2\/product\/153691","targetHints":{"allow":["GET"]}}],"collection":[{"href":"https:\/\/baldumarket.lt\/lt\/wp-json\/wp\/v2\/product"}],"about":[{"href":"https:\/\/baldumarket.lt\/lt\/wp-json\/wp\/v2\/types\/product"}],"replies":[{"embeddable":true,"href":"https:\/\/baldumarket.lt\/lt\/wp-json\/wp\/v2\/comments?post=153691"}],"wp:featuredmedia":[{"embeddable":true,"href":"https:\/\/baldumarket.lt\/lt\/wp-json\/wp\/v2\/media\/153692"}],"wp:attachment":[{"href":"https:\/\/baldumarket.lt\/lt\/wp-json\/wp\/v2\/media?parent=153691"}],"wp:term":[{"taxonomy":"product_brand","embeddable":true,"href":"https:\/\/baldumarket.lt\/lt\/wp-json\/wp\/v2\/product_brand?post=153691"},{"taxonomy":"product_cat","embeddable":true,"href":"https:\/\/baldumarket.lt\/lt\/wp-json\/wp\/v2\/product_cat?post=153691"},{"taxonomy":"product_tag","embeddable":true,"href":"https:\/\/baldumarket.lt\/lt\/wp-json\/wp\/v2\/product_tag?post=153691"}],"curies":[{"name":"wp","href":"https:\/\/api.w.org\/{rel}","templated":true}]}}