{"id":153683,"date":"2025-12-18T16:58:40","date_gmt":"2025-12-18T13:58:40","guid":{"rendered":"https:\/\/baldumarket.lt\/product\/ava-komoda-3-drzwiowa-czarny-dab-wotan\/"},"modified":"2026-02-05T09:07:49","modified_gmt":"2026-02-05T06:07:49","slug":"ava-komoda-3-drzwiowa-czarny-dab-wotan","status":"publish","type":"product","link":"https:\/\/baldumarket.lt\/lt\/product\/ava-komoda-3-drzwiowa-czarny-dab-wotan\/","title":{"rendered":"Ava komoda su 3 durimis, juoda \/ Wotan \u0105\u017euolas"},"content":{"rendered":"<p>Atraskite i\u0161skirtin\u0119 elegancij\u0105 ir funkcionalum\u0105 viename balde \u2013 pristatome \u2018Ava 3D Artisan \/ Black\u2019 komod\u0105, kuri d\u0117l savo klasikinio gro\u017eio ir novatori\u0161k\u0173 sprendim\u0173 patenkins net ir reikliausi\u0173 vartotoj\u0173 l\u016bkes\u010dius. Daugiafunkcin\u0117 \u201eAva Helvetia\u201c kolekcijos konstrukcija \u2013 tai modernaus dizaino ir prakti\u0161kumo derinys. \u0160i komoda sukurta minimalizmo m\u0117g\u0117jams, ie\u0161kantiems paprast\u0173, bet i\u0161rai\u0161king\u0173 form\u0173 bald\u0173. \u201eAva 3D Artisan \/ Black\u201c komoda puikiai tiks svetain\u0117je, prie\u0161kambaryje ar miegamajame, suteikdama jiems modernumo. Novatori\u0161ka dureli\u0173 ir stal\u010di\u0173 atidarymo sistema be ranken\u0117li\u0173 \u201espustelint atidaroma\u201c garantuoja naudojimo komfort\u0105 ir pabr\u0117\u017eia minimalistin\u012f baldo charakter\u012f. Tradicines rankenas pakeit\u0117 subtilus mechanizmas, leid\u017eiantis dureles atidaryti \u0161velniai stumiant vir\u0161utin\u0119 priekin\u0119 dal\u012f. Be to, komplekte esan\u010dios metalin\u0117s furnit\u016bros suteikia pasirinkim\u0105 \u2013 komoda gali stov\u0117ti atskirai arba harmoningai \u012fsilieti \u012f erdv\u0119 kaip prie sienos tvirtinamas elementas.<\/p>","protected":false},"excerpt":{"rendered":"<p>Plotis (cm): 120<br \/>\n\u016agis (cm): 62<br \/>\nGylis (cm): 35<\/p>","protected":false},"featured_media":153684,"comment_status":"open","ping_status":"open","template":"","meta":[],"product_brand":[],"product_cat":[9398,1173,4105],"product_tag":[],"class_list":{"0":"post-153683","1":"product","2":"type-product","3":"status-publish","4":"has-post-thumbnail","6":"product_cat-furniture-system-ava","7":"product_cat-chests-of-drawers","8":"product_cat-helvetia","10":"first","11":"instock","12":"purchasable","13":"product-type-simple"},"_links":{"self":[{"href":"https:\/\/baldumarket.lt\/lt\/wp-json\/wp\/v2\/product\/153683","targetHints":{"allow":["GET"]}}],"collection":[{"href":"https:\/\/baldumarket.lt\/lt\/wp-json\/wp\/v2\/product"}],"about":[{"href":"https:\/\/baldumarket.lt\/lt\/wp-json\/wp\/v2\/types\/product"}],"replies":[{"embeddable":true,"href":"https:\/\/baldumarket.lt\/lt\/wp-json\/wp\/v2\/comments?post=153683"}],"wp:featuredmedia":[{"embeddable":true,"href":"https:\/\/baldumarket.lt\/lt\/wp-json\/wp\/v2\/media\/153684"}],"wp:attachment":[{"href":"https:\/\/baldumarket.lt\/lt\/wp-json\/wp\/v2\/media?parent=153683"}],"wp:term":[{"taxonomy":"product_brand","embeddable":true,"href":"https:\/\/baldumarket.lt\/lt\/wp-json\/wp\/v2\/product_brand?post=153683"},{"taxonomy":"product_cat","embeddable":true,"href":"https:\/\/baldumarket.lt\/lt\/wp-json\/wp\/v2\/product_cat?post=153683"},{"taxonomy":"product_tag","embeddable":true,"href":"https:\/\/baldumarket.lt\/lt\/wp-json\/wp\/v2\/product_tag?post=153683"}],"curies":[{"name":"wp","href":"https:\/\/api.w.org\/{rel}","templated":true}]}}