{"id":153675,"date":"2025-12-18T16:58:24","date_gmt":"2025-12-18T13:58:24","guid":{"rendered":"https:\/\/baldumarket.lt\/product\/ava-komoda-3-drzwiowa-bialy-mat-dab-wotan\/"},"modified":"2026-02-05T09:07:49","modified_gmt":"2026-02-05T06:07:49","slug":"ava-komoda-3-drzwiowa-bialy-mat-dab-wotan","status":"publish","type":"product","link":"https:\/\/baldumarket.lt\/lt\/product\/ava-komoda-3-drzwiowa-bialy-mat-dab-wotan\/","title":{"rendered":"Ava komoda su 3 durimis, matin\u0117 balta\/Wotan \u0105\u017euolas"},"content":{"rendered":"<p>Susipa\u017einkite su \u2019Ava 3D\u201c komoda \u2013 baldu, kuris j\u016bs\u0173 interjerui suteiks modernumo. Sukurta kruop\u0161\u010diai apgalvojus kiekvien\u0105 detal\u0119, ji derina funkcionalum\u0105 ir netradicin\u012f dizain\u0105. \u201eAva\u201c komoda buvo sukurta atsi\u017evelgiant \u012f klient\u0173, ie\u0161kan\u010di\u0173 paprast\u0173, ta\u010diau i\u0161skirtini\u0173 geometrini\u0173 form\u0173 bald\u0173, poreikius. Leiskite savo vaizduotei lietis ir apsvarstykite galimyb\u0119 \u201eAva\u201c komod\u0105 pastatyti svetain\u0117je, prie\u0161kambaryje ar galb\u016bt miegamajame? \u0160is universalus baldas puikiai tiks bet kurioje i\u0161 \u0161i\u0173 erdvi\u0173. Eleganti\u0161kas juodo onikso ir \u0161ilto Wotano \u0105\u017euolo spalv\u0173 derinys suteiks j\u016bs\u0173 namams harmonijos ir stiliaus. Pabr\u0117\u017edamas novatori\u0161k\u0105 \u201eAva\u201c komodos charakter\u012f, ji turi atidarymo be ranken\u0117li\u0173 funkcij\u0105 \u2013 tiesiog paspauskite vir\u0161utin\u0119 priekin\u0119 dal\u012f, ir atidarymo mechanizmas \u0161velniai i\u0161stums dureles ir stal\u010dius. Paprastas naudojimas dera su elegancija ir minimalistine forma.<\/p>","protected":false},"excerpt":{"rendered":"<p>Plotis (cm): 120<br \/>\n\u016agis (cm): 62<br \/>\nGylis (cm): 35<\/p>","protected":false},"featured_media":153676,"comment_status":"open","ping_status":"open","template":"","meta":[],"product_brand":[],"product_cat":[9398,1173,4105],"product_tag":[],"class_list":{"0":"post-153675","1":"product","2":"type-product","3":"status-publish","4":"has-post-thumbnail","6":"product_cat-furniture-system-ava","7":"product_cat-chests-of-drawers","8":"product_cat-helvetia","10":"first","11":"instock","12":"purchasable","13":"product-type-simple"},"_links":{"self":[{"href":"https:\/\/baldumarket.lt\/lt\/wp-json\/wp\/v2\/product\/153675","targetHints":{"allow":["GET"]}}],"collection":[{"href":"https:\/\/baldumarket.lt\/lt\/wp-json\/wp\/v2\/product"}],"about":[{"href":"https:\/\/baldumarket.lt\/lt\/wp-json\/wp\/v2\/types\/product"}],"replies":[{"embeddable":true,"href":"https:\/\/baldumarket.lt\/lt\/wp-json\/wp\/v2\/comments?post=153675"}],"wp:featuredmedia":[{"embeddable":true,"href":"https:\/\/baldumarket.lt\/lt\/wp-json\/wp\/v2\/media\/153676"}],"wp:attachment":[{"href":"https:\/\/baldumarket.lt\/lt\/wp-json\/wp\/v2\/media?parent=153675"}],"wp:term":[{"taxonomy":"product_brand","embeddable":true,"href":"https:\/\/baldumarket.lt\/lt\/wp-json\/wp\/v2\/product_brand?post=153675"},{"taxonomy":"product_cat","embeddable":true,"href":"https:\/\/baldumarket.lt\/lt\/wp-json\/wp\/v2\/product_cat?post=153675"},{"taxonomy":"product_tag","embeddable":true,"href":"https:\/\/baldumarket.lt\/lt\/wp-json\/wp\/v2\/product_tag?post=153675"}],"curies":[{"name":"wp","href":"https:\/\/api.w.org\/{rel}","templated":true}]}}