{"id":153667,"date":"2025-12-18T16:58:08","date_gmt":"2025-12-18T13:58:08","guid":{"rendered":"https:\/\/baldumarket.lt\/product\/ava-komoda-2d3s-czarny-dab-wotan\/"},"modified":"2026-02-05T09:07:49","modified_gmt":"2026-02-05T06:07:49","slug":"ava-komoda-2d3s-czarny-dab-wotan","status":"publish","type":"product","link":"https:\/\/baldumarket.lt\/lt\/product\/ava-komoda-2d3s-czarny-dab-wotan\/","title":{"rendered":"Ava komoda, 2 stal\u010diai, 3 stal\u010diai, juoda \/ Wotan \u0105\u017euolas"},"content":{"rendered":"<p>\u012ene\u0161kite gaivaus modernumo \u012f savo interjer\u0105 su \u201eAva 2D 3S Artisan \/ Black\u201c komoda i\u0161 \u201eHelvetia\u201c kolekcijos. \u0160is unikalus baldas puikiai derina elegancij\u0105 ir funkcionalum\u0105, pritaikytas \u0161iuolaikini\u0173 nam\u0173 poreikiams. Komoda \u201eAva\u201c ne tik atrodo gra\u017eiai, bet ir si\u016blo prakti\u0161kus daikt\u0173 laikymo sprendimus. Ji turi dvi erdvias duris su vidin\u0117mis lentynomis, kuriose tilps visi j\u016bs\u0173 svarbiausi daiktai. Be to, trys erdv\u016bs stal\u010diai su atidarymo spustel\u0117jus sistema suteikia puiki\u0105 viet\u0105 ma\u017eesniems daiktams, kurie visada yra ranka pasiekiami, bet pasl\u0117pti nuo aki\u0173. I\u0161skirtinis komodos \u201eAva\u201c bruo\u017eas \u2013 modernus dizainas be ranken\u0117li\u0173. Eleganti\u0161kas atidarymas per i\u0161siki\u0161usi\u0105 priek\u012f ne tik puikiai atrodo, bet ir pabr\u0117\u017eia minimalistin\u012f baldo charakter\u012f. Priekini\u0173 dali\u0173 kra\u0161tai yra kruop\u0161\u010diai faneruoti i\u0161 vis\u0173 keturi\u0173 pusi\u0173, u\u017etikrinant patvarum\u0105 ir atsparum\u0105 kasdieniam naudojimui.<\/p>","protected":false},"excerpt":{"rendered":"<p>Plotis (cm): 120<br \/>\n\u016agis (cm): 62<br \/>\nGylis (cm): 35<\/p>","protected":false},"featured_media":153668,"comment_status":"open","ping_status":"open","template":"","meta":[],"product_brand":[],"product_cat":[9398,1173,4105],"product_tag":[],"class_list":{"0":"post-153667","1":"product","2":"type-product","3":"status-publish","4":"has-post-thumbnail","6":"product_cat-furniture-system-ava","7":"product_cat-chests-of-drawers","8":"product_cat-helvetia","10":"first","11":"instock","12":"purchasable","13":"product-type-simple"},"_links":{"self":[{"href":"https:\/\/baldumarket.lt\/lt\/wp-json\/wp\/v2\/product\/153667","targetHints":{"allow":["GET"]}}],"collection":[{"href":"https:\/\/baldumarket.lt\/lt\/wp-json\/wp\/v2\/product"}],"about":[{"href":"https:\/\/baldumarket.lt\/lt\/wp-json\/wp\/v2\/types\/product"}],"replies":[{"embeddable":true,"href":"https:\/\/baldumarket.lt\/lt\/wp-json\/wp\/v2\/comments?post=153667"}],"wp:featuredmedia":[{"embeddable":true,"href":"https:\/\/baldumarket.lt\/lt\/wp-json\/wp\/v2\/media\/153668"}],"wp:attachment":[{"href":"https:\/\/baldumarket.lt\/lt\/wp-json\/wp\/v2\/media?parent=153667"}],"wp:term":[{"taxonomy":"product_brand","embeddable":true,"href":"https:\/\/baldumarket.lt\/lt\/wp-json\/wp\/v2\/product_brand?post=153667"},{"taxonomy":"product_cat","embeddable":true,"href":"https:\/\/baldumarket.lt\/lt\/wp-json\/wp\/v2\/product_cat?post=153667"},{"taxonomy":"product_tag","embeddable":true,"href":"https:\/\/baldumarket.lt\/lt\/wp-json\/wp\/v2\/product_tag?post=153667"}],"curies":[{"name":"wp","href":"https:\/\/api.w.org\/{rel}","templated":true}]}}