{"id":153659,"date":"2025-12-18T16:57:51","date_gmt":"2025-12-18T13:57:51","guid":{"rendered":"https:\/\/baldumarket.lt\/product\/ava-komoda-2d3s-bialy-mat-dab-wotan\/"},"modified":"2026-02-05T09:07:57","modified_gmt":"2026-02-05T06:07:57","slug":"ava-komoda-2d3s-bialy-mat-dab-wotan","status":"publish","type":"product","link":"https:\/\/baldumarket.lt\/lt\/product\/ava-komoda-2d3s-bialy-mat-dab-wotan\/","title":{"rendered":"Ava komoda su stal\u010diais, 2D3S, matin\u0117 balta\/Wotan \u0105\u017euolas"},"content":{"rendered":"<p>Atraskite nesenstant\u012f dizain\u0105 ir funkcionalum\u0105, derinant\u012f juodos ir Wotan \u0105\u017euolo spalv\u0173 komodoje \u201cAva 2D 3S\u201d. \u0160is unikalus \u201eAva Helvetia\u201c kolekcijos baldas sukurtas tiems, kurie ie\u0161ko pusiausvyros tarp estetikos ir prakti\u0161k\u0173 sprendim\u0173 savo namams. Komoda \u201eAva 2D 3S\u201c labiausiai i\u0161siskiria novatori\u0161ka atidarymo sistema be ranken\u0117li\u0173 \u2013 d\u0117ka stal\u010diuose naudojamos \u201epush-to-open\u201c technologijos \u2013 ir i\u0161maniai suprojektuotais fasadais, leid\u017eian\u010diais lengvai pasiekti laikomus daiktus vos \u0161velniai paspaudus. Sodraus juodo atspalvio ir nat\u016bralistin\u0117s Wotan \u0105\u017euolo tekst\u016bros derinys suteikia i\u0161skirtinio gro\u017eio, atspindin\u010dio \u0161iuolaikinio interjero tendencijas. Tvirta konstrukcija, pagaminta i\u0161 auk\u0161tos kokyb\u0117s laminuotos bald\u0173 plok\u0161t\u0117s, atsparios dr\u0117gmei, auk\u0161tai temperat\u016brai ir \u012fbr\u0117\u017eimams, \u201eAva\u201c komoda yra patvarus baldas, kuriam suteikiama 2 met\u0173 garantija. Eleganti\u0161k\u0105 apdail\u0105 suteikia fasado kra\u0161tai, kurie yra priklijuoti i\u0161 vis\u0173 keturi\u0173 pusi\u0173, kad b\u016bt\u0173 patvaresni ir esteti\u0161kesni.<\/p>","protected":false},"excerpt":{"rendered":"<p>Plotis (cm): 120<br \/>\n\u016agis (cm): 62<br \/>\nGylis (cm): 35<\/p>","protected":false},"featured_media":153660,"comment_status":"open","ping_status":"open","template":"","meta":[],"product_brand":[],"product_cat":[9398,1173,4105],"product_tag":[],"class_list":{"0":"post-153659","1":"product","2":"type-product","3":"status-publish","4":"has-post-thumbnail","6":"product_cat-furniture-system-ava","7":"product_cat-chests-of-drawers","8":"product_cat-helvetia","10":"first","11":"instock","12":"purchasable","13":"product-type-simple"},"_links":{"self":[{"href":"https:\/\/baldumarket.lt\/lt\/wp-json\/wp\/v2\/product\/153659","targetHints":{"allow":["GET"]}}],"collection":[{"href":"https:\/\/baldumarket.lt\/lt\/wp-json\/wp\/v2\/product"}],"about":[{"href":"https:\/\/baldumarket.lt\/lt\/wp-json\/wp\/v2\/types\/product"}],"replies":[{"embeddable":true,"href":"https:\/\/baldumarket.lt\/lt\/wp-json\/wp\/v2\/comments?post=153659"}],"wp:featuredmedia":[{"embeddable":true,"href":"https:\/\/baldumarket.lt\/lt\/wp-json\/wp\/v2\/media\/153660"}],"wp:attachment":[{"href":"https:\/\/baldumarket.lt\/lt\/wp-json\/wp\/v2\/media?parent=153659"}],"wp:term":[{"taxonomy":"product_brand","embeddable":true,"href":"https:\/\/baldumarket.lt\/lt\/wp-json\/wp\/v2\/product_brand?post=153659"},{"taxonomy":"product_cat","embeddable":true,"href":"https:\/\/baldumarket.lt\/lt\/wp-json\/wp\/v2\/product_cat?post=153659"},{"taxonomy":"product_tag","embeddable":true,"href":"https:\/\/baldumarket.lt\/lt\/wp-json\/wp\/v2\/product_tag?post=153659"}],"curies":[{"name":"wp","href":"https:\/\/api.w.org\/{rel}","templated":true}]}}