{"id":153643,"date":"2025-12-18T16:57:19","date_gmt":"2025-12-18T13:57:19","guid":{"rendered":"https:\/\/baldumarket.lt\/product\/athens-szafka-rtv-3-drzwiowa-czarny-mat-czarny-polysk\/"},"modified":"2026-02-05T10:26:34","modified_gmt":"2026-02-05T07:26:34","slug":"athens-szafka-rtv-3-drzwiowa-czarny-mat-czarny-polysk","status":"publish","type":"product","link":"https:\/\/baldumarket.lt\/lt\/product\/athens-szafka-rtv-3-drzwiowa-czarny-mat-czarny-polysk\/","title":{"rendered":"Athens 3 dur\u0173 TV spintel\u0117, matin\u0117 juoda \/ blizgi juoda"},"content":{"rendered":"<p>Rafinuotas kiekviena detal\u0117 ir pagamintas i\u0161 auk\u0161\u010diausios kokyb\u0117s med\u017eiag\u0173, \u201eHelvetia\u201c televizoriaus staliukas yra ne tik prakti\u0161kas, bet ir eleganti\u0161kas j\u016bs\u0173 nam\u0173 papildymas. Unikalus, dviej\u0173 spalv\u0173 dizainas \u2013 matin\u0117s ir blizgios juodos spalvos \u2013 suteiks j\u016bs\u0173 interjerui modern\u0173 ir rafinuot\u0105 charakter\u012f. Platus staliukas leid\u017eia patogiai pastatyti televizori\u0173 ir kitus multimedijos \u012frenginius, o trys erdvios, u\u017edaros dalys suteikia daug vietos daiktams susid\u0117ti. Be to, apgalvotas trij\u0173 lentyn\u0173 dizainas leid\u017eia sutvarkyti erdv\u0119, o tai labai svarbu tiek jaukiose, tiek erdviose svetain\u0117se.<br \/>\nTvirta laminuot\u0173 bald\u0173 plok\u0161\u010di\u0173 konstrukcija, atspari trin\u010diai, \u012fbr\u0117\u017eimams ir lengvai valoma, u\u017etikrina ilgalaik\u012f patikimum\u0105. Papildomas privalumas yra savaranki\u0161kas surinkimas, leid\u017eiantis greitai ir lengvai surinkti stov\u0105 pagal prid\u0117tas instrukcijas.<br \/>\nInvestuokite \u012f bald\u0105, kuris derina funkcionalum\u0105, ilgaam\u017ei\u0161kum\u0105 ir moderni\u0105 estetik\u0105. Pasirinkdami \u201eAthens\u201c televizoriaus staliuk\u0105, j\u016bs pasirenkate ne tik prakti\u0161kus sprendimus, bet ir rafinuot\u0105 stili\u0173, kuris pabr\u0117\u0161 individual\u0173 j\u016bs\u0173 svetain\u0117s charakter\u012f.<\/p>","protected":false},"excerpt":{"rendered":"<p>Plotis (cm): 270<br \/>\n\u016agis (cm): 40<br \/>\nGylis (cm): 41<\/p>","protected":false},"featured_media":153644,"comment_status":"open","ping_status":"open","template":"","meta":[],"product_brand":[],"product_cat":[9413,4105,1175],"product_tag":[],"class_list":{"0":"post-153643","1":"product","2":"type-product","3":"status-publish","4":"has-post-thumbnail","6":"product_cat-furniture-system-athens","7":"product_cat-helvetia","8":"product_cat-tv-stands","10":"first","11":"instock","12":"purchasable","13":"product-type-simple"},"_links":{"self":[{"href":"https:\/\/baldumarket.lt\/lt\/wp-json\/wp\/v2\/product\/153643","targetHints":{"allow":["GET"]}}],"collection":[{"href":"https:\/\/baldumarket.lt\/lt\/wp-json\/wp\/v2\/product"}],"about":[{"href":"https:\/\/baldumarket.lt\/lt\/wp-json\/wp\/v2\/types\/product"}],"replies":[{"embeddable":true,"href":"https:\/\/baldumarket.lt\/lt\/wp-json\/wp\/v2\/comments?post=153643"}],"wp:featuredmedia":[{"embeddable":true,"href":"https:\/\/baldumarket.lt\/lt\/wp-json\/wp\/v2\/media\/153644"}],"wp:attachment":[{"href":"https:\/\/baldumarket.lt\/lt\/wp-json\/wp\/v2\/media?parent=153643"}],"wp:term":[{"taxonomy":"product_brand","embeddable":true,"href":"https:\/\/baldumarket.lt\/lt\/wp-json\/wp\/v2\/product_brand?post=153643"},{"taxonomy":"product_cat","embeddable":true,"href":"https:\/\/baldumarket.lt\/lt\/wp-json\/wp\/v2\/product_cat?post=153643"},{"taxonomy":"product_tag","embeddable":true,"href":"https:\/\/baldumarket.lt\/lt\/wp-json\/wp\/v2\/product_tag?post=153643"}],"curies":[{"name":"wp","href":"https:\/\/api.w.org\/{rel}","templated":true}]}}