{"id":153632,"date":"2025-12-18T16:56:56","date_gmt":"2025-12-18T13:56:56","guid":{"rendered":"https:\/\/baldumarket.lt\/product\/athens-mebloscianka-czarny-mat-czarny-polysk\/"},"modified":"2026-04-12T12:43:58","modified_gmt":"2026-04-12T09:43:58","slug":"athens-mebloscianka-czarny-mat-czarny-polysk","status":"publish","type":"product","link":"https:\/\/baldumarket.lt\/lt\/product\/athens-mebloscianka-czarny-mat-czarny-polysk\/","title":{"rendered":"At\u0117n\u0173 sienin\u0117 spintel\u0117, matin\u0117 juoda \/ blizgi juoda"},"content":{"rendered":"<p>Atraskite nepaprast\u0105 elegancij\u0105 ir funkcionalum\u0105, kur\u012f si\u016blo garsaus \u201eHelvetia\u201c prek\u0117s \u017eenklo matin\u0117s juodos ir blizgios juodos spalv\u0173 \u201eAthens\u201c sienin\u0117 spintel\u0117. \u0160i moderni sienin\u0117 spintel\u0117 puikiai tinka visiems, norintiems suteikti savo svetainei elegancijos, kartu i\u0161laikant prakti\u0161kum\u0105 ir daug vietos daiktams susid\u0117ti. 270 cm plo\u010dio \u201eAthens\u201c sienin\u0117 spintel\u0117 suteikia daug vietos multimedijai, dekoracijoms ir kitiems kasdieniams daiktams. Jos auk\u0161tis kruop\u0161\u010diai suprojektuotas taip, kad papildyt\u0173 \u0161iuolaikinio interjero ergonomik\u0105 ir estetik\u0105, o 41 cm gylis leid\u017eia saugiai pastatyti spintel\u0119, i\u0161laikant optimal\u0173 naudojam\u0105 plot\u0105. Stilinga spalv\u0173 schema, kurioje derinamas matinis pavir\u0161ius ir veidrodinis blizgesys, suteikia spintelei rafinuot\u0105 charakter\u012f, kuris s\u0117kmingai papildys tiek modern\u0173, tiek klasikin\u012f interjero dizain\u0105. \u201eAthens\u201c sienin\u0117 spintel\u0117 yra dr\u0105sus, ta\u010diau nesenstantis pasirinkimas, kuris neabejotinai taps bet kurio kambario traukos centru.<\/p>","protected":false},"excerpt":{"rendered":"<p>Plotis (cm): 270<br \/>\n\u016agis (cm): 0<br \/>\nGylis (cm): 41<\/p>","protected":false},"featured_media":153633,"comment_status":"open","ping_status":"open","template":"","meta":[],"product_brand":[],"product_cat":[9413,4105,2008],"product_tag":[],"class_list":{"0":"post-153632","1":"product","2":"type-product","3":"status-publish","4":"has-post-thumbnail","6":"product_cat-furniture-system-athens","7":"product_cat-helvetia","8":"product_cat-wall-units","10":"first","11":"instock","12":"purchasable","13":"product-type-simple"},"_links":{"self":[{"href":"https:\/\/baldumarket.lt\/lt\/wp-json\/wp\/v2\/product\/153632","targetHints":{"allow":["GET"]}}],"collection":[{"href":"https:\/\/baldumarket.lt\/lt\/wp-json\/wp\/v2\/product"}],"about":[{"href":"https:\/\/baldumarket.lt\/lt\/wp-json\/wp\/v2\/types\/product"}],"replies":[{"embeddable":true,"href":"https:\/\/baldumarket.lt\/lt\/wp-json\/wp\/v2\/comments?post=153632"}],"wp:featuredmedia":[{"embeddable":true,"href":"https:\/\/baldumarket.lt\/lt\/wp-json\/wp\/v2\/media\/153633"}],"wp:attachment":[{"href":"https:\/\/baldumarket.lt\/lt\/wp-json\/wp\/v2\/media?parent=153632"}],"wp:term":[{"taxonomy":"product_brand","embeddable":true,"href":"https:\/\/baldumarket.lt\/lt\/wp-json\/wp\/v2\/product_brand?post=153632"},{"taxonomy":"product_cat","embeddable":true,"href":"https:\/\/baldumarket.lt\/lt\/wp-json\/wp\/v2\/product_cat?post=153632"},{"taxonomy":"product_tag","embeddable":true,"href":"https:\/\/baldumarket.lt\/lt\/wp-json\/wp\/v2\/product_tag?post=153632"}],"curies":[{"name":"wp","href":"https:\/\/api.w.org\/{rel}","templated":true}]}}