{"id":153627,"date":"2025-12-18T16:56:46","date_gmt":"2025-12-18T13:56:46","guid":{"rendered":"https:\/\/baldumarket.lt\/product\/aktiv-witryna-4d2s-dab-taurus-czarne-nogi\/"},"modified":"2026-02-05T09:03:55","modified_gmt":"2026-02-05T06:03:55","slug":"aktiv-witryna-4d2s-dab-taurus-czarne-nogi","status":"publish","type":"product","link":"https:\/\/baldumarket.lt\/lt\/product\/aktiv-witryna-4d2s-dab-taurus-czarne-nogi\/","title":{"rendered":"\u201eAktiv\u201c vitrina 4D2S, \u201eTaurus\u201c \u0105\u017euolo spalvos \/ juodos kojos"},"content":{"rendered":"<p>Pristatome unikali\u0105 4D2S vitrin\u0105 i\u0161 \u201eAktiv\u201c kolekcijos, priklausan\u010dios \u017einomui ir gerbiamam prek\u0117s \u017eenklui \u201eHelvetia\u201c. \u0160i \u012fsp\u016bdinga vitrina, kurioje dera elegancija ir auk\u0161tas funkcionalumas, puikiai papildys tiek modern\u0173, tiek klasikinio stiliaus interjer\u0105. \u201eAktiv 4D2S\u201c vitrina \u201eTaurus Oak\u201c spalvos \u2013 puikus pasirinkimas tiems, kurie vertina klasikin\u0119 estetik\u0105 su modernumo prieskoniu. Juodos kojel\u0117s suteikia charakterio ir stabilumo, o kontrastinga spalva suteikia namams gaivumo ir unikalaus stiliaus. Konstrukcija, pagaminta i\u0161 baldin\u0117s plok\u0161t\u0117s, pasi\u017eymin\u010dios dideliu atsparumu dr\u0117gmei ir d\u0117m\u0117ms, u\u017etikrina ilgalaik\u012f naudojim\u0105 ir lengv\u0105 valym\u0105. Vitrinos priekin\u0117 dalis ir korpusas padengti patvaria pl\u0117vele, kuri apsaugo pavir\u0161i\u0173 nuo pa\u017eeidim\u0173 ir u\u017etikrina lengv\u0105 prie\u017ei\u016br\u0105.<\/p>","protected":false},"excerpt":{"rendered":"<p>Plotis (cm): 100<br \/>\n\u016agis (cm): 200<br \/>\nGylis (cm): 41<\/p>","protected":false},"featured_media":153628,"comment_status":"open","ping_status":"open","template":"","meta":[],"product_brand":[],"product_cat":[9397,4105,2006],"product_tag":[],"class_list":{"0":"post-153627","1":"product","2":"type-product","3":"status-publish","4":"has-post-thumbnail","6":"product_cat-furniture-system-aktiv","7":"product_cat-helvetia","8":"product_cat-vitrines","10":"first","11":"instock","12":"purchasable","13":"product-type-simple"},"_links":{"self":[{"href":"https:\/\/baldumarket.lt\/lt\/wp-json\/wp\/v2\/product\/153627","targetHints":{"allow":["GET"]}}],"collection":[{"href":"https:\/\/baldumarket.lt\/lt\/wp-json\/wp\/v2\/product"}],"about":[{"href":"https:\/\/baldumarket.lt\/lt\/wp-json\/wp\/v2\/types\/product"}],"replies":[{"embeddable":true,"href":"https:\/\/baldumarket.lt\/lt\/wp-json\/wp\/v2\/comments?post=153627"}],"wp:featuredmedia":[{"embeddable":true,"href":"https:\/\/baldumarket.lt\/lt\/wp-json\/wp\/v2\/media\/153628"}],"wp:attachment":[{"href":"https:\/\/baldumarket.lt\/lt\/wp-json\/wp\/v2\/media?parent=153627"}],"wp:term":[{"taxonomy":"product_brand","embeddable":true,"href":"https:\/\/baldumarket.lt\/lt\/wp-json\/wp\/v2\/product_brand?post=153627"},{"taxonomy":"product_cat","embeddable":true,"href":"https:\/\/baldumarket.lt\/lt\/wp-json\/wp\/v2\/product_cat?post=153627"},{"taxonomy":"product_tag","embeddable":true,"href":"https:\/\/baldumarket.lt\/lt\/wp-json\/wp\/v2\/product_tag?post=153627"}],"curies":[{"name":"wp","href":"https:\/\/api.w.org\/{rel}","templated":true}]}}