{"id":153622,"date":"2025-12-18T16:56:36","date_gmt":"2025-12-18T13:56:36","guid":{"rendered":"https:\/\/baldumarket.lt\/product\/aktiv-witryna-1d1s-dab-taurus-czarne-nogi\/"},"modified":"2026-02-05T09:03:55","modified_gmt":"2026-02-05T06:03:55","slug":"aktiv-witryna-1d1s-dab-taurus-czarne-nogi","status":"publish","type":"product","link":"https:\/\/baldumarket.lt\/lt\/product\/aktiv-witryna-1d1s-dab-taurus-czarne-nogi\/","title":{"rendered":"\u201eAktiv\u201c vitrina 1D1S, \u201eTaurus\u201c \u0105\u017euolas \/ juodos kojos"},"content":{"rendered":"<p>Atraskite unikal\u0173 \u201cAktiv Display Cabinet 1D1S Taurus Oak \/ Black Legs\u201d dizain\u0105 ir neprilygstam\u0105 funkcionalum\u0105. \u0160i i\u0161skirtin\u0117 vitrina derina modern\u0173 stili\u0173 ir prakti\u0161kum\u0105, puikiai tinka bet kokiam kambariui \u2013 nuo svetain\u0117s iki paauglio miegamojo. D\u0117l auk\u0161tos kokyb\u0117s med\u017eio dro\u017eli\u0173 plok\u0161t\u0117s, atsparios dr\u0117gmei ir d\u0117m\u0117ms, \u0161i spintel\u0117 yra ilgalaik\u0117 investicija. Atraskite nauj\u0105 estetikos dimensij\u0105 su m\u016bs\u0173 gaminiu. 55 cm plo\u010dio, 200 cm auk\u0161\u010dio ir 41 cm gylio \u201cAktiv\u201d vitrina apdailinta Taurus \u0105\u017euolu, suteikian\u010diu interjerui rafinuotumo. Subtilios, bet tvirtos juodos metalin\u0117s kojel\u0117s sukuria stabil\u0173 pagrind\u0105 ir suteikia bendrai i\u0161vaizdai lengvumo. \u0160i vien\u0173 dur\u0173 vitrina su vienu stal\u010diumi ir keturiomis lentynomis suteikia daug vietos j\u016bs\u0173 daiktams laikyti. Metalin\u0117s rankenos ir pilno i\u0161traukimo rutuliniai guoliai u\u017etikrina patogum\u0105 ir lengv\u0105 prieig\u0105 prie turinio. Svajojate apie i\u0161skirtinesn\u012f akcent\u0105? Galite \u012fsigyti papildom\u0105 LED ap\u0161vietim\u0105 (25MTBI49), kad subtiliai pary\u0161kintum\u0117te savo eksponat\u0173 gro\u017e\u012f. Prid\u0117kite spindesio savo dekoracij\u0173 ir knyg\u0173 kolekcijai, sukurdami \u0161ilumos ir stiliaus atmosfer\u0105.<\/p>","protected":false},"excerpt":{"rendered":"<p>Plotis (cm): 55<br \/>\n\u016agis (cm): 200<br \/>\nGylis (cm): 41<\/p>","protected":false},"featured_media":153623,"comment_status":"open","ping_status":"open","template":"","meta":[],"product_brand":[],"product_cat":[9397,4105,2006],"product_tag":[],"class_list":{"0":"post-153622","1":"product","2":"type-product","3":"status-publish","4":"has-post-thumbnail","6":"product_cat-furniture-system-aktiv","7":"product_cat-helvetia","8":"product_cat-vitrines","10":"first","11":"instock","12":"purchasable","13":"product-type-simple"},"_links":{"self":[{"href":"https:\/\/baldumarket.lt\/lt\/wp-json\/wp\/v2\/product\/153622","targetHints":{"allow":["GET"]}}],"collection":[{"href":"https:\/\/baldumarket.lt\/lt\/wp-json\/wp\/v2\/product"}],"about":[{"href":"https:\/\/baldumarket.lt\/lt\/wp-json\/wp\/v2\/types\/product"}],"replies":[{"embeddable":true,"href":"https:\/\/baldumarket.lt\/lt\/wp-json\/wp\/v2\/comments?post=153622"}],"wp:featuredmedia":[{"embeddable":true,"href":"https:\/\/baldumarket.lt\/lt\/wp-json\/wp\/v2\/media\/153623"}],"wp:attachment":[{"href":"https:\/\/baldumarket.lt\/lt\/wp-json\/wp\/v2\/media?parent=153622"}],"wp:term":[{"taxonomy":"product_brand","embeddable":true,"href":"https:\/\/baldumarket.lt\/lt\/wp-json\/wp\/v2\/product_brand?post=153622"},{"taxonomy":"product_cat","embeddable":true,"href":"https:\/\/baldumarket.lt\/lt\/wp-json\/wp\/v2\/product_cat?post=153622"},{"taxonomy":"product_tag","embeddable":true,"href":"https:\/\/baldumarket.lt\/lt\/wp-json\/wp\/v2\/product_tag?post=153622"}],"curies":[{"name":"wp","href":"https:\/\/api.w.org\/{rel}","templated":true}]}}