{"id":153619,"date":"2025-12-18T16:56:31","date_gmt":"2025-12-18T13:56:31","guid":{"rendered":"https:\/\/baldumarket.lt\/product\/aktiv-stolik-kawowy-dab-taurus-czarne-nogi\/"},"modified":"2026-02-05T09:03:55","modified_gmt":"2026-02-05T06:03:55","slug":"aktiv-stolik-kawowy-dab-taurus-czarne-nogi","status":"publish","type":"product","link":"https:\/\/baldumarket.lt\/lt\/product\/aktiv-stolik-kawowy-dab-taurus-czarne-nogi\/","title":{"rendered":"\u201eAktiv\u201c kavos staliukas, \u201eTaurus\u201c \u0105\u017euolas \/ juodos kojos"},"content":{"rendered":"<p>Atraskite \u201eAktiv Taurus\u201c \u0105\u017euolin\u012f kavos staliuk\u0105 su juodomis kojel\u0117mis \u2013 bald\u0105, kuris taps j\u016bs\u0173 svetain\u0117s traukos centru, pasi\u017eym\u0117damas i\u0161skirtine estetika ir auk\u0161\u010diausios klas\u0117s funkcionalumu. \u201eHelvetia\u201c dizainas orientuotas \u012f apgalvot\u0105 konstrukcij\u0105 ir erdvum\u0105, u\u017etikrinant patog\u0173 kasdien\u012f naudojim\u0105.<br \/>\n\u0160is \u201eAktiv\u201c kolekcijos staliukas i\u0161siskiria eleganti\u0161ku spalv\u0173 deriniu, kuris suteikia kambariui moderni\u0105 atmosfer\u0105. \u0160iltas \u201eTaurus Oak\u201c stalvir\u0161is kontrastuoja su juodomis kojel\u0117mis, suteikdamas baldui unikal\u0173, \u0161iuolaiki\u0161k\u0105 charakter\u012f. D\u0117l savo universalumo \u201eAktiv\u201c staliukas puikiai tinka svetain\u0117ms, jaunimo kambariams ir stilingoms svetain\u0117ms.<br \/>\nBe estetinio patrauklumo, \u201eAktiv\u201c kavos staliukas yra ir prakti\u0161kas. Papildoma lentyna po stalvir\u0161iu suteikia vietos tokiems daiktams kaip knygos, \u017eurnalai ir nuotolinio valdymo pulteliai laikyti, taip i\u0161laikant tvark\u0105 pavir\u0161iuje. Pagamintas i\u0161 auk\u0161tos kokyb\u0117s baldin\u0117s plok\u0161t\u0117s, padengtos apsaugine pl\u0117vele, staliukas garantuoja ilgaam\u017ei\u0161kum\u0105 ir atsparum\u0105 kasdieniam naudojimui. \u0160ios med\u017eiagos yra labai atsparios dr\u0117gmei ir d\u0117m\u0117ms, tod\u0117l stal\u0105 lengva i\u0161laikyti \u0161var\u0173.<br \/>\nMDF kojel\u0117s ne tik suteikia tvirt\u0105 konstrukcij\u0105, bet ir yra patrauklus dekoratyvinis elementas. Stalas pristatomas plok\u0161\u010diai supakuotas, tod\u0117l j\u012f galima lengvai surinkti savaranki\u0161kai, tod\u0117l j\u012f lengva transportuoti ir galite patys \u012fsitraukti \u012f savo jaukaus kampelio k\u016brimo proces\u0105.<\/p>\n<p>I\u0161lankstymas: stalas n\u0117ra i\u0161skleid\u017eiamas, tod\u0117l u\u017etikrinamas stabilumas ir patvarumas. I\u0161skleistas jo ilgis i\u0161lieka nepakit\u0119s \u2013 240 cm, o tai rodo jo erdvum\u0105 ir prakti\u0161kum\u0105.<\/p>\n<p>\u201eAktiv\u201c stalui suteikiama 2 met\u0173 garantija, rodanti gamintojo pasitik\u0117jim\u0105 savo bald\u0173 kokybe. Pasirink\u0119 \u0161\u012f stal\u0105, investicija \u012f patvar\u0173, stiling\u0105 ir prakti\u0161k\u0105 j\u016bs\u0173 gyvenamosios erdv\u0117s papildym\u0105.<\/p>","protected":false},"excerpt":{"rendered":"<p>Plotis (cm): 120<br \/>\n\u016agis (cm): 48<br \/>\nGylis (cm): 60<\/p>","protected":false},"featured_media":153620,"comment_status":"open","ping_status":"open","template":"","meta":[],"product_brand":[],"product_cat":[9397,866,4105],"product_tag":[],"class_list":{"0":"post-153619","1":"product","2":"type-product","3":"status-publish","4":"has-post-thumbnail","6":"product_cat-furniture-system-aktiv","7":"product_cat-coffee-tables","8":"product_cat-helvetia","10":"first","11":"instock","12":"purchasable","13":"product-type-simple"},"_links":{"self":[{"href":"https:\/\/baldumarket.lt\/lt\/wp-json\/wp\/v2\/product\/153619","targetHints":{"allow":["GET"]}}],"collection":[{"href":"https:\/\/baldumarket.lt\/lt\/wp-json\/wp\/v2\/product"}],"about":[{"href":"https:\/\/baldumarket.lt\/lt\/wp-json\/wp\/v2\/types\/product"}],"replies":[{"embeddable":true,"href":"https:\/\/baldumarket.lt\/lt\/wp-json\/wp\/v2\/comments?post=153619"}],"wp:featuredmedia":[{"embeddable":true,"href":"https:\/\/baldumarket.lt\/lt\/wp-json\/wp\/v2\/media\/153620"}],"wp:attachment":[{"href":"https:\/\/baldumarket.lt\/lt\/wp-json\/wp\/v2\/media?parent=153619"}],"wp:term":[{"taxonomy":"product_brand","embeddable":true,"href":"https:\/\/baldumarket.lt\/lt\/wp-json\/wp\/v2\/product_brand?post=153619"},{"taxonomy":"product_cat","embeddable":true,"href":"https:\/\/baldumarket.lt\/lt\/wp-json\/wp\/v2\/product_cat?post=153619"},{"taxonomy":"product_tag","embeddable":true,"href":"https:\/\/baldumarket.lt\/lt\/wp-json\/wp\/v2\/product_tag?post=153619"}],"curies":[{"name":"wp","href":"https:\/\/api.w.org\/{rel}","templated":true}]}}