{"id":153613,"date":"2025-12-18T16:56:19","date_gmt":"2025-12-18T13:56:19","guid":{"rendered":"https:\/\/baldumarket.lt\/product\/aktiv-stol-rozkladany-dab-taurus-czarne-nogi\/"},"modified":"2026-02-05T09:03:55","modified_gmt":"2026-02-05T06:03:55","slug":"aktiv-stol-rozkladany-dab-taurus-czarne-nogi","status":"publish","type":"product","link":"https:\/\/baldumarket.lt\/lt\/product\/aktiv-stol-rozkladany-dab-taurus-czarne-nogi\/","title":{"rendered":"\u201eAktiv\u201c i\u0161traukiamas stalas \u201eTaurus\u201c \u0105\u017euolas \/ juodos kojos"},"content":{"rendered":"<p>Patirkite modernaus dizaino ir funkcionalumo magij\u0105 su \u201cAktiv\u201d i\u0161traukiamu stalu, kuris yra ne tik valgomojo \u0161irdis, bet ir kiekvienos \u0161eimos bei socialinio susib\u016brimo siela. \u0160is technologinis stebuklas i\u0161 \u201eHelvetia\u201c yra daugiau nei valgomojo zona \u2013 tai erdv\u0117, kurioje susitinka stilius, elegancija ir prakti\u0161kumas. Sukurtas galvojant apie maksimal\u0173 komfort\u0105 ir ilgaam\u017ei\u0161kum\u0105, \u201eAktiv\u201c i\u0161traukiamas stalas i\u0161 \u201eTaurus Oak\u201c \/ juod\u0173 koj\u0173 yra pasirinkimas tiems, kurie teikia pirmenyb\u0119 kokybei. Stalvir\u0161is padengtas stilinga ir patvaria pl\u0117vele, kuri nustebins jus savo atsparumu kasdieniam naudojimui \u2013 ji atspari dr\u0117gmei ir d\u0117m\u0117ms. Tai u\u017etikrina, kad j\u016bs\u0173 stalas i\u0161laikys gra\u017ei\u0105 i\u0161vaizd\u0105 ilgus metus. Dizainerio juodos kojel\u0117s, pagamintos i\u0161 masyvios MDF plok\u0161t\u0117s, suteikia jam ekstravagancijos ir tvirto stabilumo. Stalas, apdailintas \u201eTaurus Oak\u201c apdaila, lengvai der\u0117s tiek prie modernaus, tiek prie klasikinio interjero, suteikdamas charakterio ir jaukumo. Nat\u016brali \u0105\u017euolo spalva puikiai dera su daugeliu spalv\u0173 pale\u010di\u0173, tod\u0117l j\u012f lengva priderinti prie kit\u0173 bald\u0173.<\/p>","protected":false},"excerpt":{"rendered":"<p>Plotis (cm): 160<br \/>\n\u016agis (cm): 79<br \/>\nGylis (cm): 90<\/p>","protected":false},"featured_media":153614,"comment_status":"open","ping_status":"open","template":"","meta":[],"product_brand":[],"product_cat":[9397,4105,1934],"product_tag":[],"class_list":{"0":"post-153613","1":"product","2":"type-product","3":"status-publish","4":"has-post-thumbnail","6":"product_cat-furniture-system-aktiv","7":"product_cat-helvetia","8":"product_cat-tables","10":"first","11":"instock","12":"purchasable","13":"product-type-simple"},"_links":{"self":[{"href":"https:\/\/baldumarket.lt\/lt\/wp-json\/wp\/v2\/product\/153613","targetHints":{"allow":["GET"]}}],"collection":[{"href":"https:\/\/baldumarket.lt\/lt\/wp-json\/wp\/v2\/product"}],"about":[{"href":"https:\/\/baldumarket.lt\/lt\/wp-json\/wp\/v2\/types\/product"}],"replies":[{"embeddable":true,"href":"https:\/\/baldumarket.lt\/lt\/wp-json\/wp\/v2\/comments?post=153613"}],"wp:featuredmedia":[{"embeddable":true,"href":"https:\/\/baldumarket.lt\/lt\/wp-json\/wp\/v2\/media\/153614"}],"wp:attachment":[{"href":"https:\/\/baldumarket.lt\/lt\/wp-json\/wp\/v2\/media?parent=153613"}],"wp:term":[{"taxonomy":"product_brand","embeddable":true,"href":"https:\/\/baldumarket.lt\/lt\/wp-json\/wp\/v2\/product_brand?post=153613"},{"taxonomy":"product_cat","embeddable":true,"href":"https:\/\/baldumarket.lt\/lt\/wp-json\/wp\/v2\/product_cat?post=153613"},{"taxonomy":"product_tag","embeddable":true,"href":"https:\/\/baldumarket.lt\/lt\/wp-json\/wp\/v2\/product_tag?post=153613"}],"curies":[{"name":"wp","href":"https:\/\/api.w.org\/{rel}","templated":true}]}}