{"id":153609,"date":"2025-12-18T16:56:11","date_gmt":"2025-12-18T13:56:11","guid":{"rendered":"https:\/\/baldumarket.lt\/product\/aktiv-regal-wiszacy-3-polki-dab-taurus\/"},"modified":"2026-02-05T09:03:55","modified_gmt":"2026-02-05T06:03:55","slug":"aktiv-regal-wiszacy-3-polki-dab-taurus","status":"publish","type":"product","link":"https:\/\/baldumarket.lt\/lt\/product\/aktiv-regal-wiszacy-3-polki-dab-taurus\/","title":{"rendered":"\u201eAktiv\u201c pakabinama lentyna, 3 lentynos, \u201eTaurus Oak\u201c"},"content":{"rendered":"<p>Trij\u0173 dali\u0173 \u201eAktiv\u201c pakabinama lentyna \u201eTaurus Oak\u201c spalvos \u2013 tai unikalus ir funkcionalus baldas, kuris j\u016bs\u0173 namams suteiks modernumo ir nat\u016bralaus \u0161ilumos derinio. \u0160i lentyna, priklausanti garsiajai \u201eHelvetia\u201c \u201eAktiv\u201c kolekcijai, yra tobulas prakti\u0161kumo ir erdvaus dizaino \u012fsik\u016bnijimas. Sukurta tiems, kurie vertina auk\u0161t\u0105 kokyb\u0119 ir unikalius spalv\u0173 derinius, lentyna yra ne tik prakti\u0161kas bet kokio interjero papildymas, bet ir eleganti\u0161ka dekoracija.<\/p>\n<p>Lentyna turi tris lentynas, kuriose yra daug vietos knygoms, dekoracijoms ar kitiems daiktams, kuriuos norite visada tur\u0117ti po ranka. Ji pagaminta i\u0161 auk\u0161tos kokyb\u0117s med\u017eio dro\u017eli\u0173 plok\u0161t\u0117s, \u017einomos d\u0117l i\u0161skirtinio atsparumo dr\u0117gmei ir d\u0117m\u0117ms, u\u017etikrinan\u010dios ilgaam\u017ei\u0161kum\u0105 ir patvarum\u0105. I\u0161 kit\u0173 bald\u0173 j\u0105 i\u0161skiria gra\u017eus \u201eTaurus Oak\u201c beicas. \u0160i spalva suteikia interjerui unikal\u0173 charakter\u012f, sujungiant med\u017eio \u0161ilum\u0105 su modernia estetika. Knyg\u0173 lentynos matmenys (P x A x G): 35 cm x 128 cm x 35 cm, puikiai suprojektuoti, kad lengvai tilpt\u0173 \u012fvairiose erdv\u0117se \u2013 nuo svetain\u0117s iki paauglio kambario ar eleganti\u0161kos svetain\u0117s. Knyg\u0173 lentynos konstrukcija pagaminta i\u0161 tvirtos ir patvarios MDF plok\u0161t\u0117s, tod\u0117l ji yra stabili ir paruo\u0161ta naudoti daugel\u012f met\u0173.<br \/>\n\u201eAktiv Taurus Oak\u201c trij\u0173 dali\u0173 pakabinama knyg\u0173 lentyna pristatoma savaranki\u0161kai surenkamose pakuot\u0117se, tod\u0117l j\u0105 galima greitai ir lengvai surinkti. I\u0161samios surinkimo instrukcijos supaprastina vis\u0105 proces\u0105, tod\u0117l galite m\u0117gautis nauju baldu be specialist\u0173 pagalbos. Taip pat suteikiama 2 met\u0173 garantija, kuri pabr\u0117\u017eia gamintojo pasitik\u0117jim\u0105 gaminio kokybe.<br \/>\nPasirink\u0119 \u201eAktiv Taurus Oak\u201c trij\u0173 dali\u0173 pakabinam\u0105 knyg\u0173 lentyn\u0105, investicija \u012f gerai apgalvot\u0105 ir esteti\u0161kai patraukli\u0105 gyvenam\u0105j\u0105 erdv\u0119. Suteikite savo knygoms ir dekoracijoms tvarkingus, bet saugius namus. Atnaujinkite savo svetain\u0119, poilsio kambar\u012f ar paauglio kambar\u012f \u0161ia stilinga ir universalia lentyna, kuri d\u0117l savo paprastos, bet i\u0161rai\u0161kingos formos lengvai der\u0117s prie bet kokio interjero.<\/p>","protected":false},"excerpt":{"rendered":"<p>Plotis (cm): 35<br \/>\n\u016agis (cm): 128<br \/>\nGylis (cm): 35<\/p>","protected":false},"featured_media":153610,"comment_status":"open","ping_status":"open","template":"","meta":[],"product_brand":[],"product_cat":[9397,4105,1987],"product_tag":[],"class_list":{"0":"post-153609","1":"product","2":"type-product","3":"status-publish","4":"has-post-thumbnail","6":"product_cat-furniture-system-aktiv","7":"product_cat-helvetia","8":"product_cat-shelving-units","10":"first","11":"instock","12":"purchasable","13":"product-type-simple"},"_links":{"self":[{"href":"https:\/\/baldumarket.lt\/lt\/wp-json\/wp\/v2\/product\/153609","targetHints":{"allow":["GET"]}}],"collection":[{"href":"https:\/\/baldumarket.lt\/lt\/wp-json\/wp\/v2\/product"}],"about":[{"href":"https:\/\/baldumarket.lt\/lt\/wp-json\/wp\/v2\/types\/product"}],"replies":[{"embeddable":true,"href":"https:\/\/baldumarket.lt\/lt\/wp-json\/wp\/v2\/comments?post=153609"}],"wp:featuredmedia":[{"embeddable":true,"href":"https:\/\/baldumarket.lt\/lt\/wp-json\/wp\/v2\/media\/153610"}],"wp:attachment":[{"href":"https:\/\/baldumarket.lt\/lt\/wp-json\/wp\/v2\/media?parent=153609"}],"wp:term":[{"taxonomy":"product_brand","embeddable":true,"href":"https:\/\/baldumarket.lt\/lt\/wp-json\/wp\/v2\/product_brand?post=153609"},{"taxonomy":"product_cat","embeddable":true,"href":"https:\/\/baldumarket.lt\/lt\/wp-json\/wp\/v2\/product_cat?post=153609"},{"taxonomy":"product_tag","embeddable":true,"href":"https:\/\/baldumarket.lt\/lt\/wp-json\/wp\/v2\/product_tag?post=153609"}],"curies":[{"name":"wp","href":"https:\/\/api.w.org\/{rel}","templated":true}]}}