{"id":153605,"date":"2025-12-18T16:56:04","date_gmt":"2025-12-18T13:56:04","guid":{"rendered":"https:\/\/baldumarket.lt\/product\/aktiv-nadstawka-na-komode-2-drzwiowa-dab-taurus-czarne-nogi\/"},"modified":"2026-02-05T09:03:55","modified_gmt":"2026-02-05T06:03:55","slug":"aktiv-nadstawka-na-komode-2-drzwiowa-dab-taurus-czarne-nogi","status":"publish","type":"product","link":"https:\/\/baldumarket.lt\/lt\/product\/aktiv-nadstawka-na-komode-2-drzwiowa-dab-taurus-czarne-nogi\/","title":{"rendered":"Aktiv komoda su 2 durimis, Taurus \u0105\u017euolas \/ juodos kojos"},"content":{"rendered":"<p>Suteikite savo interjerui charakterio ir funkcionalumo su prakti\u0161ku komodos prailginimu i\u0161 \u201cAktiv\u201d kolekcijos, kuris greitai taps pagrindiniu j\u016bs\u0173 nam\u0173 organizatoriaus elementu! Pristatome \u201eAktiv 2D komodos prailginim\u0105 Taurus \u0105\u017euolo \/ juod\u0173 koj\u0173\u201c \u2013 sprendim\u0105, sukurt\u0105 prakti\u0161k\u0173 ir stiling\u0173 bald\u0173 aksesuar\u0173 m\u0117g\u0117jams.<br \/>\nUnikal\u0173 priestato dizain\u0105 pabr\u0117\u017eia \u0161ilt\u0173 \u201eTaurus\u201c \u0105\u017euolo atspalvi\u0173 ir eleganti\u0161k\u0173 juod\u0173 kojeli\u0173 derinys, suteikiantis interjerui modernaus, bet jaukumo. \u0160is modernus dviej\u0173 dur\u0173 priestatas, priklausantis populiariai \u201eAktiv\u201c masyviai sistemai, atne\u0161a skandinavi\u0161k\u0105 estetik\u0105 tiesiai \u012f j\u016bs\u0173 svetain\u0119 ar darbo kambar\u012f.<br \/>\n\u201eAktiv\u201c prailginimas pasi\u017eymi ne tik unikaliu dizainu, bet ir dideliu funkcionalumu. Jis lengvai sutvarkys j\u016bs\u0173 erdv\u0119 ir palaikys tvark\u0105. A\u0161tuonios gerai apgalvotos lentynos, pasl\u0117ptos u\u017e tvirt\u0173 dureli\u0173, garantuoja erdvum\u0105 ir tobul\u0105 kiekvieno centimetro i\u0161naudojim\u0105. \u0160is \u201eHelvetia\u201c prailginimo blokas pagamintas i\u0161 auk\u0161tos kokyb\u0117s baldin\u0117s plok\u0161t\u0117s, kurios atsparumas dr\u0117gmei ir d\u0117m\u0117ms patenkins net ir reikliausi\u0173 vartotoj\u0173 l\u016bkes\u010dius. Metalin\u0117s rankenos suteikia elegancijos, o tvirta konstrukcija u\u017etikrina ilgaam\u017ei\u0161kum\u0105. Papildomas privalumas \u2013 galimyb\u0117 surinkti individualiai, o prid\u0117tos instrukcijos palengvina greit\u0105 ir nesud\u0117ting\u0105 surinkim\u0105.<\/p>\n<p>Be to, prie \u0161io spintel\u0117s galima prid\u0117ti atskirai \u012fsigyjam\u0105 LED lentyn\u0173 ap\u0161vietim\u0105, kuris sukurs unikali\u0105 atmosfer\u0105 ir sustiprins priestato modernistin\u012f charakter\u012f. Taip pat buvo pagalvota ir apie prakti\u0161kum\u0105 \u2013 plotis (180 cm), auk\u0161tis (109 cm) ir gylis (32 cm) leid\u017eia puikiai der\u0117ti prie daugumos komod\u0173, sukuriant papildomos naudingos erdv\u0117s.<\/p>\n<p>J\u016bs\u0173 patogumu taip pat pasir\u016bpinta \u2013 spintel\u0117 pristatoma savaranki\u0161kai surenkamose pakuot\u0117se, o j\u016bs\u0173 pirkin\u012f saugo dvej\u0173 met\u0173 garantija. Investuokite \u012f \u201eAktiv 2D\u201c komodos prailginim\u0105 \u201eTaurus Oak\u201c \/ juod\u0173 koj\u0173 spalvos ir leiskite sau m\u0117gautis stilingu, tvarkingu interjeru, kad ir kokios b\u016bt\u0173 aplinkyb\u0117s.<\/p>","protected":false},"excerpt":{"rendered":"<p>Plotis (cm): 180<br \/>\n\u016agis (cm): 109<br \/>\nGylis (cm): 32<\/p>","protected":false},"featured_media":153606,"comment_status":"open","ping_status":"open","template":"","meta":[],"product_brand":[],"product_cat":[9397,1043,4105],"product_tag":[],"class_list":{"0":"post-153605","1":"product","2":"type-product","3":"status-publish","4":"has-post-thumbnail","6":"product_cat-furniture-system-aktiv","7":"product_cat-extras","8":"product_cat-helvetia","10":"first","11":"instock","12":"purchasable","13":"product-type-simple"},"_links":{"self":[{"href":"https:\/\/baldumarket.lt\/lt\/wp-json\/wp\/v2\/product\/153605","targetHints":{"allow":["GET"]}}],"collection":[{"href":"https:\/\/baldumarket.lt\/lt\/wp-json\/wp\/v2\/product"}],"about":[{"href":"https:\/\/baldumarket.lt\/lt\/wp-json\/wp\/v2\/types\/product"}],"replies":[{"embeddable":true,"href":"https:\/\/baldumarket.lt\/lt\/wp-json\/wp\/v2\/comments?post=153605"}],"wp:featuredmedia":[{"embeddable":true,"href":"https:\/\/baldumarket.lt\/lt\/wp-json\/wp\/v2\/media\/153606"}],"wp:attachment":[{"href":"https:\/\/baldumarket.lt\/lt\/wp-json\/wp\/v2\/media?parent=153605"}],"wp:term":[{"taxonomy":"product_brand","embeddable":true,"href":"https:\/\/baldumarket.lt\/lt\/wp-json\/wp\/v2\/product_brand?post=153605"},{"taxonomy":"product_cat","embeddable":true,"href":"https:\/\/baldumarket.lt\/lt\/wp-json\/wp\/v2\/product_cat?post=153605"},{"taxonomy":"product_tag","embeddable":true,"href":"https:\/\/baldumarket.lt\/lt\/wp-json\/wp\/v2\/product_tag?post=153605"}],"curies":[{"name":"wp","href":"https:\/\/api.w.org\/{rel}","templated":true}]}}