{"id":153600,"date":"2025-12-18T16:55:54","date_gmt":"2025-12-18T13:55:54","guid":{"rendered":"https:\/\/baldumarket.lt\/product\/aktiv-kredens-4d3s-dab-taurus-czarne-nogi\/"},"modified":"2026-02-05T09:03:55","modified_gmt":"2026-02-05T06:03:55","slug":"aktiv-kredens-4d3s-dab-taurus-czarne-nogi","status":"publish","type":"product","link":"https:\/\/baldumarket.lt\/lt\/product\/aktiv-kredens-4d3s-dab-taurus-czarne-nogi\/","title":{"rendered":"Aktiv indauja 4D3S Taurus \u0105\u017euolo \/ juod\u0173 koj\u0173"},"content":{"rendered":"<p>Pristatome i\u0161skirtin\u0119 \u2019Aktiv 4D3S\u201c indauja, kuri savo stulbinan\u010dia i\u0161vaizda ir funkcionalumu suteiks j\u016bs\u0173 nam\u0173 interjerui modernumo. \u0160is eleganti\u0161kas \u201eAktiv\u201c kolekcijos baldas, sukurtas garsios \u201eHelvetia\u201c kompanijos, puikiai derina rafinuot\u0105 skon\u012f ir prakti\u0161k\u0105 po\u017ei\u016br\u012f \u012f interjero dizain\u0105. Pagaminta i\u0161 kruop\u0161\u010diai atrinktos baldin\u0117s plok\u0161t\u0117s, indauja garantuoja ilgaam\u017ei\u0161kum\u0105, atsparum\u0105 dr\u0117gmei ir kasdieniam naudojimui. Unikalus \u201eTaurus\u201c \u0105\u017euolo atspalvi\u0173 ir juod\u0173 kojeli\u0173 derinys suteikia elegancijos ir \u0161iuolaiki\u0161ko charakterio, tod\u0117l lengvai pritaikoma \u012fvairiems interjero stiliams \u2013 nuo svetaini\u0173 iki paaugli\u0173 kambari\u0173. \u201eAktiv 4D3S\u201c indauja su\u017eav\u0117s tiek savo dyd\u017eiu, tiek pla\u010dia daikt\u0173 laikymo sistema, kuri\u0105 sudaro keturios durel\u0117s ir trys stal\u010diai, suteikiantys daug vietos visiems j\u016bs\u0173 reikalingiems daiktams susid\u0117ti. \u0160io modelio ypatyb\u0117s \u2013 pilno i\u0161traukimo rutuliniai guoliai ir tvirtos metalin\u0117s rankenos, u\u017etikrinan\u010dios didel\u012f naudojimo komfort\u0105. Indauja yra 180 cm plo\u010dio, 200 cm auk\u0161\u010dio ir 41 cm gylio, tod\u0117l tai yra ir \u012fsp\u016bdingas, ir prakti\u0161kas baldas. Be to, indauja turi stabilias MDF kojeles, kurios pagerina jos kokyb\u0119 ir patraukl\u0173 dizain\u0105.<\/p>","protected":false},"excerpt":{"rendered":"<p>Plotis (cm): 180<br \/>\n\u016agis (cm): 200<br \/>\nGylis (cm): 41<\/p>","protected":false},"featured_media":153601,"comment_status":"open","ping_status":"open","template":"","meta":[],"product_brand":[],"product_cat":[9397,4105,2006],"product_tag":[],"class_list":{"0":"post-153600","1":"product","2":"type-product","3":"status-publish","4":"has-post-thumbnail","6":"product_cat-furniture-system-aktiv","7":"product_cat-helvetia","8":"product_cat-vitrines","10":"first","11":"instock","12":"purchasable","13":"product-type-simple"},"_links":{"self":[{"href":"https:\/\/baldumarket.lt\/lt\/wp-json\/wp\/v2\/product\/153600","targetHints":{"allow":["GET"]}}],"collection":[{"href":"https:\/\/baldumarket.lt\/lt\/wp-json\/wp\/v2\/product"}],"about":[{"href":"https:\/\/baldumarket.lt\/lt\/wp-json\/wp\/v2\/types\/product"}],"replies":[{"embeddable":true,"href":"https:\/\/baldumarket.lt\/lt\/wp-json\/wp\/v2\/comments?post=153600"}],"wp:featuredmedia":[{"embeddable":true,"href":"https:\/\/baldumarket.lt\/lt\/wp-json\/wp\/v2\/media\/153601"}],"wp:attachment":[{"href":"https:\/\/baldumarket.lt\/lt\/wp-json\/wp\/v2\/media?parent=153600"}],"wp:term":[{"taxonomy":"product_brand","embeddable":true,"href":"https:\/\/baldumarket.lt\/lt\/wp-json\/wp\/v2\/product_brand?post=153600"},{"taxonomy":"product_cat","embeddable":true,"href":"https:\/\/baldumarket.lt\/lt\/wp-json\/wp\/v2\/product_cat?post=153600"},{"taxonomy":"product_tag","embeddable":true,"href":"https:\/\/baldumarket.lt\/lt\/wp-json\/wp\/v2\/product_tag?post=153600"}],"curies":[{"name":"wp","href":"https:\/\/api.w.org\/{rel}","templated":true}]}}