{"id":153595,"date":"2025-12-18T16:55:44","date_gmt":"2025-12-18T13:55:44","guid":{"rendered":"https:\/\/baldumarket.lt\/product\/aktiv-komoda-rtv-2d1s-dab-taurus-czarne-nogi-2\/"},"modified":"2026-02-05T09:03:55","modified_gmt":"2026-02-05T06:03:55","slug":"aktiv-komoda-rtv-2d1s-dab-taurus-czarne-nogi-2","status":"publish","type":"product","link":"https:\/\/baldumarket.lt\/lt\/product\/aktiv-komoda-rtv-2d1s-dab-taurus-czarne-nogi-2\/","title":{"rendered":"\u201eAktyv\u201c televizoriaus spintel\u0117, 2D1S, \u201eTaurus Oak\u201c \/ juodos kojos"},"content":{"rendered":"<p>Atraskite tobul\u0105 dizaino ir prakti\u0161kumo harmonij\u0105 su \u201eAktiv RTV 2D1S\u201c komoda, kuri subtilia elegancija dera prie bet kokio modernaus interjero. \u0160is stilingas televizoriaus staliukas i\u0161 \u201eHelvetia\u201c kolekcijos ne tik atrodo gra\u017eiai, bet ir puikiai tiks j\u016bs\u0173 svetain\u0117je, darbo kambaryje ar jaunimo kambaryje, suteikdamas daug vietos televizoriaus \u012frangai ir papildomai daikt\u0173 laikymui. Remiantis naujausiomis interjero dizaino tendencijomis, \u201eAktiv RTV\u201c komoda buvo sukurta siekiant suderinti moderni\u0105 estetik\u0105 su neprilygstamu funkcionalumu. Spintel\u0117, turinti dvejas dureles ir vien\u0105 pilno i\u0161traukimo stal\u010di\u0173 ant tvirt\u0173 rutulini\u0173 guoli\u0173 b\u0117geli\u0173, suteikia daug vietos j\u016bs\u0173 film\u0173 kolekcijai, \u017eaidimams ar multimedijos \u012frenginiams susitvarkyti. Papildoma ni\u0161a idealiai tinka dekoratyviniams daiktams eksponuoti arba nuotolinio valdymo pultams ir kitiems smulkiems daiktams laikyti. Esteti\u0161kos ir patvarios metalin\u0117s rankenos suteikia televizoriaus staliukui elegancijos, o juodos MDF kojel\u0117s suteikia lengvumo ir atspindi naujausias interjero dizaino tendencijas. Visas baldas pagamintas i\u0161 auk\u0161tos kokyb\u0117s laminuotos plok\u0161t\u0117s, u\u017etikrinan\u010dios ilgalaik\u012f patvarum\u0105 ir atsparum\u0105 kasdieniam naudojimui, dr\u0117gmei ir d\u0117m\u0117ms.<\/p>","protected":false},"excerpt":{"rendered":"<p>Plotis (cm): 210<br \/>\n\u016agis (cm): 50<br \/>\nGylis (cm): 41<\/p>","protected":false},"featured_media":153596,"comment_status":"open","ping_status":"open","template":"","meta":[],"product_brand":[],"product_cat":[9397,4105,1175],"product_tag":[],"class_list":{"0":"post-153595","1":"product","2":"type-product","3":"status-publish","4":"has-post-thumbnail","6":"product_cat-furniture-system-aktiv","7":"product_cat-helvetia","8":"product_cat-tv-stands","10":"first","11":"instock","12":"purchasable","13":"product-type-simple"},"_links":{"self":[{"href":"https:\/\/baldumarket.lt\/lt\/wp-json\/wp\/v2\/product\/153595","targetHints":{"allow":["GET"]}}],"collection":[{"href":"https:\/\/baldumarket.lt\/lt\/wp-json\/wp\/v2\/product"}],"about":[{"href":"https:\/\/baldumarket.lt\/lt\/wp-json\/wp\/v2\/types\/product"}],"replies":[{"embeddable":true,"href":"https:\/\/baldumarket.lt\/lt\/wp-json\/wp\/v2\/comments?post=153595"}],"wp:featuredmedia":[{"embeddable":true,"href":"https:\/\/baldumarket.lt\/lt\/wp-json\/wp\/v2\/media\/153596"}],"wp:attachment":[{"href":"https:\/\/baldumarket.lt\/lt\/wp-json\/wp\/v2\/media?parent=153595"}],"wp:term":[{"taxonomy":"product_brand","embeddable":true,"href":"https:\/\/baldumarket.lt\/lt\/wp-json\/wp\/v2\/product_brand?post=153595"},{"taxonomy":"product_cat","embeddable":true,"href":"https:\/\/baldumarket.lt\/lt\/wp-json\/wp\/v2\/product_cat?post=153595"},{"taxonomy":"product_tag","embeddable":true,"href":"https:\/\/baldumarket.lt\/lt\/wp-json\/wp\/v2\/product_tag?post=153595"}],"curies":[{"name":"wp","href":"https:\/\/api.w.org\/{rel}","templated":true}]}}