{"id":153585,"date":"2025-12-18T16:55:24","date_gmt":"2025-12-18T13:55:24","guid":{"rendered":"https:\/\/baldumarket.lt\/product\/aktiv-komoda-4d2s-dab-taurus-czarne-nogi\/"},"modified":"2026-02-05T09:04:03","modified_gmt":"2026-02-05T06:04:03","slug":"aktiv-komoda-4d2s-dab-taurus-czarne-nogi","status":"publish","type":"product","link":"https:\/\/baldumarket.lt\/lt\/product\/aktiv-komoda-4d2s-dab-taurus-czarne-nogi\/","title":{"rendered":"\u201eAktiv\u201c komoda, 4 stal\u010diai, 2 stal\u010diai, \u201eTaurus Oak\u201c \/ juodos kojos"},"content":{"rendered":"<p>Pristatome \u201eAktiv 4D2S Taurus \u0105\u017euolo \/ juod\u0173 koj\u0173 komod\u0105\u201c \u2013 bald\u0105, kuris pakeis bet kok\u012f \u0161iuolaikin\u012f interjer\u0105. \u0160i \u012fsp\u016bdinga \u201eHelvetia\u201c \u201eAktiv\u201c kolekcijos komoda yra modernaus elegancijos, rafinuoto dizaino ir patikimo funkcionalumo sinonimas, pasiruo\u0161usi tapti j\u016bs\u0173 nam\u0173 traukos centru. Kruop\u0161\u010diai suprojektuota tvirta \u201eAktiv\u201c konstrukcija u\u017etikrina, kad \u0161i komoda yra ne tik daikt\u0173 laikymo vieta, bet ir i\u0161skirtinis dizaino elementas. Dr\u0105sus \u201eTaurus \u0105\u017euolo\u201c spalvos ir kontrasting\u0173 juod\u0173 kojeli\u0173 derinys traukia ak\u012f ir suteikia j\u016bs\u0173 interjerui gaivumo. Nesvarbu, ar ie\u0161kote prakti\u0161ko sprendimo savo svetainei, miegamajam ar jaunimo kambariui, \u0161i komoda bus kaip tik tai, ko jums reikia. \u201eAktiv\u201c komoda pagaminta i\u0161 auk\u0161tos kokyb\u0117s baldin\u0117s plok\u0161t\u0117s, kuri d\u0117l savo konstrukcijos garantuoja atsparum\u0105 dr\u0117gmei ir d\u0117m\u0117ms \u2013 idealiai tinka tiems, kurie vertina patvarum\u0105 ir lengv\u0105 prie\u017ei\u016br\u0105. Prakti\u0161kumas yra pagrindinis \u0161io baldo \u017eodis: keturios durel\u0117s atveria keturias erdvias lentynas, o du stal\u010diai su pilno i\u0161traukimo rutuliniais guoliais leid\u017eia lengvai pasiekti laikomus daiktus.<\/p>","protected":false},"excerpt":{"rendered":"<p>Plotis (cm): 213<br \/>\n\u016agis (cm): 91<br \/>\nGylis (cm): 41<\/p>","protected":false},"featured_media":153586,"comment_status":"open","ping_status":"open","template":"","meta":[],"product_brand":[],"product_cat":[9397,1173,4105],"product_tag":[],"class_list":{"0":"post-153585","1":"product","2":"type-product","3":"status-publish","4":"has-post-thumbnail","6":"product_cat-furniture-system-aktiv","7":"product_cat-chests-of-drawers","8":"product_cat-helvetia","10":"first","11":"instock","12":"purchasable","13":"product-type-simple"},"_links":{"self":[{"href":"https:\/\/baldumarket.lt\/lt\/wp-json\/wp\/v2\/product\/153585","targetHints":{"allow":["GET"]}}],"collection":[{"href":"https:\/\/baldumarket.lt\/lt\/wp-json\/wp\/v2\/product"}],"about":[{"href":"https:\/\/baldumarket.lt\/lt\/wp-json\/wp\/v2\/types\/product"}],"replies":[{"embeddable":true,"href":"https:\/\/baldumarket.lt\/lt\/wp-json\/wp\/v2\/comments?post=153585"}],"wp:featuredmedia":[{"embeddable":true,"href":"https:\/\/baldumarket.lt\/lt\/wp-json\/wp\/v2\/media\/153586"}],"wp:attachment":[{"href":"https:\/\/baldumarket.lt\/lt\/wp-json\/wp\/v2\/media?parent=153585"}],"wp:term":[{"taxonomy":"product_brand","embeddable":true,"href":"https:\/\/baldumarket.lt\/lt\/wp-json\/wp\/v2\/product_brand?post=153585"},{"taxonomy":"product_cat","embeddable":true,"href":"https:\/\/baldumarket.lt\/lt\/wp-json\/wp\/v2\/product_cat?post=153585"},{"taxonomy":"product_tag","embeddable":true,"href":"https:\/\/baldumarket.lt\/lt\/wp-json\/wp\/v2\/product_tag?post=153585"}],"curies":[{"name":"wp","href":"https:\/\/api.w.org\/{rel}","templated":true}]}}