{"id":153580,"date":"2025-12-18T16:55:13","date_gmt":"2025-12-18T13:55:13","guid":{"rendered":"https:\/\/baldumarket.lt\/product\/aktiv-komoda-3d1s-dab-taurus-czarne-nogi\/"},"modified":"2026-02-05T09:04:03","modified_gmt":"2026-02-05T06:04:03","slug":"aktiv-komoda-3d1s-dab-taurus-czarne-nogi","status":"publish","type":"product","link":"https:\/\/baldumarket.lt\/lt\/product\/aktiv-komoda-3d1s-dab-taurus-czarne-nogi\/","title":{"rendered":"Aktiv komoda 3D1S Taurus\u0105\u017euolo \/ juod\u0173 koj\u0173"},"content":{"rendered":"<p>Derinkite moderni\u0105 estetik\u0105 su prakti\u0161kais daikt\u0173 laikymo sprendimais, prid\u0117dami prie savo interjero komod\u0105 \u201cAktiv 3D1S Taurus Oak \/ Black Legs\u201d. \u0160i\u0105 eleganti\u0161k\u0105 ir funkcionali\u0105 komod\u0105 suk\u016br\u0117 \u017einoma \u201cHelvetia\u201d kompanija, \u017einoma d\u0117l novatori\u0161k\u0173 bald\u0173, pasi\u017eymin\u010di\u0173 auk\u0161tu funkcionalumu ir erdvumu, k\u016brimo. \u201cAktiv\u201d komoda puikiai tiks \u012fvairiose erdv\u0117se \u2013 tiek svetain\u0117se, miegamuosiuose, tiek dinami\u0161kai suprojektuotose jaunimo patalpose. Intriguojantis \u0161iltos \u201eTaurus Oak\u201c \u0105\u017euolo spalvos ir eleganti\u0161kai apdailint\u0173 juod\u0173 kojeli\u0173 kontrastas sukuria unikali\u0105, originali\u0105 atmosfer\u0105. \u0160is dizainerio baldas pagamintas i\u0161 auk\u0161tos kokyb\u0117s laminuotos plok\u0161t\u0117s, kuri garantuoja didel\u012f atsparum\u0105 kasdieniam naudojimui, dr\u0117gmei ir d\u0117m\u0117ms. Be to, pasirenkamas LED ap\u0161vietimas dar labiau sustiprina unikal\u0173 baldo charakter\u012f. \u201eAktiv 3D1S\u201c indauja si\u016blo ne tik patraukli\u0105 i\u0161vaizd\u0105, bet ir \u012fsp\u016bdingas daikt\u0173 laikymo galimybes d\u0117l trij\u0173 erdvi\u0173 lentyn\u0173 ir patogaus stal\u010diaus su pilno i\u0161traukimo rutuliniais guoliais, u\u017etikrinan\u010diu lengv\u0105 prieig\u0105 prie laikom\u0173 daikt\u0173. Metalin\u0117s rankenos yra dar vienas elementas, rodantis auk\u0161t\u0105 meistri\u0161kumo lyg\u012f ir d\u0117mes\u012f detal\u0117ms.<\/p>","protected":false},"excerpt":{"rendered":"<p>Plotis (cm): 120<br \/>\n\u016agis (cm): 140<br \/>\nGylis (cm): 41<\/p>","protected":false},"featured_media":153581,"comment_status":"open","ping_status":"open","template":"","meta":[],"product_brand":[],"product_cat":[9397,1173,4105],"product_tag":[],"class_list":{"0":"post-153580","1":"product","2":"type-product","3":"status-publish","4":"has-post-thumbnail","6":"product_cat-furniture-system-aktiv","7":"product_cat-chests-of-drawers","8":"product_cat-helvetia","10":"first","11":"instock","12":"purchasable","13":"product-type-simple"},"_links":{"self":[{"href":"https:\/\/baldumarket.lt\/lt\/wp-json\/wp\/v2\/product\/153580","targetHints":{"allow":["GET"]}}],"collection":[{"href":"https:\/\/baldumarket.lt\/lt\/wp-json\/wp\/v2\/product"}],"about":[{"href":"https:\/\/baldumarket.lt\/lt\/wp-json\/wp\/v2\/types\/product"}],"replies":[{"embeddable":true,"href":"https:\/\/baldumarket.lt\/lt\/wp-json\/wp\/v2\/comments?post=153580"}],"wp:featuredmedia":[{"embeddable":true,"href":"https:\/\/baldumarket.lt\/lt\/wp-json\/wp\/v2\/media\/153581"}],"wp:attachment":[{"href":"https:\/\/baldumarket.lt\/lt\/wp-json\/wp\/v2\/media?parent=153580"}],"wp:term":[{"taxonomy":"product_brand","embeddable":true,"href":"https:\/\/baldumarket.lt\/lt\/wp-json\/wp\/v2\/product_brand?post=153580"},{"taxonomy":"product_cat","embeddable":true,"href":"https:\/\/baldumarket.lt\/lt\/wp-json\/wp\/v2\/product_cat?post=153580"},{"taxonomy":"product_tag","embeddable":true,"href":"https:\/\/baldumarket.lt\/lt\/wp-json\/wp\/v2\/product_tag?post=153580"}],"curies":[{"name":"wp","href":"https:\/\/api.w.org\/{rel}","templated":true}]}}