{"id":153575,"date":"2025-12-18T16:55:03","date_gmt":"2025-12-18T13:55:03","guid":{"rendered":"https:\/\/baldumarket.lt\/product\/aktiv-komoda-2d3s-dab-taurus-czarne-nogi\/"},"modified":"2026-02-05T09:04:03","modified_gmt":"2026-02-05T06:04:03","slug":"aktiv-komoda-2d3s-dab-taurus-czarne-nogi","status":"publish","type":"product","link":"https:\/\/baldumarket.lt\/lt\/product\/aktiv-komoda-2d3s-dab-taurus-czarne-nogi\/","title":{"rendered":"\u201eAktiv\u201c komoda, 2 stal\u010diai, 3 stal\u010diai, \u201eTaurus Oak\u201c \/ juodos kojos"},"content":{"rendered":"<p>Elegancijos ir funkcionalumo derinys \u2013 tai unikalaus interjero, charakteringai atitinkan\u010dio modernios gyvenamosios erdv\u0117s poreikius, receptas. Pristatome \u201eHelvetia\u201c bald\u0173 kolekcijos komod\u0105 \u201eAktiv 2D3S\u201c, kurioje derinamas estetika ir prakti\u0161kumas, kad kiekviena akimirka, praleista namuose, b\u016bt\u0173 i\u0161skirtin\u0117. Pagaminta i\u0161 auk\u0161\u010diausios kokyb\u0117s baldin\u0117s plok\u0161t\u0117s, gerai apsaugotos folija, \u201eAktiv 2D3S\u201c komoda yra ne tik patvari, bet ir atspari dr\u0117gmei bei d\u0117m\u0117ms, garantuodama ilgamet\u012f naudojim\u0105 be r\u016bpes\u010di\u0173. Be to, priekin\u0117 dalis ir korpusas, apdailinti \u201eTaurus Oak\u201c spalva, suteikia jai rafinuot\u0105 ir \u0161ilt\u0105 charakter\u012f, kuris kartu su juodomis MDF kojel\u0117mis sukuria harmoning\u0105 visum\u0105, tinkan\u010di\u0105 daugeliui interjero tip\u0173. \u0160i komoda, turinti dvi erdvias spinteles su lentynomis ir tris funkcionalius stal\u010dius, suteikia daug vietos \u012fvairiems daiktams laikyti. Pilno i\u0161traukimo rutuliniai guoliai palengvina prieig\u0105 prie stal\u010di\u0173, tod\u0117l juos galima pilnai i\u0161naudoti. Kita vertus, metalin\u0117s rankenos suteikia visam baldui modernumo ir eleganti\u0161kumo.<\/p>","protected":false},"excerpt":{"rendered":"<p>Plotis (cm): 180<br \/>\n\u016agis (cm): 91<br \/>\nGylis (cm): 41<\/p>","protected":false},"featured_media":153576,"comment_status":"open","ping_status":"open","template":"","meta":[],"product_brand":[],"product_cat":[9397,1173,4105],"product_tag":[],"class_list":{"0":"post-153575","1":"product","2":"type-product","3":"status-publish","4":"has-post-thumbnail","6":"product_cat-furniture-system-aktiv","7":"product_cat-chests-of-drawers","8":"product_cat-helvetia","10":"first","11":"instock","12":"purchasable","13":"product-type-simple"},"_links":{"self":[{"href":"https:\/\/baldumarket.lt\/lt\/wp-json\/wp\/v2\/product\/153575","targetHints":{"allow":["GET"]}}],"collection":[{"href":"https:\/\/baldumarket.lt\/lt\/wp-json\/wp\/v2\/product"}],"about":[{"href":"https:\/\/baldumarket.lt\/lt\/wp-json\/wp\/v2\/types\/product"}],"replies":[{"embeddable":true,"href":"https:\/\/baldumarket.lt\/lt\/wp-json\/wp\/v2\/comments?post=153575"}],"wp:featuredmedia":[{"embeddable":true,"href":"https:\/\/baldumarket.lt\/lt\/wp-json\/wp\/v2\/media\/153576"}],"wp:attachment":[{"href":"https:\/\/baldumarket.lt\/lt\/wp-json\/wp\/v2\/media?parent=153575"}],"wp:term":[{"taxonomy":"product_brand","embeddable":true,"href":"https:\/\/baldumarket.lt\/lt\/wp-json\/wp\/v2\/product_brand?post=153575"},{"taxonomy":"product_cat","embeddable":true,"href":"https:\/\/baldumarket.lt\/lt\/wp-json\/wp\/v2\/product_cat?post=153575"},{"taxonomy":"product_tag","embeddable":true,"href":"https:\/\/baldumarket.lt\/lt\/wp-json\/wp\/v2\/product_tag?post=153575"}],"curies":[{"name":"wp","href":"https:\/\/api.w.org\/{rel}","templated":true}]}}