{"id":153570,"date":"2025-12-18T16:54:53","date_gmt":"2025-12-18T13:54:53","guid":{"rendered":"https:\/\/baldumarket.lt\/product\/aktiv-komoda-2-drzwiowa-dab-taurus-czarne-nogi\/"},"modified":"2026-02-05T09:04:03","modified_gmt":"2026-02-05T06:04:03","slug":"aktiv-komoda-2-drzwiowa-dab-taurus-czarne-nogi","status":"publish","type":"product","link":"https:\/\/baldumarket.lt\/lt\/product\/aktiv-komoda-2-drzwiowa-dab-taurus-czarne-nogi\/","title":{"rendered":"\u201eAktiv\u201c 2 dur\u0173 \u201eTaurus\u201c \u0105\u017euolin\u0117 komoda \/ juodos kojel\u0117s"},"content":{"rendered":"<p>\u201eAktiv 2D Taurus \u0105\u017euolo \/ juod\u0173 koj\u0173\u201c komoda sujungia modern\u0173 dizain\u0105 su dideliu funkcionalumu, suteikdama bet kokiam interjerui gaivumo ir elegancijos. Pakanka vieno \u017evilgsnio \u012f \u0161i\u0105 komod\u0105, kad \u012fvertintum\u0117te unikal\u0173 \u201eTaurus \u0105\u017euolo\u201c atspalvi\u0173 ir subtili\u0173, juod\u0173 kojeli\u0173, pagamint\u0173 i\u0161 patvarios MDF plok\u0161t\u0117s, derin\u012f, suteikiant\u012f jai lengvumo ir modernumo. Pagaminta garsios \u201eHelvetia\u201c kompanijos, \u0161i \u201eAktiv\u201c serijos komoda yra vertinama klient\u0173 d\u0117l gerai apgalvoto dizaino ir patikimos kokyb\u0117s. J\u016bs\u0173 kasdieniai daiktai ras savo viet\u0105 u\u017e dviej\u0173 dureli\u0173 priekio, kur pasl\u0117ptos dvi erdvios lentynos. D\u0117l moderni\u0173 rutulini\u0173 guoli\u0173 b\u0117geli\u0173 su pilno i\u0161traukimo funkcija prieiga prie laikom\u0173 daikt\u0173 tampa ne\u012ftik\u0117tinai patogi, o metalin\u0117s rankenos u\u017etikrina patvarum\u0105 ir papildom\u0105 estetin\u012f akcent\u0105. Taip pat verta d\u0117mesio med\u017eiag\u0173, i\u0161 kuri\u0173 pagaminta komoda, kokyb\u0117. Auk\u0161tos kokyb\u0117s baldin\u0117 plok\u0161t\u0117, padengta dr\u0117gmei ir d\u0117m\u0117ms atsparia pl\u0117vele, u\u017etikrina ilg\u0105 ir be r\u016bpes\u010di\u0173 \u0161io baldo naudojim\u0105. D\u0117mesys detal\u0117ms ir tvirta gamyba u\u017etikrina, kad \u201eAktiv 2D\u201c komoda j\u016bs\u0173 namuose i\u0161liks ilgus metus.<\/p>","protected":false},"excerpt":{"rendered":"<p>Plotis (cm): 112<br \/>\n\u016agis (cm): 91<br \/>\nGylis (cm): 41<\/p>","protected":false},"featured_media":153571,"comment_status":"open","ping_status":"open","template":"","meta":[],"product_brand":[],"product_cat":[9397,1173,4105],"product_tag":[],"class_list":{"0":"post-153570","1":"product","2":"type-product","3":"status-publish","4":"has-post-thumbnail","6":"product_cat-furniture-system-aktiv","7":"product_cat-chests-of-drawers","8":"product_cat-helvetia","10":"first","11":"instock","12":"purchasable","13":"product-type-simple"},"_links":{"self":[{"href":"https:\/\/baldumarket.lt\/lt\/wp-json\/wp\/v2\/product\/153570","targetHints":{"allow":["GET"]}}],"collection":[{"href":"https:\/\/baldumarket.lt\/lt\/wp-json\/wp\/v2\/product"}],"about":[{"href":"https:\/\/baldumarket.lt\/lt\/wp-json\/wp\/v2\/types\/product"}],"replies":[{"embeddable":true,"href":"https:\/\/baldumarket.lt\/lt\/wp-json\/wp\/v2\/comments?post=153570"}],"wp:featuredmedia":[{"embeddable":true,"href":"https:\/\/baldumarket.lt\/lt\/wp-json\/wp\/v2\/media\/153571"}],"wp:attachment":[{"href":"https:\/\/baldumarket.lt\/lt\/wp-json\/wp\/v2\/media?parent=153570"}],"wp:term":[{"taxonomy":"product_brand","embeddable":true,"href":"https:\/\/baldumarket.lt\/lt\/wp-json\/wp\/v2\/product_brand?post=153570"},{"taxonomy":"product_cat","embeddable":true,"href":"https:\/\/baldumarket.lt\/lt\/wp-json\/wp\/v2\/product_cat?post=153570"},{"taxonomy":"product_tag","embeddable":true,"href":"https:\/\/baldumarket.lt\/lt\/wp-json\/wp\/v2\/product_tag?post=153570"}],"curies":[{"name":"wp","href":"https:\/\/api.w.org\/{rel}","templated":true}]}}