{"id":153567,"date":"2025-12-18T16:54:47","date_gmt":"2025-12-18T13:54:47","guid":{"rendered":"https:\/\/baldumarket.lt\/product\/agapi-kontenerek-2-szuflady-czarny-onyks\/"},"modified":"2026-04-08T17:02:41","modified_gmt":"2026-04-08T14:02:41","slug":"agapi-kontenerek-2-szuflady-czarny-onyks","status":"publish","type":"product","link":"https:\/\/baldumarket.lt\/lt\/product\/agapi-kontenerek-2-szuflady-czarny-onyks\/","title":{"rendered":"Agapi \u2013 dviej\u0173 stal\u010di\u0173 juodo onikso indas"},"content":{"rendered":"<p>Atraskite funkcionalum\u0105 ir elegancij\u0105 vienoje i\u0161 unikaliai suprojektuot\u0173 \u201eAgapi\u201c spinteli\u0173, kurios suteiks j\u016bs\u0173 interjerui prabangos. Sukurta garsaus prek\u0117s \u017eenklo \u201eHelvetia\u201c, \u0161i spintel\u0117 d\u017eiugina minimalistinio dizaino m\u0117g\u0117jus. Puikiai tinka tiems, kurie vertina unikalius sprendimus ir auk\u0161tos kokyb\u0117s apdail\u0105.<br \/>\nEsteti\u0161kai pagaminta sodrios juodos onikso spalvos \u201eAgapi\u201c spintel\u0117 yra elegancijos \u012fsik\u016bnijimas ir puikus akcentas moderniame biure, svetain\u0117je ar miegamajame. Dviguba priekin\u0117s dalies ir korpuso konstrukcija, pagaminta i\u0161 laminuotos bald\u0173 plok\u0161t\u0117s, u\u017etikrina patvarum\u0105 ir atsparum\u0105 kasdieniam naudojimui.<br \/>\nSpintel\u0117s matmenys \u2013 plotis 40 cm, auk\u0161tis 62 cm, gylis 40 cm \u2013 leid\u017eia lengvai pastatyti j\u0105 net ma\u017eesn\u0117se erdv\u0117se, tuo pa\u010diu suteikiant daug vietos svarbiems dokumentams, biuro reikmenims ar smulkiems asmeniniams daiktams laikyti.<br \/>\nDu erdv\u016bs stal\u010diai, judantys skland\u017eiai judan\u010diomis b\u0117gel\u0117mis, leid\u017eia lengvai pasiekti turin\u012f, i\u0161laikant plok\u0161\u010di\u0173 fasad\u0173 estetik\u0105. Tvirta konstrukcija ir rankenos, deran\u010dios prie korpuso spalvos, pabr\u0117\u017eia modern\u0173 baldo charakter\u012f.<\/p>\n<p>\u0160is \u201eHelvetia\u201c indas yra ne tik prakti\u0161kas priedas, bet ir dekoratyvinis elementas, suteiksiantis charakterio bet kokiai kompozicijai. Rinkit\u0117s \u201eAgapi\u201c, kad kasdien m\u0117gautum\u0117t\u0117s funkcionalumu, gro\u017eiu ir patvarumu.<\/p>","protected":false},"excerpt":{"rendered":"<p>Plotis (cm): 40<br \/>\n\u016agis (cm): 62<br \/>\nGylis (cm): 40<\/p>","protected":false},"featured_media":153568,"comment_status":"open","ping_status":"open","template":"","meta":[],"product_brand":[],"product_cat":[9412,9120,4105],"product_tag":[],"class_list":{"0":"post-153567","1":"product","2":"type-product","3":"status-publish","4":"has-post-thumbnail","6":"product_cat-furniture-system-agapi","7":"product_cat-cabinets","8":"product_cat-helvetia","10":"first","11":"instock","12":"purchasable","13":"product-type-simple"},"_links":{"self":[{"href":"https:\/\/baldumarket.lt\/lt\/wp-json\/wp\/v2\/product\/153567","targetHints":{"allow":["GET"]}}],"collection":[{"href":"https:\/\/baldumarket.lt\/lt\/wp-json\/wp\/v2\/product"}],"about":[{"href":"https:\/\/baldumarket.lt\/lt\/wp-json\/wp\/v2\/types\/product"}],"replies":[{"embeddable":true,"href":"https:\/\/baldumarket.lt\/lt\/wp-json\/wp\/v2\/comments?post=153567"}],"wp:featuredmedia":[{"embeddable":true,"href":"https:\/\/baldumarket.lt\/lt\/wp-json\/wp\/v2\/media\/153568"}],"wp:attachment":[{"href":"https:\/\/baldumarket.lt\/lt\/wp-json\/wp\/v2\/media?parent=153567"}],"wp:term":[{"taxonomy":"product_brand","embeddable":true,"href":"https:\/\/baldumarket.lt\/lt\/wp-json\/wp\/v2\/product_brand?post=153567"},{"taxonomy":"product_cat","embeddable":true,"href":"https:\/\/baldumarket.lt\/lt\/wp-json\/wp\/v2\/product_cat?post=153567"},{"taxonomy":"product_tag","embeddable":true,"href":"https:\/\/baldumarket.lt\/lt\/wp-json\/wp\/v2\/product_tag?post=153567"}],"curies":[{"name":"wp","href":"https:\/\/api.w.org\/{rel}","templated":true}]}}