{"id":153564,"date":"2025-12-18T16:54:41","date_gmt":"2025-12-18T13:54:41","guid":{"rendered":"https:\/\/baldumarket.lt\/product\/agapi-kontenerek-2-szuflady-bialy\/"},"modified":"2026-04-08T17:02:41","modified_gmt":"2026-04-08T14:02:41","slug":"agapi-kontenerek-2-szuflady-bialy","status":"publish","type":"product","link":"https:\/\/baldumarket.lt\/lt\/product\/agapi-kontenerek-2-szuflady-bialy\/","title":{"rendered":"Agapi \u2013 baltas indas su 2 stal\u010diais"},"content":{"rendered":"<p>Atraskite unikal\u0173 elegancijos ir funkcionalumo derin\u012f su \u201cAgapi\u201d pjedestalu, kuris \u012fk\u016bnija minimalizm\u0105 gryniausiu pavidalu. \u0160is dviej\u0173 stal\u010di\u0173 spintel\u0117 su ry\u0161kia balta apdaila, sukurta garsaus prek\u0117s \u017eenklo \u201eHelvetia\u201c, \u012fne\u0161 harmonijos \u012f bet kok\u012f modern\u0173 interjer\u0105.<\/p>\n<p>\u201cAgapi\u201d stovas pasi\u017eymi idealiai subalansuotais matmenimis \u2013 40 cm plo\u010dio, 62 cm auk\u0161\u010dio ir 40 cm gylio, tod\u0117l puikiai tinka tiek \u0161alia stalo, tiek kambario kampe. Subtili\u0173 dizain\u0105 papildo du stal\u010diai, leid\u017eiantys tvarkingai laikyti svarbiausius daiktus.<\/p>\n<p>Laminuotos med\u017eio dro\u017eli\u0173 plok\u0161t\u0117s konstrukcija ne tik u\u017etikrina didel\u012f atsparum\u0105 dilimui, bet ir palengvina valym\u0105. Nesenstanti balta spalva suteikia stovui universalumo, leid\u017eiant\u012f j\u012f derinti su daugybe spalv\u0173 ir tekst\u016br\u0173 i\u0161 kit\u0173 bald\u0173 bei aksesuar\u0173. Stal\u010di\u0173 funkcionalum\u0105 pagerina \u0161velnaus u\u017edarymo sistema, kuri leid\u017eia naudotis baldais itin patogiai ir be erzinan\u010di\u0173 gars\u0173.<\/p>\n<p>Dar vienas \u201cAgapi\u201d konteinerio privalumas \u2013 patvari konstrukcija, u\u017etikrinanti ilgalaik\u012f naudojim\u0105. Komponentai buvo kruop\u0161\u010diai parinkti, kad patenkint\u0173 net ir reikliausi\u0173 vartotoj\u0173 l\u016bkes\u010dius.<\/p>\n<p>\u012ekv\u0117pkite savo interjerui modernaus dizaino ir prakti\u0161kumo su \u201cAgapi\u201d konteineriu ir m\u0117gaukit\u0117s erdve, kuri \u017eavi savo paprastumu ir kartu atitinka visus j\u016bs\u0173 funkcinius poreikius.<\/p>","protected":false},"excerpt":{"rendered":"<p>Plotis (cm): 40<br \/>\n\u016agis (cm): 62<br \/>\nGylis (cm): 40<\/p>","protected":false},"featured_media":153565,"comment_status":"open","ping_status":"open","template":"","meta":[],"product_brand":[],"product_cat":[9412,9120,4105],"product_tag":[],"class_list":{"0":"post-153564","1":"product","2":"type-product","3":"status-publish","4":"has-post-thumbnail","6":"product_cat-furniture-system-agapi","7":"product_cat-cabinets","8":"product_cat-helvetia","10":"first","11":"instock","12":"purchasable","13":"product-type-simple"},"_links":{"self":[{"href":"https:\/\/baldumarket.lt\/lt\/wp-json\/wp\/v2\/product\/153564","targetHints":{"allow":["GET"]}}],"collection":[{"href":"https:\/\/baldumarket.lt\/lt\/wp-json\/wp\/v2\/product"}],"about":[{"href":"https:\/\/baldumarket.lt\/lt\/wp-json\/wp\/v2\/types\/product"}],"replies":[{"embeddable":true,"href":"https:\/\/baldumarket.lt\/lt\/wp-json\/wp\/v2\/comments?post=153564"}],"wp:featuredmedia":[{"embeddable":true,"href":"https:\/\/baldumarket.lt\/lt\/wp-json\/wp\/v2\/media\/153565"}],"wp:attachment":[{"href":"https:\/\/baldumarket.lt\/lt\/wp-json\/wp\/v2\/media?parent=153564"}],"wp:term":[{"taxonomy":"product_brand","embeddable":true,"href":"https:\/\/baldumarket.lt\/lt\/wp-json\/wp\/v2\/product_brand?post=153564"},{"taxonomy":"product_cat","embeddable":true,"href":"https:\/\/baldumarket.lt\/lt\/wp-json\/wp\/v2\/product_cat?post=153564"},{"taxonomy":"product_tag","embeddable":true,"href":"https:\/\/baldumarket.lt\/lt\/wp-json\/wp\/v2\/product_tag?post=153564"}],"curies":[{"name":"wp","href":"https:\/\/api.w.org\/{rel}","templated":true}]}}