{"id":153558,"date":"2025-12-18T16:54:30","date_gmt":"2025-12-18T13:54:30","guid":{"rendered":"https:\/\/baldumarket.lt\/product\/agapi-biurko-z-kontenerkiem-0003-dab-grand-naturalny-czarny-onyks\/"},"modified":"2026-04-08T17:02:41","modified_gmt":"2026-04-08T14:02:41","slug":"agapi-biurko-z-kontenerkiem-0003-dab-grand-naturalny-czarny-onyks","status":"publish","type":"product","link":"https:\/\/baldumarket.lt\/lt\/product\/agapi-biurko-z-kontenerkiem-0003-dab-grand-naturalny-czarny-onyks\/","title":{"rendered":"Agapi \u2013 Ra\u0161omasis stalas su d\u0117\u017ee 00+03 Nat\u016bralus didingas \u0105\u017euolas \/ juodas oniksas"},"content":{"rendered":"<p>Pristatome stiling\u0105 ir funkcional\u0173 \u201eAgapi\u201c serijos stal\u0105 i\u0161 garsaus \u201eHelvetia\u201c prek\u0117s \u017eenklo, derinant\u012f elegancij\u0105 ir modernum\u0105, puikiai papildant\u012f \u012fvairius interjero dizainus. 00+03 ra\u0161omasis stalas su pjedestalu i\u0161 nat\u016bralaus did\u017eiojo \u0105\u017euolo \/ juodojo onikso spalvos yra puikus pasirinkimas tiems, kurie vertina kokybi\u0161k\u0105 meistri\u0161kum\u0105 ir i\u0161skirtin\u012f dizain\u0105. Kruop\u0161\u010diai atkreipus d\u0117mes\u012f \u012f detales, \u201eAgapi\u201c stalas yra 130 cm plo\u010dio, 75 cm auk\u0161\u010dio ir 50 cm gylio, suteikdamas patogi\u0105 erdv\u0119 darbui ir mokymuisi. Stabili konstrukcija pagaminta i\u0161 auk\u0161tos kokyb\u0117s laminuotos plok\u0161t\u0117s, u\u017etikrinan\u010dios patvarum\u0105 ir atsparum\u0105 kasdieniam naudojimui, taip pat lengv\u0105 valym\u0105. Nat\u016bralaus did\u017eiojo \u0105\u017euolo ir eleganti\u0161ko juodojo onikso derinys ne tik suteikia stalui i\u0161skirtin\u0119 i\u0161vaizd\u0105, bet ir leid\u017eia j\u012f lengvai pritaikyti prie daugumos interjer\u0173 \u2013 nuo klasikinio iki modernaus. Nat\u016brali med\u017eio spalva ir sodri juoda sukuria kontrast\u0105, kuris traukia ak\u012f ir suteikia kambariui klas\u0117s prisilietim\u0105.<\/p>","protected":false},"excerpt":{"rendered":"<p>Plotis (cm): 130<br \/>\n\u016agis (cm): 75<br \/>\nGylis (cm): 50<\/p>","protected":false},"featured_media":153559,"comment_status":"open","ping_status":"open","template":"","meta":[],"product_brand":[],"product_cat":[9412,1312,4105],"product_tag":[],"class_list":{"0":"post-153558","1":"product","2":"type-product","3":"status-publish","4":"has-post-thumbnail","6":"product_cat-furniture-system-agapi","7":"product_cat-desks","8":"product_cat-helvetia","10":"first","11":"instock","12":"purchasable","13":"product-type-simple"},"_links":{"self":[{"href":"https:\/\/baldumarket.lt\/lt\/wp-json\/wp\/v2\/product\/153558","targetHints":{"allow":["GET"]}}],"collection":[{"href":"https:\/\/baldumarket.lt\/lt\/wp-json\/wp\/v2\/product"}],"about":[{"href":"https:\/\/baldumarket.lt\/lt\/wp-json\/wp\/v2\/types\/product"}],"replies":[{"embeddable":true,"href":"https:\/\/baldumarket.lt\/lt\/wp-json\/wp\/v2\/comments?post=153558"}],"wp:featuredmedia":[{"embeddable":true,"href":"https:\/\/baldumarket.lt\/lt\/wp-json\/wp\/v2\/media\/153559"}],"wp:attachment":[{"href":"https:\/\/baldumarket.lt\/lt\/wp-json\/wp\/v2\/media?parent=153558"}],"wp:term":[{"taxonomy":"product_brand","embeddable":true,"href":"https:\/\/baldumarket.lt\/lt\/wp-json\/wp\/v2\/product_brand?post=153558"},{"taxonomy":"product_cat","embeddable":true,"href":"https:\/\/baldumarket.lt\/lt\/wp-json\/wp\/v2\/product_cat?post=153558"},{"taxonomy":"product_tag","embeddable":true,"href":"https:\/\/baldumarket.lt\/lt\/wp-json\/wp\/v2\/product_tag?post=153558"}],"curies":[{"name":"wp","href":"https:\/\/api.w.org\/{rel}","templated":true}]}}