{"id":153552,"date":"2025-12-18T16:54:18","date_gmt":"2025-12-18T13:54:18","guid":{"rendered":"https:\/\/baldumarket.lt\/product\/agapi-biurko-z-kontenerkiem-0003-bialy\/"},"modified":"2026-04-08T17:02:41","modified_gmt":"2026-04-08T14:02:41","slug":"agapi-biurko-z-kontenerkiem-0003-bialy","status":"publish","type":"product","link":"https:\/\/baldumarket.lt\/lt\/product\/agapi-biurko-z-kontenerkiem-0003-bialy\/","title":{"rendered":"Agapi \u2013 ra\u0161omasis stalas su d\u0117\u017ee 00+03 baltas"},"content":{"rendered":"<p>Pristatome eleganti\u0161k\u0105 ir funkcional\u0173 \u201cHelvetia\u201d stal\u0105 su konteineriu \u201eAgapi \u2013 Desk with Container 00+03 White\u201c, kuris puikiai papildys bet kur\u012f modern\u0173 biur\u0105 ar jaunimo kambar\u012f. Paprastas, minimalistinis dizainas leid\u017eia stalui puikiai der\u0117ti prie \u012fvairi\u0173 interjero dizain\u0173. Konstrukcija:<br \/>\nBaldo korpusas ir priekin\u0117 dalis pagaminti i\u0161 laminuotos bald\u0173 plok\u0161t\u0117s, u\u017etikrinan\u010dios vienod\u0105 i\u0161vaizd\u0105 ir tvirt\u0105 konstrukcij\u0105. Gerai apgalvotas stalo su konteineriu i\u0161d\u0117stymas leid\u017eia prakti\u0161kai i\u0161naudoti darbo viet\u0105.<\/p>","protected":false},"excerpt":{"rendered":"<p>Plotis (cm): 130<br \/>\n\u016agis (cm): 75<br \/>\nGylis (cm): 50<\/p>","protected":false},"featured_media":153553,"comment_status":"open","ping_status":"open","template":"","meta":[],"product_brand":[],"product_cat":[9412,1312,4105],"product_tag":[],"class_list":{"0":"post-153552","1":"product","2":"type-product","3":"status-publish","4":"has-post-thumbnail","6":"product_cat-furniture-system-agapi","7":"product_cat-desks","8":"product_cat-helvetia","10":"first","11":"instock","12":"purchasable","13":"product-type-simple"},"_links":{"self":[{"href":"https:\/\/baldumarket.lt\/lt\/wp-json\/wp\/v2\/product\/153552","targetHints":{"allow":["GET"]}}],"collection":[{"href":"https:\/\/baldumarket.lt\/lt\/wp-json\/wp\/v2\/product"}],"about":[{"href":"https:\/\/baldumarket.lt\/lt\/wp-json\/wp\/v2\/types\/product"}],"replies":[{"embeddable":true,"href":"https:\/\/baldumarket.lt\/lt\/wp-json\/wp\/v2\/comments?post=153552"}],"wp:featuredmedia":[{"embeddable":true,"href":"https:\/\/baldumarket.lt\/lt\/wp-json\/wp\/v2\/media\/153553"}],"wp:attachment":[{"href":"https:\/\/baldumarket.lt\/lt\/wp-json\/wp\/v2\/media?parent=153552"}],"wp:term":[{"taxonomy":"product_brand","embeddable":true,"href":"https:\/\/baldumarket.lt\/lt\/wp-json\/wp\/v2\/product_brand?post=153552"},{"taxonomy":"product_cat","embeddable":true,"href":"https:\/\/baldumarket.lt\/lt\/wp-json\/wp\/v2\/product_cat?post=153552"},{"taxonomy":"product_tag","embeddable":true,"href":"https:\/\/baldumarket.lt\/lt\/wp-json\/wp\/v2\/product_tag?post=153552"}],"curies":[{"name":"wp","href":"https:\/\/api.w.org\/{rel}","templated":true}]}}