{"id":153549,"date":"2025-12-18T16:54:12","date_gmt":"2025-12-18T13:54:12","guid":{"rendered":"https:\/\/baldumarket.lt\/product\/agapi-biurko-dab-grand-naturalny\/"},"modified":"2026-04-08T17:02:41","modified_gmt":"2026-04-08T14:02:41","slug":"agapi-biurko-dab-grand-naturalny","status":"publish","type":"product","link":"https:\/\/baldumarket.lt\/lt\/product\/agapi-biurko-dab-grand-naturalny\/","title":{"rendered":"Agapi \u2013 didingas nat\u016bralaus \u0105\u017euolo ra\u0161omasis stalas"},"content":{"rendered":"<p>\u201eHelvetia\u201c \u201eAgapi\u201c stalas \u2013 j\u016bs\u0173 naujas kasdienio darbo partneris<br \/>\nRenkantis stal\u0105 nam\u0173 biurui ar darbo vietai, verta teikti pirmenyb\u0119 funkcionalumui, patvarumui ir estetikai. Garsaus \u201eHelvetia\u201c prek\u0117s \u017eenklo \u201eAgapi\u201c stalas atitinka visus \u0161iuos kriterijus, suteikdamas papildomo \u017eavesio ir \u0161ilumos, kuri\u0105 suteikia \u0105\u017euolo apdaila.<\/p>\n<p>\u201eAgapi\u201c ra\u0161omasis stalas yra daugiau nei tiesiog darbo vieta \u2013 tai dekoratyvinis elementas, kuris suteiks harmonijos j\u016bs\u0173 erdvei. Kurdama \u0161\u012f stal\u0105, \u201eHelvetia\u201c pasirinko minimalistin\u012f dizain\u0105, kuris i\u0161ry\u0161kina nat\u016bral\u0173 \u0105\u017euolo gro\u017e\u012f ir suteikia kambariui ramyb\u0117s bei susikaupimo atmosfer\u0105. Paprastos, ta\u010diau rafinuotos fasad\u0173 ir stalvir\u0161i\u0173 linijos sukuria vizualin\u012f lengvum\u0105 ir kartu u\u017etikrina funkcionalum\u0105, kurio tikit\u0117s i\u0161 savo kasdien\u0117s darbo ar studij\u0173 erdv\u0117s.<\/p>\n<p>Patvari laminuota lenta garantuoja, kad j\u016bs\u0173 stalas daugel\u012f met\u0173 atrodys kaip naujas. Lengvai valoma ir atspari dilimui apdaila rei\u0161kia, kad galite u\u017etikrintai imtis k\u016brybini\u0173 projekt\u0173 ar intensyvaus darbo, nesijaudindami d\u0117l pavir\u0161iaus pa\u017eeidimo. Platus stalvir\u0161is suteikia vietos ne tik kompiuteriui ar ne\u0161iojamam kompiuteriui, bet ir visiems reikalingiems priedams bei dokumentams, i\u0161laikant tvark\u0105 ir estetik\u0105.<\/p>\n<p>\u201eAgapi\u201c ra\u0161omasis stalas \u2013 apgalvotas pasirinkimas tiems, kurie vertina kokyb\u0119, ilgaam\u017ei\u0161kum\u0105 ir nat\u016bralios medienos gro\u017e\u012f. Suteikite savo interjerui stiliaus ir funkcionalumo.<\/p>","protected":false},"excerpt":{"rendered":"<p>Plotis (cm): 130<br \/>\n\u016agis (cm): 75<br \/>\nGylis (cm): 50<\/p>","protected":false},"featured_media":153550,"comment_status":"open","ping_status":"open","template":"","meta":[],"product_brand":[],"product_cat":[9412,1312,4105],"product_tag":[],"class_list":{"0":"post-153549","1":"product","2":"type-product","3":"status-publish","4":"has-post-thumbnail","6":"product_cat-furniture-system-agapi","7":"product_cat-desks","8":"product_cat-helvetia","10":"first","11":"instock","12":"purchasable","13":"product-type-simple"},"_links":{"self":[{"href":"https:\/\/baldumarket.lt\/lt\/wp-json\/wp\/v2\/product\/153549","targetHints":{"allow":["GET"]}}],"collection":[{"href":"https:\/\/baldumarket.lt\/lt\/wp-json\/wp\/v2\/product"}],"about":[{"href":"https:\/\/baldumarket.lt\/lt\/wp-json\/wp\/v2\/types\/product"}],"replies":[{"embeddable":true,"href":"https:\/\/baldumarket.lt\/lt\/wp-json\/wp\/v2\/comments?post=153549"}],"wp:featuredmedia":[{"embeddable":true,"href":"https:\/\/baldumarket.lt\/lt\/wp-json\/wp\/v2\/media\/153550"}],"wp:attachment":[{"href":"https:\/\/baldumarket.lt\/lt\/wp-json\/wp\/v2\/media?parent=153549"}],"wp:term":[{"taxonomy":"product_brand","embeddable":true,"href":"https:\/\/baldumarket.lt\/lt\/wp-json\/wp\/v2\/product_brand?post=153549"},{"taxonomy":"product_cat","embeddable":true,"href":"https:\/\/baldumarket.lt\/lt\/wp-json\/wp\/v2\/product_cat?post=153549"},{"taxonomy":"product_tag","embeddable":true,"href":"https:\/\/baldumarket.lt\/lt\/wp-json\/wp\/v2\/product_tag?post=153549"}],"curies":[{"name":"wp","href":"https:\/\/api.w.org\/{rel}","templated":true}]}}