{"id":153546,"date":"2025-12-18T16:54:07","date_gmt":"2025-12-18T13:54:07","guid":{"rendered":"https:\/\/baldumarket.lt\/product\/agapi-biurko-bialy\/"},"modified":"2026-04-08T17:02:41","modified_gmt":"2026-04-08T14:02:41","slug":"agapi-biurko-bialy","status":"publish","type":"product","link":"https:\/\/baldumarket.lt\/lt\/product\/agapi-biurko-bialy\/","title":{"rendered":"Agapi \u2013 baltas stalas"},"content":{"rendered":"<p>Agapi \u2013 eleganti\u0161kas baltas ra\u0161omasis stalas i\u0161 Helvetia<br \/>\nFunkcionalumo ir modernaus dizaino derinys paver\u010dia \u201eHelvetia\u201c \u201eAgapi\u201c ra\u0161om\u0105j\u012f stal\u0105 puikiu pasirinkimu bet kokiam interjerui. Nesenstan\u010dios spalvos ir paprasta forma papildys \u012fvairiausi\u0173 stili\u0173 interjerus \u2013 nuo minimalistinio iki skandinavi\u0161ko ir tradicinio.<br \/>\nStalas pagamintas i\u0161 auk\u0161tos kokyb\u0117s laminuotos plok\u0161t\u0117s, kuri yra atspari \u012fbr\u0117\u017eimams ir lengvai valoma, u\u017etikrinant ilgalaik\u012f ir be r\u016bpes\u010di\u0173 naudojim\u0105. 130 cm plotis ir 50 cm gylis suteikia pakankamai erdv\u0117s darbui ar mokymuisi, o 75 cm auk\u0161tis puikiai tinka standartin\u0117ms biuro k\u0117d\u0117ms.<br \/>\nEsteti\u0161k\u0105 balt\u0105 \u201eAgapi\u201c stalo spalv\u0105 papildo matinis pavir\u0161ius, suteikiantis jam i\u0161skirtinai eleganti\u0161k\u0105 i\u0161vaizd\u0105 ir lengvumo erdvei. Visas baldas stovi ant stabilios konstrukcijos ir yra sukurtas tarnauti ilgus metus. Dizainerio akcent\u0105 suteikia subtili koj\u0173 apdaila ir plonas siluetas, kuris neu\u017ego\u0161 interjero. \u201eHelvetia\u201c \u201eAgapi\u201c stalas yra ne tik prakti\u0161kas, bet ir dekoratyvus nam\u0173 biuro ar jaunimo kambario papildymas. D\u0117l savo universalumo jis puikiai tinka nuotoliniam darbui arba kaip k\u016brybinis kampelis pie\u0161imo ar ra\u0161ymo entuziastams. Tai puiki investicija \u012f j\u016bs\u0173 darbo vietos komfort\u0105 ir estetik\u0105.<\/p>\n<p>Priekin\u0117 dalis ir korpusas, pagaminti i\u0161 laminuotos bald\u0173 plok\u0161t\u0117s, garantuoja didel\u012f patvarum\u0105 ir lengv\u0105 kasdien\u0119 prie\u017ei\u016br\u0105.<\/p>\n<p>Pasirinkdami \u201eAgapi\u201c stal\u0105, renkat\u0117s modernum\u0105, elegancij\u0105 ir prakti\u0161kum\u0105, kurie kiekvien\u0105 biuro ar k\u016brybin\u0119 u\u017eduot\u012f pavers tikru malonumu.<\/p>","protected":false},"excerpt":{"rendered":"<p>Plotis (cm): 130<br \/>\n\u016agis (cm): 75<br \/>\nGylis (cm): 50<\/p>","protected":false},"featured_media":153547,"comment_status":"open","ping_status":"open","template":"","meta":[],"product_brand":[],"product_cat":[9412,1312,4105],"product_tag":[],"class_list":{"0":"post-153546","1":"product","2":"type-product","3":"status-publish","4":"has-post-thumbnail","6":"product_cat-furniture-system-agapi","7":"product_cat-desks","8":"product_cat-helvetia","10":"first","11":"instock","12":"purchasable","13":"product-type-simple"},"_links":{"self":[{"href":"https:\/\/baldumarket.lt\/lt\/wp-json\/wp\/v2\/product\/153546","targetHints":{"allow":["GET"]}}],"collection":[{"href":"https:\/\/baldumarket.lt\/lt\/wp-json\/wp\/v2\/product"}],"about":[{"href":"https:\/\/baldumarket.lt\/lt\/wp-json\/wp\/v2\/types\/product"}],"replies":[{"embeddable":true,"href":"https:\/\/baldumarket.lt\/lt\/wp-json\/wp\/v2\/comments?post=153546"}],"wp:featuredmedia":[{"embeddable":true,"href":"https:\/\/baldumarket.lt\/lt\/wp-json\/wp\/v2\/media\/153547"}],"wp:attachment":[{"href":"https:\/\/baldumarket.lt\/lt\/wp-json\/wp\/v2\/media?parent=153546"}],"wp:term":[{"taxonomy":"product_brand","embeddable":true,"href":"https:\/\/baldumarket.lt\/lt\/wp-json\/wp\/v2\/product_brand?post=153546"},{"taxonomy":"product_cat","embeddable":true,"href":"https:\/\/baldumarket.lt\/lt\/wp-json\/wp\/v2\/product_cat?post=153546"},{"taxonomy":"product_tag","embeddable":true,"href":"https:\/\/baldumarket.lt\/lt\/wp-json\/wp\/v2\/product_tag?post=153546"}],"curies":[{"name":"wp","href":"https:\/\/api.w.org\/{rel}","templated":true}]}}