{"id":153486,"date":"2025-12-18T06:14:48","date_gmt":"2025-12-18T03:14:48","guid":{"rendered":"https:\/\/baldumarket.lt\/?post_type=product&#038;p=153486"},"modified":"2026-02-03T23:33:35","modified_gmt":"2026-02-03T20:33:35","slug":"zestaw-dwoch-stolikow-kawowych-gino-gr1","status":"publish","type":"product","link":"https:\/\/baldumarket.lt\/lt\/product\/zestaw-dwoch-stolikow-kawowych-gino-gr1\/","title":{"rendered":"Dviej\u0173 Gino Gr1 kavos staliuk\u0173 komplektas"},"content":{"rendered":"<h5><span style=\"color: #54859b\">Apsilankykite m\u016bs\u0173 virtualioje WERSAL prek\u0117s \u017eenklo parduotuv\u0117je<\/span><\/h5>\n<p> <a href=\"https:\/\/my.matterport.com\/show\/?m=SjRhosZFbQJ\" target=\"_blank\" rel=\"noopener\"><span style=\"color: #e47025\">https:\/\/my.matterport.com\/<\/span><\/a><\/p>\n<p>Dviej\u0173 industrinio stiliaus \u201eGino\u201c stal\u0173 komplektas. Apatin\u0117s versijos matmenys \u2013 66x66x40 cm, o auk\u0161tesn\u0117s \u2013 76x76x47 cm. Abi versijos turi tvirt\u0105, juodai milteliniu b\u016bdu da\u017eyt\u0105 metalin\u012f pagrind\u0105. Rinkit\u0117s i\u0161 25 cm storio alyvuoto \u0105\u017euolo stalvir\u0161io ir lentyn\u0173 arba laminuotos lentos i\u0161 Aristan \u0105\u017euolo, betono, tamsaus arba \u0161viesaus marmuro arba 18 mm storio tamsaus grafito spalvos.<\/p>","protected":false},"excerpt":{"rendered":"<p>Plotis: 66 cm<br \/>\nGylis: 66 cm<br \/>\nAuk\u0161tis: 40 cm<\/p>","protected":false},"featured_media":153534,"comment_status":"open","ping_status":"closed","template":"","meta":[],"product_brand":[],"product_cat":[866,4104],"product_tag":[],"class_list":{"0":"post-153486","1":"product","2":"type-product","3":"status-publish","4":"has-post-thumbnail","6":"product_cat-coffee-tables","7":"product_cat-wersal","9":"first","10":"instock","11":"shipping-taxable","12":"purchasable","13":"product-type-variable","14":"wvs-archive-product-wrapper"},"_links":{"self":[{"href":"https:\/\/baldumarket.lt\/lt\/wp-json\/wp\/v2\/product\/153486","targetHints":{"allow":["GET"]}}],"collection":[{"href":"https:\/\/baldumarket.lt\/lt\/wp-json\/wp\/v2\/product"}],"about":[{"href":"https:\/\/baldumarket.lt\/lt\/wp-json\/wp\/v2\/types\/product"}],"replies":[{"embeddable":true,"href":"https:\/\/baldumarket.lt\/lt\/wp-json\/wp\/v2\/comments?post=153486"}],"wp:featuredmedia":[{"embeddable":true,"href":"https:\/\/baldumarket.lt\/lt\/wp-json\/wp\/v2\/media\/153534"}],"wp:attachment":[{"href":"https:\/\/baldumarket.lt\/lt\/wp-json\/wp\/v2\/media?parent=153486"}],"wp:term":[{"taxonomy":"product_brand","embeddable":true,"href":"https:\/\/baldumarket.lt\/lt\/wp-json\/wp\/v2\/product_brand?post=153486"},{"taxonomy":"product_cat","embeddable":true,"href":"https:\/\/baldumarket.lt\/lt\/wp-json\/wp\/v2\/product_cat?post=153486"},{"taxonomy":"product_tag","embeddable":true,"href":"https:\/\/baldumarket.lt\/lt\/wp-json\/wp\/v2\/product_tag?post=153486"}],"curies":[{"name":"wp","href":"https:\/\/api.w.org\/{rel}","templated":true}]}}