{"id":153470,"date":"2025-12-18T06:14:22","date_gmt":"2025-12-18T03:14:22","guid":{"rendered":"https:\/\/baldumarket.lt\/?post_type=product&#038;p=153470"},"modified":"2026-02-03T23:33:35","modified_gmt":"2026-02-03T20:33:35","slug":"tapicerowany-obrotowy-fotel-sensi-z-funkcja-bujania-gr1","status":"publish","type":"product","link":"https:\/\/baldumarket.lt\/lt\/product\/tapicerowany-obrotowy-fotel-sensi-z-funkcja-bujania-gr1\/","title":{"rendered":"Sensi mink\u0161tas pasukamas fotelis su supam\u0105ja funkcija Gr1"},"content":{"rendered":"<h5><span style=\"color: #54859b\">Apsilankykite m\u016bs\u0173 virtualioje WERSAL prek\u0117s \u017eenklo parduotuv\u0117je<\/span><\/h5>\n<p> <a href=\"https:\/\/my.matterport.com\/show\/?m=SjRhosZFbQJ\" target=\"_blank\" rel=\"noopener\"><span style=\"color: #e47025\">https:\/\/my.matterport.com\/<\/span><\/a><\/p>\n<p>\u201eSensi\u201c fotelis i\u0161 \u201eRelax\u201c kolekcijos yra 103 x 119 x 84 cm dyd\u017eio. Jis turi besisukan\u010di\u0105 s\u0117dyn\u0119 ir supimo funkcij\u0105, pritvirtint\u0105 prie auk\u0161tos, juodos metalin\u0117s kojos. \u201eSensi\u201c buvo sukurtas galvojant apie tuos, kurie m\u0117gsta atsipalaiduoti. Platus, bet auk\u0161tas atlo\u0161as sukuria jaukumo poj\u016bt\u012f poilsio metu. Geometrin\u0117s si\u016bl\u0117s pary\u0161kina vis\u0105 fotel\u012f. \u0160is modelis yra \u012fvairi\u0173 spalv\u0173. S\u0117dyn\u0117 u\u017epildyta N30 poliuretano putomis. Atlo\u0161as u\u017epildytas T21 poliuretano putomis. Rekomenduojame puf\u0105, kad vaizdas b\u016bt\u0173 u\u017ebaigtas.<\/p>","protected":false},"excerpt":{"rendered":"<p>Svoris: 20 kg<br \/>\nPlotis: 103 cm<br \/>\nGylis: 84 cm<br \/>\n\u016agis: 119 cm<br \/>\nU\u017epildas: poliuretano putos<br \/>\nApmu\u0161alai: apmu\u0161ti<\/p>","protected":false},"featured_media":153526,"comment_status":"open","ping_status":"closed","template":"","meta":[],"product_brand":[],"product_cat":[9395,634,4104],"product_tag":[],"class_list":{"0":"post-153470","1":"product","2":"type-product","3":"status-publish","4":"has-post-thumbnail","6":"product_cat-upholstered-furniture-accessories-wersal","7":"product_cat-armchairs","8":"product_cat-wersal","10":"first","11":"instock","12":"shipping-taxable","13":"purchasable","14":"product-type-variable","15":"wvs-archive-product-wrapper"},"_links":{"self":[{"href":"https:\/\/baldumarket.lt\/lt\/wp-json\/wp\/v2\/product\/153470","targetHints":{"allow":["GET"]}}],"collection":[{"href":"https:\/\/baldumarket.lt\/lt\/wp-json\/wp\/v2\/product"}],"about":[{"href":"https:\/\/baldumarket.lt\/lt\/wp-json\/wp\/v2\/types\/product"}],"replies":[{"embeddable":true,"href":"https:\/\/baldumarket.lt\/lt\/wp-json\/wp\/v2\/comments?post=153470"}],"wp:featuredmedia":[{"embeddable":true,"href":"https:\/\/baldumarket.lt\/lt\/wp-json\/wp\/v2\/media\/153526"}],"wp:attachment":[{"href":"https:\/\/baldumarket.lt\/lt\/wp-json\/wp\/v2\/media?parent=153470"}],"wp:term":[{"taxonomy":"product_brand","embeddable":true,"href":"https:\/\/baldumarket.lt\/lt\/wp-json\/wp\/v2\/product_brand?post=153470"},{"taxonomy":"product_cat","embeddable":true,"href":"https:\/\/baldumarket.lt\/lt\/wp-json\/wp\/v2\/product_cat?post=153470"},{"taxonomy":"product_tag","embeddable":true,"href":"https:\/\/baldumarket.lt\/lt\/wp-json\/wp\/v2\/product_tag?post=153470"}],"curies":[{"name":"wp","href":"https:\/\/api.w.org\/{rel}","templated":true}]}}