{"id":153454,"date":"2025-12-18T06:13:55","date_gmt":"2025-12-18T03:13:55","guid":{"rendered":"https:\/\/baldumarket.lt\/?post_type=product&#038;p=153454"},"modified":"2026-02-03T23:33:35","modified_gmt":"2026-02-03T20:33:35","slug":"tapicerowany-fotel-polo-z-funkcja-obracania-gr1","status":"publish","type":"product","link":"https:\/\/baldumarket.lt\/lt\/product\/tapicerowany-fotel-polo-z-funkcja-obracania-gr1\/","title":{"rendered":"Apmu\u0161tas Polo fotelis su pasukimo funkcija Gr1"},"content":{"rendered":"<h5><span style=\"color: #54859b\">Apsilankykite m\u016bs\u0173 virtualioje WERSAL prek\u0117s \u017eenklo parduotuv\u0117je<\/span><\/h5>\n<p> <a href=\"https:\/\/my.matterport.com\/show\/?m=SjRhosZFbQJ\" target=\"_blank\" rel=\"noopener\"><span style=\"color: #e47025\">https:\/\/my.matterport.com\/<\/span><\/a><\/p>\n<p>\u201ePolo\u201c fotelis, kurio matmenys 74x104x82 cm, turi pasukam\u0105 s\u0117dyn\u0119. \u0160is \u201eElegance\u201c kolekcijos modelis idealiai tinka svetainei, miegamajam ar net biurui. Apmu\u0161ta s\u0117dyn\u0117 su auk\u0161tu atlo\u0161u suteikia tinkam\u0105 nugaros atram\u0105. S\u0117dyn\u0117 u\u017epildyta N30 poliuretano putomis. Atlo\u0161as u\u017epildytas T21 poliuretano putomis. Auk\u0161ta, juoda metalin\u0117 koja u\u017ebaigia dizain\u0105. Atlo\u0161as apmu\u0161tas.<\/p>","protected":false},"excerpt":{"rendered":"<p>Svoris: 20 kg<br \/>\nPlotis: 74 cm<br \/>\nGylis: 82 cm<br \/>\n\u016agis: 104 cm<br \/>\nU\u017epildas: poliuretano putos<br \/>\nApmu\u0161alai: apmu\u0161ti<\/p>","protected":false},"featured_media":153519,"comment_status":"open","ping_status":"closed","template":"","meta":[],"product_brand":[],"product_cat":[9395,634,4104],"product_tag":[],"class_list":{"0":"post-153454","1":"product","2":"type-product","3":"status-publish","4":"has-post-thumbnail","6":"product_cat-upholstered-furniture-accessories-wersal","7":"product_cat-armchairs","8":"product_cat-wersal","10":"first","11":"instock","12":"shipping-taxable","13":"purchasable","14":"product-type-variable","15":"wvs-archive-product-wrapper"},"_links":{"self":[{"href":"https:\/\/baldumarket.lt\/lt\/wp-json\/wp\/v2\/product\/153454","targetHints":{"allow":["GET"]}}],"collection":[{"href":"https:\/\/baldumarket.lt\/lt\/wp-json\/wp\/v2\/product"}],"about":[{"href":"https:\/\/baldumarket.lt\/lt\/wp-json\/wp\/v2\/types\/product"}],"replies":[{"embeddable":true,"href":"https:\/\/baldumarket.lt\/lt\/wp-json\/wp\/v2\/comments?post=153454"}],"wp:featuredmedia":[{"embeddable":true,"href":"https:\/\/baldumarket.lt\/lt\/wp-json\/wp\/v2\/media\/153519"}],"wp:attachment":[{"href":"https:\/\/baldumarket.lt\/lt\/wp-json\/wp\/v2\/media?parent=153454"}],"wp:term":[{"taxonomy":"product_brand","embeddable":true,"href":"https:\/\/baldumarket.lt\/lt\/wp-json\/wp\/v2\/product_brand?post=153454"},{"taxonomy":"product_cat","embeddable":true,"href":"https:\/\/baldumarket.lt\/lt\/wp-json\/wp\/v2\/product_cat?post=153454"},{"taxonomy":"product_tag","embeddable":true,"href":"https:\/\/baldumarket.lt\/lt\/wp-json\/wp\/v2\/product_tag?post=153454"}],"curies":[{"name":"wp","href":"https:\/\/api.w.org\/{rel}","templated":true}]}}