{"id":153452,"date":"2025-12-18T06:13:53","date_gmt":"2025-12-18T03:13:53","guid":{"rendered":"https:\/\/baldumarket.lt\/?post_type=product&#038;p=153452"},"modified":"2026-02-04T10:46:14","modified_gmt":"2026-02-04T07:46:14","slug":"szezlong-miami-new-gr1","status":"publish","type":"product","link":"https:\/\/baldumarket.lt\/lt\/product\/szezlong-miami-new-gr1\/","title":{"rendered":"\u0160ezlongas Majamyje Naujasis Gr1"},"content":{"rendered":"<h5><span style=\"color: #54859b\">Apsilankykite m\u016bs\u0173 virtualioje WERSAL prek\u0117s \u017eenklo parduotuv\u0117je<\/span><\/h5>\n<p> <a href=\"https:\/\/my.matterport.com\/show\/?m=SjRhosZFbQJ\" target=\"_blank\" rel=\"noopener\"><span style=\"color: #e47025\">https:\/\/my.matterport.com\/<\/span><\/a><\/p>\n<p>Eleganti\u0161kas \u201eMiami New\u201c \u0161ezlongas \u2013 tai baldas, skirtas tiems, kurie vertina komfort\u0105 ir modernias tendencijas. Ergonomik\u0105 ir komfort\u0105 garantuoja i\u0161lenkta s\u0117dyn\u0117 su galvos atrama. \u201eMiami New\u201c i\u0161siskiria originaliomis linijomis ir auk\u0161\u010diausios kokyb\u0117s med\u017eiag\u0173 \u2013 auk\u0161tos kokyb\u0117s A tipo vingiuot\u0173 spyruokli\u0173 ir N2130 bei N30 poliuretano put\u0173 \u2013 meistri\u0161kumu. Atlo\u0161as apmu\u0161tas.<\/p>","protected":false},"excerpt":{"rendered":"<p>Plotis: 68 cm<br \/>\nGylis: 167 cm<br \/>\nAuk\u0161tis: 79 cm<br \/>\nPapuo\u0161imai: siuvin\u0117jimas<br \/>\nU\u017epildas: banguotos spyruokl\u0117s \/ putplastis<br \/>\nApmu\u0161alai: apmu\u0161ti<\/p>","protected":false},"featured_media":153510,"comment_status":"open","ping_status":"closed","template":"","meta":[],"product_brand":[],"product_cat":[9395,863,4104],"product_tag":[],"class_list":{"0":"post-153452","1":"product","2":"type-product","3":"status-publish","4":"has-post-thumbnail","6":"product_cat-upholstered-furniture-accessories-wersal","7":"product_cat-chaise-longues-and-loungers","8":"product_cat-wersal","10":"first","11":"instock","12":"shipping-taxable","13":"purchasable","14":"product-type-variable","15":"wvs-archive-product-wrapper"},"_links":{"self":[{"href":"https:\/\/baldumarket.lt\/lt\/wp-json\/wp\/v2\/product\/153452","targetHints":{"allow":["GET"]}}],"collection":[{"href":"https:\/\/baldumarket.lt\/lt\/wp-json\/wp\/v2\/product"}],"about":[{"href":"https:\/\/baldumarket.lt\/lt\/wp-json\/wp\/v2\/types\/product"}],"replies":[{"embeddable":true,"href":"https:\/\/baldumarket.lt\/lt\/wp-json\/wp\/v2\/comments?post=153452"}],"wp:featuredmedia":[{"embeddable":true,"href":"https:\/\/baldumarket.lt\/lt\/wp-json\/wp\/v2\/media\/153510"}],"wp:attachment":[{"href":"https:\/\/baldumarket.lt\/lt\/wp-json\/wp\/v2\/media?parent=153452"}],"wp:term":[{"taxonomy":"product_brand","embeddable":true,"href":"https:\/\/baldumarket.lt\/lt\/wp-json\/wp\/v2\/product_brand?post=153452"},{"taxonomy":"product_cat","embeddable":true,"href":"https:\/\/baldumarket.lt\/lt\/wp-json\/wp\/v2\/product_cat?post=153452"},{"taxonomy":"product_tag","embeddable":true,"href":"https:\/\/baldumarket.lt\/lt\/wp-json\/wp\/v2\/product_tag?post=153452"}],"curies":[{"name":"wp","href":"https:\/\/api.w.org\/{rel}","templated":true}]}}