{"id":153411,"date":"2025-12-18T06:12:56","date_gmt":"2025-12-18T03:12:56","guid":{"rendered":"https:\/\/baldumarket.lt\/?post_type=product&#038;p=153411"},"modified":"2026-02-04T10:46:14","modified_gmt":"2026-02-04T07:46:14","slug":"szezlong-delphi-120-gr1-2","status":"publish","type":"product","link":"https:\/\/baldumarket.lt\/lt\/product\/szezlong-delphi-120-gr1-2\/","title":{"rendered":"Delphi \u0161ezlongas 120 Gr1"},"content":{"rendered":"<h5><span style=\"color: #54859b\">Apsilankykite m\u016bs\u0173 virtualioje WERSAL prek\u0117s \u017eenklo parduotuv\u0117je<\/span><\/h5>\n<p> <a href=\"https:\/\/my.matterport.com\/show\/?m=SjRhosZFbQJ\" target=\"_blank\" rel=\"noopener\"><span style=\"color: #e47025\">https:\/\/my.matterport.com\/<\/span><\/a><\/p>\n<p>\u201eDelphi\u201c \u0161ezlongas yra 80 x 83 x 166 cm ir 120 x 83 x 166 cm dyd\u017ei\u0173. Jame derinamas minimalistinis dizainas ir maksimalus komfortas. Baldas u\u017epildytas auk\u0161tos kokyb\u0117s A tipo banguotomis spyruokl\u0117mis ir HP2515 bei N30 poliuretano putomis. Jis pasi\u017eymi kruop\u0161\u010diai sukurtomis detal\u0117mis, \u012fskaitant \u012fsp\u016bding\u0105 dygsniavim\u0105 ir eleganti\u0161kas 15,5 cm auk\u0161\u010dio metalines kojeles. Atlo\u0161as apmu\u0161tas.<\/p>","protected":false},"excerpt":{"rendered":"<p>Plotis: 120 cm<br \/>\nGylis: 166 cm<br \/>\nAuk\u0161tis: 83 cm<br \/>\nDekoracijos: dygsniavimas<br \/>\nU\u017epildas: vingiuota spyruokl\u0117<br \/>\nApmu\u0161alai: apmu\u0161ti<\/p>","protected":false},"featured_media":153488,"comment_status":"open","ping_status":"closed","template":"","meta":[],"product_brand":[],"product_cat":[9395,863,4104],"product_tag":[],"class_list":{"0":"post-153411","1":"product","2":"type-product","3":"status-publish","4":"has-post-thumbnail","6":"product_cat-upholstered-furniture-accessories-wersal","7":"product_cat-chaise-longues-and-loungers","8":"product_cat-wersal","10":"first","11":"instock","12":"shipping-taxable","13":"purchasable","14":"product-type-variable","15":"wvs-archive-product-wrapper"},"_links":{"self":[{"href":"https:\/\/baldumarket.lt\/lt\/wp-json\/wp\/v2\/product\/153411","targetHints":{"allow":["GET"]}}],"collection":[{"href":"https:\/\/baldumarket.lt\/lt\/wp-json\/wp\/v2\/product"}],"about":[{"href":"https:\/\/baldumarket.lt\/lt\/wp-json\/wp\/v2\/types\/product"}],"replies":[{"embeddable":true,"href":"https:\/\/baldumarket.lt\/lt\/wp-json\/wp\/v2\/comments?post=153411"}],"wp:featuredmedia":[{"embeddable":true,"href":"https:\/\/baldumarket.lt\/lt\/wp-json\/wp\/v2\/media\/153488"}],"wp:attachment":[{"href":"https:\/\/baldumarket.lt\/lt\/wp-json\/wp\/v2\/media?parent=153411"}],"wp:term":[{"taxonomy":"product_brand","embeddable":true,"href":"https:\/\/baldumarket.lt\/lt\/wp-json\/wp\/v2\/product_brand?post=153411"},{"taxonomy":"product_cat","embeddable":true,"href":"https:\/\/baldumarket.lt\/lt\/wp-json\/wp\/v2\/product_cat?post=153411"},{"taxonomy":"product_tag","embeddable":true,"href":"https:\/\/baldumarket.lt\/lt\/wp-json\/wp\/v2\/product_tag?post=153411"}],"curies":[{"name":"wp","href":"https:\/\/api.w.org\/{rel}","templated":true}]}}