{"id":153409,"date":"2025-12-18T06:12:54","date_gmt":"2025-12-18T03:12:54","guid":{"rendered":"https:\/\/baldumarket.lt\/?post_type=product&#038;p=153409"},"modified":"2026-02-03T23:33:36","modified_gmt":"2026-02-03T20:33:36","slug":"stolik-nori-gr1","status":"publish","type":"product","link":"https:\/\/baldumarket.lt\/lt\/product\/stolik-nori-gr1\/","title":{"rendered":"Nori Gr1 stalas"},"content":{"rendered":"<h5><span style=\"color: #54859b\">Apsilankykite m\u016bs\u0173 virtualioje WERSAL prek\u0117s \u017eenklo parduotuv\u0117je<\/span><\/h5>\n<p> <a href=\"https:\/\/my.matterport.com\/show\/?m=SjRhosZFbQJ\" target=\"_blank\" rel=\"noopener\"><span style=\"color: #e47025\">https:\/\/my.matterport.com\/<\/span><\/a><\/p>\n<p>\u201eDoti\u201c stalas, kurio matmenys 51x71x31 cm, ir \u201eNori\u201c stalas, kurio matmenys 51x66x31 cm, yra \u012fdom\u016bs variantai svetainei ar miegamajam. \u0160ie \u0161oniniai staliukai gali b\u016bti naudojami kaip stiklin\u0117s, puodelio, laikra\u0161\u010dio ar knygos stalvir\u0161is. Stalvir\u0161\u012f taip pat galima naudoti atskirai kaip dekoratyvin\u0119 konsol\u0119. Rinkit\u0117s i\u0161 alyvuoto \u0105\u017euolo arba laminuotos lentos i\u0161 Aristan \u0105\u017euolo, betono, tamsaus arba \u0161viesaus marmuro arba tamsaus grafito spalvos. Pagrindas pagamintas i\u0161 juodo milteliniu b\u016bdu da\u017eyto metalo.<\/p>","protected":false},"excerpt":{"rendered":"<p>Plotis: 51 cm<br \/>\nGylis: 31 cm<br \/>\nAuk\u0161tis: 66 cm<\/p>","protected":false},"featured_media":153477,"comment_status":"open","ping_status":"closed","template":"","meta":[],"product_brand":[],"product_cat":[866,4104],"product_tag":[],"class_list":{"0":"post-153409","1":"product","2":"type-product","3":"status-publish","4":"has-post-thumbnail","6":"product_cat-coffee-tables","7":"product_cat-wersal","9":"first","10":"instock","11":"shipping-taxable","12":"purchasable","13":"product-type-variable","14":"wvs-archive-product-wrapper"},"_links":{"self":[{"href":"https:\/\/baldumarket.lt\/lt\/wp-json\/wp\/v2\/product\/153409","targetHints":{"allow":["GET"]}}],"collection":[{"href":"https:\/\/baldumarket.lt\/lt\/wp-json\/wp\/v2\/product"}],"about":[{"href":"https:\/\/baldumarket.lt\/lt\/wp-json\/wp\/v2\/types\/product"}],"replies":[{"embeddable":true,"href":"https:\/\/baldumarket.lt\/lt\/wp-json\/wp\/v2\/comments?post=153409"}],"wp:featuredmedia":[{"embeddable":true,"href":"https:\/\/baldumarket.lt\/lt\/wp-json\/wp\/v2\/media\/153477"}],"wp:attachment":[{"href":"https:\/\/baldumarket.lt\/lt\/wp-json\/wp\/v2\/media?parent=153409"}],"wp:term":[{"taxonomy":"product_brand","embeddable":true,"href":"https:\/\/baldumarket.lt\/lt\/wp-json\/wp\/v2\/product_brand?post=153409"},{"taxonomy":"product_cat","embeddable":true,"href":"https:\/\/baldumarket.lt\/lt\/wp-json\/wp\/v2\/product_cat?post=153409"},{"taxonomy":"product_tag","embeddable":true,"href":"https:\/\/baldumarket.lt\/lt\/wp-json\/wp\/v2\/product_tag?post=153409"}],"curies":[{"name":"wp","href":"https:\/\/api.w.org\/{rel}","templated":true}]}}