{"id":153393,"date":"2025-12-18T06:12:29","date_gmt":"2025-12-18T03:12:29","guid":{"rendered":"https:\/\/baldumarket.lt\/?post_type=product&#038;p=153393"},"modified":"2026-02-03T23:33:36","modified_gmt":"2026-02-03T20:33:36","slug":"stolik-kawowy-ellie-gr1","status":"publish","type":"product","link":"https:\/\/baldumarket.lt\/lt\/product\/stolik-kawowy-ellie-gr1\/","title":{"rendered":"Ellie Gr1 kavos staliukas"},"content":{"rendered":"<h5><span style=\"color: #54859b\">Apsilankykite m\u016bs\u0173 virtualioje WERSAL prek\u0117s \u017eenklo parduotuv\u0117je<\/span><\/h5>\n<p> <a href=\"https:\/\/my.matterport.com\/show\/?m=SjRhosZFbQJ\" target=\"_blank\" rel=\"noopener\"><span style=\"color: #e47025\">https:\/\/my.matterport.com\/<\/span><\/a><\/p>\n<p>Kavos staliukas \u201eEllie\u201c pasi\u017eymi industrinio stiliaus dizainu. Pagrindas \u2013 milteliniu b\u016bdu da\u017eytas juodas metalas. Rinkit\u0117s i\u0161 25 cm storio alyvuoto \u0105\u017euolo stalvir\u0161io su dviem lentynomis arba i\u0161 laminuoto Aristan \u0105\u017euolo, betono, tamsaus arba \u0161viesaus marmuro arba 18 mm storio tamsaus grafito.<\/p>","protected":false},"excerpt":{"rendered":"<p>Plotis: 100 cm<br \/>\nGylis: 50 cm<br \/>\nAuk\u0161tis: 45 cm<\/p>","protected":false},"featured_media":153462,"comment_status":"open","ping_status":"closed","template":"","meta":[],"product_brand":[],"product_cat":[866,4104],"product_tag":[],"class_list":{"0":"post-153393","1":"product","2":"type-product","3":"status-publish","4":"has-post-thumbnail","6":"product_cat-coffee-tables","7":"product_cat-wersal","9":"first","10":"instock","11":"shipping-taxable","12":"purchasable","13":"product-type-variable","14":"wvs-archive-product-wrapper"},"_links":{"self":[{"href":"https:\/\/baldumarket.lt\/lt\/wp-json\/wp\/v2\/product\/153393","targetHints":{"allow":["GET"]}}],"collection":[{"href":"https:\/\/baldumarket.lt\/lt\/wp-json\/wp\/v2\/product"}],"about":[{"href":"https:\/\/baldumarket.lt\/lt\/wp-json\/wp\/v2\/types\/product"}],"replies":[{"embeddable":true,"href":"https:\/\/baldumarket.lt\/lt\/wp-json\/wp\/v2\/comments?post=153393"}],"wp:featuredmedia":[{"embeddable":true,"href":"https:\/\/baldumarket.lt\/lt\/wp-json\/wp\/v2\/media\/153462"}],"wp:attachment":[{"href":"https:\/\/baldumarket.lt\/lt\/wp-json\/wp\/v2\/media?parent=153393"}],"wp:term":[{"taxonomy":"product_brand","embeddable":true,"href":"https:\/\/baldumarket.lt\/lt\/wp-json\/wp\/v2\/product_brand?post=153393"},{"taxonomy":"product_cat","embeddable":true,"href":"https:\/\/baldumarket.lt\/lt\/wp-json\/wp\/v2\/product_cat?post=153393"},{"taxonomy":"product_tag","embeddable":true,"href":"https:\/\/baldumarket.lt\/lt\/wp-json\/wp\/v2\/product_tag?post=153393"}],"curies":[{"name":"wp","href":"https:\/\/api.w.org\/{rel}","templated":true}]}}