{"id":153356,"date":"2025-12-18T06:11:35","date_gmt":"2025-12-18T03:11:35","guid":{"rendered":"https:\/\/baldumarket.lt\/?post_type=product&#038;p=153356"},"modified":"2026-02-04T09:59:29","modified_gmt":"2026-02-04T06:59:29","slug":"sofa-tino-120-z-funkcja-spania-typu-stelaz-wloski-gr1","status":"publish","type":"product","link":"https:\/\/baldumarket.lt\/lt\/product\/sofa-tino-120-z-funkcja-spania-typu-stelaz-wloski-gr1\/","title":{"rendered":"Tino 120 sofa su miegojimo funkcija, itali\u0161kas r\u0117mas, tipas Gr1"},"content":{"rendered":"<h5><span style=\"color: #54859b\">Apsilankykite m\u016bs\u0173 virtualioje WERSAL prek\u0117s \u017eenklo parduotuv\u0117je<\/span><\/h5>\n<p> <a href=\"https:\/\/my.matterport.com\/show\/?m=SjRhosZFbQJ\" target=\"_blank\" rel=\"noopener\"><span style=\"color: #e47025\">https:\/\/my.matterport.com\/<\/span><\/a><\/p>\n<p>\u201eTino\u201c sofa \u2013 tai unikalus modelis, kuris suteiks Jums komforto ir suteiks J\u016bs\u0173 interjerui stiliaus. Ji si\u016bloma trij\u0173 versij\u0173: 120, 140 ir 160. Kiekviena sofa turi miegojimo funkcij\u0105 su itali\u0161ku r\u0117mu, kurio pavir\u0161iaus plotas yra 120\u2013120 \u00d7 200 cm, 140\u2013140 \u00d7 200 cm ir 160\u2013160 \u00d7 200 cm, priklausomai nuo dyd\u017eio. Ji turi patogi\u0105 s\u0117dyn\u0119 ir atlo\u0161\u0105, u\u017etikrinan\u010dius maksimal\u0173 komfort\u0105 kasdienio poilsio metu. S\u0117dyn\u0117 u\u017epildyta A tipo vingiuotomis spyruokl\u0117mis ir poliuretano putomis, o atlo\u0161as \u2013 elastin\u0117mis juostel\u0117mis, avi\u017einiais dribsniais ir poliuretano putomis. \u201eTino\u201c sofa yra \u012fvairi\u0173 spalv\u0173, tod\u0117l gal\u0117site j\u0105 priderinti prie savo stiliaus ir interjero. 8 cm auk\u0161\u010dio metalin\u0117s kojel\u0117s u\u017ebaigia i\u0161vaizd\u0105. Jei ie\u0161kote patogios ir stilingos sofos, \u201eTino\u201c sofa yra puikus pasirinkimas.<\/p>","protected":false},"excerpt":{"rendered":"<p>Plotis: 167 cm<br \/>\nGylis: 97 cm<br \/>\nAuk\u0161tis: 84 cm<br \/>\nMiegamosios zonos plotis: 200 cm<br \/>\nMiegamosios dalies ilgis: 120 cm<br \/>\nAtsipalaidavimo funkcija: be atsipalaidavimo funkcijos<\/p>","protected":false},"featured_media":153421,"comment_status":"open","ping_status":"closed","template":"","meta":[],"product_brand":[],"product_cat":[9388,560,4104],"product_tag":[],"class_list":{"0":"post-153356","1":"product","2":"type-product","3":"status-publish","4":"has-post-thumbnail","6":"product_cat-upholstered-furniture-young-wersal","7":"product_cat-sofas-and-couches","8":"product_cat-wersal","10":"first","11":"instock","12":"shipping-taxable","13":"purchasable","14":"product-type-variable","15":"wvs-archive-product-wrapper"},"_links":{"self":[{"href":"https:\/\/baldumarket.lt\/lt\/wp-json\/wp\/v2\/product\/153356","targetHints":{"allow":["GET"]}}],"collection":[{"href":"https:\/\/baldumarket.lt\/lt\/wp-json\/wp\/v2\/product"}],"about":[{"href":"https:\/\/baldumarket.lt\/lt\/wp-json\/wp\/v2\/types\/product"}],"replies":[{"embeddable":true,"href":"https:\/\/baldumarket.lt\/lt\/wp-json\/wp\/v2\/comments?post=153356"}],"wp:featuredmedia":[{"embeddable":true,"href":"https:\/\/baldumarket.lt\/lt\/wp-json\/wp\/v2\/media\/153421"}],"wp:attachment":[{"href":"https:\/\/baldumarket.lt\/lt\/wp-json\/wp\/v2\/media?parent=153356"}],"wp:term":[{"taxonomy":"product_brand","embeddable":true,"href":"https:\/\/baldumarket.lt\/lt\/wp-json\/wp\/v2\/product_brand?post=153356"},{"taxonomy":"product_cat","embeddable":true,"href":"https:\/\/baldumarket.lt\/lt\/wp-json\/wp\/v2\/product_cat?post=153356"},{"taxonomy":"product_tag","embeddable":true,"href":"https:\/\/baldumarket.lt\/lt\/wp-json\/wp\/v2\/product_tag?post=153356"}],"curies":[{"name":"wp","href":"https:\/\/api.w.org\/{rel}","templated":true}]}}