{"id":153327,"date":"2025-12-18T06:10:46","date_gmt":"2025-12-18T03:10:46","guid":{"rendered":"https:\/\/baldumarket.lt\/?post_type=product&#038;p=153327"},"modified":"2026-02-04T09:59:29","modified_gmt":"2026-02-04T06:59:29","slug":"sofa-sweet-gr1","status":"publish","type":"product","link":"https:\/\/baldumarket.lt\/lt\/product\/sofa-sweet-gr1\/","title":{"rendered":"Sald\u017eioji Gr1 sofa"},"content":{"rendered":"<h5><span style=\"color: #54859b\">Apsilankykite m\u016bs\u0173 virtualioje WERSAL prek\u0117s \u017eenklo parduotuv\u0117je<\/span><\/h5>\n<p> <a href=\"https:\/\/my.matterport.com\/show\/?m=SjRhosZFbQJ\" target=\"_blank\" rel=\"noopener\"><span style=\"color: #e47025\">https:\/\/my.matterport.com\/<\/span><\/a><\/p>\n<p>\u201eSweet\u201c sofa i\u0161 \u201eYoung\u201c kolekcijos \u2013 tai kompakti\u0161kas ir patogus poilsio baldas, kuris tiks beveik bet kurioje erdv\u0117je. Tvirt\u0105, masyvi\u0105 s\u0117dyn\u0119 papildo specialus dygsniuotas vir\u0161utinis sluoksnis, puikiai tinkantis naudoti tiek dien\u0105, tiek nakt\u012f, kai miegojimo pavir\u0161ius yra lygus. \u012edomiai atrodo ir medin\u0117 apdaila, skaidanti metalines kojeles. S\u0117dyn\u0117 u\u017epildyta \u201eBonnell\u201c spyruokl\u0117mis ir HR35120 poliuretano putomis. Atlo\u0161as u\u017epildytas \u201eBonnell\u201c spyruokl\u0117mis, HR35120 putomis ir HR35120 poliuretano putomis. Atlo\u0161as apmu\u0161tas. Sofoje yra DL miegamoji dalis, kurios pavir\u0161iaus plotas yra 144 \u00d7 200 cm. Patalyn\u0117s skyriaus matmenys \u2013 177 x 62 x 16 cm. Juodos metalin\u0117s kojel\u0117s yra 10 cm auk\u0161\u010dio.<\/p>","protected":false},"excerpt":{"rendered":"<p>Svoris: 92 kg<br \/>\nPlotis: 204 cm<br \/>\nGylis: 106 cm<br \/>\nAuk\u0161tis: 91 cm<br \/>\nMiegamosios dalies plotis: 144 cm<br \/>\nMiegamosios dalies ilgis: 200 cm<\/p>","protected":false},"featured_media":153400,"comment_status":"open","ping_status":"closed","template":"","meta":[],"product_brand":[],"product_cat":[9388,560,4104],"product_tag":[],"class_list":{"0":"post-153327","1":"product","2":"type-product","3":"status-publish","4":"has-post-thumbnail","6":"product_cat-upholstered-furniture-young-wersal","7":"product_cat-sofas-and-couches","8":"product_cat-wersal","10":"first","11":"instock","12":"shipping-taxable","13":"purchasable","14":"product-type-variable","15":"wvs-archive-product-wrapper"},"_links":{"self":[{"href":"https:\/\/baldumarket.lt\/lt\/wp-json\/wp\/v2\/product\/153327","targetHints":{"allow":["GET"]}}],"collection":[{"href":"https:\/\/baldumarket.lt\/lt\/wp-json\/wp\/v2\/product"}],"about":[{"href":"https:\/\/baldumarket.lt\/lt\/wp-json\/wp\/v2\/types\/product"}],"replies":[{"embeddable":true,"href":"https:\/\/baldumarket.lt\/lt\/wp-json\/wp\/v2\/comments?post=153327"}],"wp:featuredmedia":[{"embeddable":true,"href":"https:\/\/baldumarket.lt\/lt\/wp-json\/wp\/v2\/media\/153400"}],"wp:attachment":[{"href":"https:\/\/baldumarket.lt\/lt\/wp-json\/wp\/v2\/media?parent=153327"}],"wp:term":[{"taxonomy":"product_brand","embeddable":true,"href":"https:\/\/baldumarket.lt\/lt\/wp-json\/wp\/v2\/product_brand?post=153327"},{"taxonomy":"product_cat","embeddable":true,"href":"https:\/\/baldumarket.lt\/lt\/wp-json\/wp\/v2\/product_cat?post=153327"},{"taxonomy":"product_tag","embeddable":true,"href":"https:\/\/baldumarket.lt\/lt\/wp-json\/wp\/v2\/product_tag?post=153327"}],"curies":[{"name":"wp","href":"https:\/\/api.w.org\/{rel}","templated":true}]}}