{"id":153325,"date":"2025-12-18T06:10:45","date_gmt":"2025-12-18T03:10:45","guid":{"rendered":"https:\/\/baldumarket.lt\/?post_type=product&#038;p=153325"},"modified":"2026-02-04T09:59:29","modified_gmt":"2026-02-04T06:59:29","slug":"sofa-solano-z-funkcja-spania-typu-dl-i-pojemnikiem-na-posciel-gr1","status":"publish","type":"product","link":"https:\/\/baldumarket.lt\/lt\/product\/sofa-solano-z-funkcja-spania-typu-dl-i-pojemnikiem-na-posciel-gr1\/","title":{"rendered":"\u201eSolano\u201c sofa su miegojimo funkcija, tipas DL, ir patalyn\u0117s d\u0117\u017ee Gr1"},"content":{"rendered":"<h5><span style=\"color: #54859b\">Apsilankykite m\u016bs\u0173 virtualioje WERSAL prek\u0117s \u017eenklo parduotuv\u0117je<\/span><\/h5>\n<p> <a href=\"https:\/\/my.matterport.com\/show\/?m=SjRhosZFbQJ\" target=\"_blank\" rel=\"noopener\"><span style=\"color: #e47025\">https:\/\/my.matterport.com\/<\/span><\/a><\/p>\n<p>\u201eSolano\u201c sofa \u2013 paprastas, ta\u010diau eleganti\u0161kas pasirinkimas, kuris papuo\u0161 j\u016bs\u0173 svetain\u0117s interjer\u0105. Sofa turi miegojimo funkcij\u0105, jos pavir\u0161iaus plotas yra 144 \u00d7 192 cm, o patalyn\u0117s skyrius \u2013 187 x 60 x 13,5 cm. S\u0117dyn\u0117 u\u017epildyta B tipo banguotomis spyruokl\u0117mis ir N30 poliuretano putomis. Atlo\u0161as u\u017epildytas B tipo banguotomis spyruokl\u0117mis ir N30 poliuretano putomis. Nugar\u0117l\u0117 aptraukta apmu\u0161alais. Medin\u0117s kojel\u0117s yra 16 cm auk\u0161\u010dio. Sofa yra \u012fvairi\u0173 spalv\u0173. Taip pat galima \u012fsigyti \u201eSolano\u201c kampin\u0119 sof\u0105 ir puf\u0105.<\/p>","protected":false},"excerpt":{"rendered":"<p>Svoris: 91 kg<br \/>\nPlotis: 230 cm<br \/>\nGylis: 107 cm<br \/>\nAuk\u0161tis: 85 cm<br \/>\nMiegamosios dalies plotis: 144 cm<br \/>\nMiegamosios dalies ilgis: 192 cm<br \/>\nAtsipalaidavimo funkcija: be atsipalaidavimo funkcijos<\/p>","protected":false},"featured_media":153397,"comment_status":"open","ping_status":"closed","template":"","meta":[],"product_brand":[],"product_cat":[9388,560,4104],"product_tag":[],"class_list":{"0":"post-153325","1":"product","2":"type-product","3":"status-publish","4":"has-post-thumbnail","6":"product_cat-upholstered-furniture-young-wersal","7":"product_cat-sofas-and-couches","8":"product_cat-wersal","10":"first","11":"instock","12":"shipping-taxable","13":"purchasable","14":"product-type-variable","15":"wvs-archive-product-wrapper"},"_links":{"self":[{"href":"https:\/\/baldumarket.lt\/lt\/wp-json\/wp\/v2\/product\/153325","targetHints":{"allow":["GET"]}}],"collection":[{"href":"https:\/\/baldumarket.lt\/lt\/wp-json\/wp\/v2\/product"}],"about":[{"href":"https:\/\/baldumarket.lt\/lt\/wp-json\/wp\/v2\/types\/product"}],"replies":[{"embeddable":true,"href":"https:\/\/baldumarket.lt\/lt\/wp-json\/wp\/v2\/comments?post=153325"}],"wp:featuredmedia":[{"embeddable":true,"href":"https:\/\/baldumarket.lt\/lt\/wp-json\/wp\/v2\/media\/153397"}],"wp:attachment":[{"href":"https:\/\/baldumarket.lt\/lt\/wp-json\/wp\/v2\/media?parent=153325"}],"wp:term":[{"taxonomy":"product_brand","embeddable":true,"href":"https:\/\/baldumarket.lt\/lt\/wp-json\/wp\/v2\/product_brand?post=153325"},{"taxonomy":"product_cat","embeddable":true,"href":"https:\/\/baldumarket.lt\/lt\/wp-json\/wp\/v2\/product_cat?post=153325"},{"taxonomy":"product_tag","embeddable":true,"href":"https:\/\/baldumarket.lt\/lt\/wp-json\/wp\/v2\/product_tag?post=153325"}],"curies":[{"name":"wp","href":"https:\/\/api.w.org\/{rel}","templated":true}]}}