{"id":153313,"date":"2025-12-18T06:10:19","date_gmt":"2025-12-18T03:10:19","guid":{"rendered":"https:\/\/baldumarket.lt\/?post_type=product&#038;p=153313"},"modified":"2026-02-04T09:59:21","modified_gmt":"2026-02-04T06:59:21","slug":"sofa-molly-gr1","status":"publish","type":"product","link":"https:\/\/baldumarket.lt\/lt\/product\/sofa-molly-gr1\/","title":{"rendered":"Molly Gr1 sofa"},"content":{"rendered":"<h5><span style=\"color: #54859b\">Apsilankykite m\u016bs\u0173 virtualioje WERSAL prek\u0117s \u017eenklo parduotuv\u0117je<\/span><\/h5>\n<p> <a href=\"https:\/\/my.matterport.com\/show\/?m=SjRhosZFbQJ\" target=\"_blank\" rel=\"noopener\"><span style=\"color: #e47025\">https:\/\/my.matterport.com\/<\/span><\/a><\/p>\n<p>\u201eMolly\u201c sofa i\u0161 \u201eYoung\u201c kolekcijos \u2013 tai patogi ir funkcionali triviet\u0117 sofa su dekoratyvin\u0117mis si\u016bl\u0117mis, kurios matmenys \u2013 226 \u00d7 78\/91 \u00d7 101 cm. Sulankstyta ji puikiai tinka nakties poilsiui. DL miegojimo funkcijos matmenys \u2013 140 \u00d7 200 cm. \u0160is modelis taip pat turi prakti\u0161k\u0105 patalyn\u0117s skyri\u0173, kurio matmenys \u2013 196 x 62 x 16 cm. Kojeli\u0173 auk\u0161tis \u2013 14 cm.<\/p>","protected":false},"excerpt":{"rendered":"<p>Plotis: 226 cm<br \/>\nGylis: 101 cm<br \/>\nAuk\u0161tis: 91 cm<br \/>\nMiegamosios dalies plotis: 140 cm<br \/>\nMiegamosios dalies ilgis: 200 cm<br \/>\nS\u0117dyn\u0117s auk\u0161tis: 49 cm<br \/>\nAtrama: ant koj\u0173<br \/>\nPorankiai: su porankiais<\/p>","protected":false},"featured_media":153381,"comment_status":"open","ping_status":"closed","template":"","meta":[],"product_brand":[],"product_cat":[9388,560,4104],"product_tag":[],"class_list":{"0":"post-153313","1":"product","2":"type-product","3":"status-publish","4":"has-post-thumbnail","6":"product_cat-upholstered-furniture-young-wersal","7":"product_cat-sofas-and-couches","8":"product_cat-wersal","10":"first","11":"instock","12":"shipping-taxable","13":"purchasable","14":"product-type-variable","15":"wvs-archive-product-wrapper"},"_links":{"self":[{"href":"https:\/\/baldumarket.lt\/lt\/wp-json\/wp\/v2\/product\/153313","targetHints":{"allow":["GET"]}}],"collection":[{"href":"https:\/\/baldumarket.lt\/lt\/wp-json\/wp\/v2\/product"}],"about":[{"href":"https:\/\/baldumarket.lt\/lt\/wp-json\/wp\/v2\/types\/product"}],"replies":[{"embeddable":true,"href":"https:\/\/baldumarket.lt\/lt\/wp-json\/wp\/v2\/comments?post=153313"}],"wp:featuredmedia":[{"embeddable":true,"href":"https:\/\/baldumarket.lt\/lt\/wp-json\/wp\/v2\/media\/153381"}],"wp:attachment":[{"href":"https:\/\/baldumarket.lt\/lt\/wp-json\/wp\/v2\/media?parent=153313"}],"wp:term":[{"taxonomy":"product_brand","embeddable":true,"href":"https:\/\/baldumarket.lt\/lt\/wp-json\/wp\/v2\/product_brand?post=153313"},{"taxonomy":"product_cat","embeddable":true,"href":"https:\/\/baldumarket.lt\/lt\/wp-json\/wp\/v2\/product_cat?post=153313"},{"taxonomy":"product_tag","embeddable":true,"href":"https:\/\/baldumarket.lt\/lt\/wp-json\/wp\/v2\/product_tag?post=153313"}],"curies":[{"name":"wp","href":"https:\/\/api.w.org\/{rel}","templated":true}]}}