{"id":153298,"date":"2025-12-18T06:09:52","date_gmt":"2025-12-18T03:09:52","guid":{"rendered":"https:\/\/baldumarket.lt\/?post_type=product&#038;p=153298"},"modified":"2026-02-04T09:59:21","modified_gmt":"2026-02-04T06:59:21","slug":"sofa-capitol-z-funkcja-spania-typu-dl-i-pojemnikiem-na-posciel-gr1","status":"publish","type":"product","link":"https:\/\/baldumarket.lt\/lt\/product\/sofa-capitol-z-funkcja-spania-typu-dl-i-pojemnikiem-na-posciel-gr1\/","title":{"rendered":"\u201eCapitol\u201c sofa su miegojimo funkcija, tipo DL, ir patalyn\u0117s d\u0117\u017ee Gr1"},"content":{"rendered":"<h5><span style=\"color: #54859b\">Apsilankykite m\u016bs\u0173 virtualioje WERSAL prek\u0117s \u017eenklo parduotuv\u0117je<\/span><\/h5>\n<p> <a href=\"https:\/\/my.matterport.com\/show\/?m=SjRhosZFbQJ\" target=\"_blank\" rel=\"noopener\"><span style=\"color: #e47025\">https:\/\/my.matterport.com\/<\/span><\/a><\/p>\n<p>\u201eCapitol\u201c \u2013 i\u0161skirtinai stilinga ir patogi sofa, kuri papildys bet kok\u012f interjer\u0105. Paprastas, ta\u010diau eleganti\u0161kas dizainas peln\u0117 jai daugyb\u0119 gerb\u0117j\u0173. Ji turi DL miegojimo funkcij\u0105, 134 \u00d7 194 cm miegamojo plot\u0105 ir 191 x 63 x 13 cm patalyn\u0117s skyri\u0173. Sofa u\u017epildyta vingiuotomis spyruokl\u0117mis, u\u017etikrinan\u010diomis auk\u0161t\u0105 komfort\u0105 kasdienio poilsio metu. Ji pagaminta i\u0161 auk\u0161tos kokyb\u0117s med\u017eiag\u0173, kurios yra patvarios ir atsparios pa\u017eeidimams. S\u0117dyn\u0117 u\u017epildyta A tipo vingiuotomis spyruokl\u0117mis ir N30 poliuretano putomis. Atlo\u0161as u\u017epildytas A tipo vingiuotomis spyruokl\u0117mis ir N2130 poliuretano putomis. Vis\u0105 dizain\u0105 pary\u0161kina 17 cm auk\u0161\u010dio juodos metalin\u0117s kojel\u0117s. Modelis si\u016blomas \u012fvairi\u0173 spalv\u0173. Taip pat galima \u012fsigyti kampin\u0119 sof\u0105.<\/p>","protected":false},"excerpt":{"rendered":"<p>Svoris: 89 kg<br \/>\nPlotis: 250 cm<br \/>\nGylis: 105 cm<br \/>\nAuk\u0161tis: 89 cm<br \/>\nMiegamosios dalies plotis: 134 cm<br \/>\nMiegamosios dalies ilgis: 194 cm<\/p>","protected":false},"featured_media":153360,"comment_status":"open","ping_status":"closed","template":"","meta":[],"product_brand":[],"product_cat":[9388,560,4104],"product_tag":[],"class_list":{"0":"post-153298","1":"product","2":"type-product","3":"status-publish","4":"has-post-thumbnail","6":"product_cat-upholstered-furniture-young-wersal","7":"product_cat-sofas-and-couches","8":"product_cat-wersal","10":"first","11":"instock","12":"shipping-taxable","13":"purchasable","14":"product-type-variable","15":"wvs-archive-product-wrapper"},"_links":{"self":[{"href":"https:\/\/baldumarket.lt\/lt\/wp-json\/wp\/v2\/product\/153298","targetHints":{"allow":["GET"]}}],"collection":[{"href":"https:\/\/baldumarket.lt\/lt\/wp-json\/wp\/v2\/product"}],"about":[{"href":"https:\/\/baldumarket.lt\/lt\/wp-json\/wp\/v2\/types\/product"}],"replies":[{"embeddable":true,"href":"https:\/\/baldumarket.lt\/lt\/wp-json\/wp\/v2\/comments?post=153298"}],"wp:featuredmedia":[{"embeddable":true,"href":"https:\/\/baldumarket.lt\/lt\/wp-json\/wp\/v2\/media\/153360"}],"wp:attachment":[{"href":"https:\/\/baldumarket.lt\/lt\/wp-json\/wp\/v2\/media?parent=153298"}],"wp:term":[{"taxonomy":"product_brand","embeddable":true,"href":"https:\/\/baldumarket.lt\/lt\/wp-json\/wp\/v2\/product_brand?post=153298"},{"taxonomy":"product_cat","embeddable":true,"href":"https:\/\/baldumarket.lt\/lt\/wp-json\/wp\/v2\/product_cat?post=153298"},{"taxonomy":"product_tag","embeddable":true,"href":"https:\/\/baldumarket.lt\/lt\/wp-json\/wp\/v2\/product_tag?post=153298"}],"curies":[{"name":"wp","href":"https:\/\/api.w.org\/{rel}","templated":true}]}}