{"id":153296,"date":"2025-12-18T06:09:51","date_gmt":"2025-12-18T03:09:51","guid":{"rendered":"https:\/\/baldumarket.lt\/?post_type=product&#038;p=153296"},"modified":"2026-02-04T09:59:21","modified_gmt":"2026-02-04T06:59:21","slug":"sofa-candelo-80-gr1","status":"publish","type":"product","link":"https:\/\/baldumarket.lt\/lt\/product\/sofa-candelo-80-gr1\/","title":{"rendered":"\u201eCandelo 80 Gr1\u201c sofa"},"content":{"rendered":"<h5><span style=\"color: #54859b\">Apsilankykite m\u016bs\u0173 virtualioje WERSAL prek\u0117s \u017eenklo parduotuv\u0117je<\/span><\/h5>\n<p> <a href=\"https:\/\/my.matterport.com\/show\/?m=SjRhosZFbQJ\" target=\"_blank\" rel=\"noopener\"><span style=\"color: #e47025\">https:\/\/my.matterport.com\/<\/span><\/a><\/p>\n<p>\u201eCandelo\u201c sofa si\u016bloma dviej\u0173 versij\u0173: 70 ir 80. 70 modelio matmenys yra 214x75x102 cm, s\u0117dyn\u0117s auk\u0161tis \u2013 44 cm, o gylis \u2013 70 cm, o 80 modelio matmenys \u2013 214x75x110 cm, s\u0117dyn\u0117s auk\u0161tis \u2013 44 cm, o gylis \u2013 80 cm. \u0160is modelis u\u017epildytas A tipo banguotomis spyruokl\u0117mis ir N30 bei HR300400 poliuretano putomis. Modeliai galimi \u012fvairi\u0173 spalv\u0173. Nuotraukose pavaizduotos pagalv\u0117l\u0117s \u012f bald\u0105 ne\u012feina.<\/p>","protected":false},"excerpt":{"rendered":"<p>Svoris: 56 kg<br \/>\nPlotis: 214 cm<br \/>\nGylis: 110 cm<br \/>\nAuk\u0161tis: 75 cm<br \/>\nAtsipalaidavimo funkcija: be atsipalaidavimo funkcijos<\/p>","protected":false},"featured_media":153350,"comment_status":"open","ping_status":"closed","template":"","meta":[],"product_brand":[],"product_cat":[9388,560,4104],"product_tag":[],"class_list":{"0":"post-153296","1":"product","2":"type-product","3":"status-publish","4":"has-post-thumbnail","6":"product_cat-upholstered-furniture-young-wersal","7":"product_cat-sofas-and-couches","8":"product_cat-wersal","10":"first","11":"instock","12":"shipping-taxable","13":"purchasable","14":"product-type-variable","15":"wvs-archive-product-wrapper"},"_links":{"self":[{"href":"https:\/\/baldumarket.lt\/lt\/wp-json\/wp\/v2\/product\/153296","targetHints":{"allow":["GET"]}}],"collection":[{"href":"https:\/\/baldumarket.lt\/lt\/wp-json\/wp\/v2\/product"}],"about":[{"href":"https:\/\/baldumarket.lt\/lt\/wp-json\/wp\/v2\/types\/product"}],"replies":[{"embeddable":true,"href":"https:\/\/baldumarket.lt\/lt\/wp-json\/wp\/v2\/comments?post=153296"}],"wp:featuredmedia":[{"embeddable":true,"href":"https:\/\/baldumarket.lt\/lt\/wp-json\/wp\/v2\/media\/153350"}],"wp:attachment":[{"href":"https:\/\/baldumarket.lt\/lt\/wp-json\/wp\/v2\/media?parent=153296"}],"wp:term":[{"taxonomy":"product_brand","embeddable":true,"href":"https:\/\/baldumarket.lt\/lt\/wp-json\/wp\/v2\/product_brand?post=153296"},{"taxonomy":"product_cat","embeddable":true,"href":"https:\/\/baldumarket.lt\/lt\/wp-json\/wp\/v2\/product_cat?post=153296"},{"taxonomy":"product_tag","embeddable":true,"href":"https:\/\/baldumarket.lt\/lt\/wp-json\/wp\/v2\/product_tag?post=153296"}],"curies":[{"name":"wp","href":"https:\/\/api.w.org\/{rel}","templated":true}]}}