{"id":153278,"date":"2025-12-18T06:09:24","date_gmt":"2025-12-18T03:09:24","guid":{"rendered":"https:\/\/baldumarket.lt\/?post_type=product&#038;p=153278"},"modified":"2026-02-04T09:59:21","modified_gmt":"2026-02-04T06:59:21","slug":"sofa-3-osobowa-z-1-regulowanym-oparciem-xavi-gr1","status":"publish","type":"product","link":"https:\/\/baldumarket.lt\/lt\/product\/sofa-3-osobowa-z-1-regulowanym-oparciem-xavi-gr1\/","title":{"rendered":"Triviet\u0117 sofa su reguliuojamu atlo\u0161u Xavi Gr1"},"content":{"rendered":"<h5><span style=\"color: #54859b\">Apsilankykite m\u016bs\u0173 virtualioje WERSAL prek\u0117s \u017eenklo parduotuv\u0117je<\/span><\/h5>\n<p> <a href=\"https:\/\/my.matterport.com\/show\/?m=SjRhosZFbQJ\" target=\"_blank\" rel=\"noopener\"><span style=\"color: #e47025\">https:\/\/my.matterport.com\/<\/span><\/a><\/p>\n<p>\u201eXavi 3\u201c sofa \u2013 tai modernus ir stilingas pasirinkimas, skirtas kasdieniam poilsiui ir funkcionalumui. Jos plotis \u2013 192 cm, auk\u0161tis \u2013 105 cm, o gylis \u2013 reguliuojamas nuo 88 iki 158 cm. S\u0117dyn\u0117 yra 50 cm auk\u0161\u010dio ir u\u017epildyta vingiuotomis spyruokl\u0117mis, o atlo\u0161as \u2013 poliuretano putomis, u\u017etikrinan\u010diomis patogi\u0105 atram\u0105 ir komfort\u0105 naudojimo metu. Visa konstrukcija stovi ant juod\u0173 metalini\u0173 kojeli\u0173. \u0160is modelis turi atsipalaidavimo funkcij\u0105 su reguliuojamu atlo\u0161u ir porankiais, kurie leid\u017eia pritaikyti s\u0117d\u0117jimo pad\u0117t\u012f pagal individualius poreikius. Be to, sofa turi rankinio atlo\u0161o reguliavimo funkcij\u0105. \u201eXavi 3\u201c sof\u0105 su visi\u0161kai aptrauktu atlo\u0161u galima pastatyti prie sienos arba kambario centre. Tai eleganti\u0161kas, ta\u010diau funkcionalus dizainas, puikiai tiksiantis modernioje svetain\u0117je ir u\u017etikrinantis kasdien\u012f komfort\u0105. Taip pat galima \u012fsigyti versij\u0105 su vienu reguliuojamu atlo\u0161u.<\/p>","protected":false},"excerpt":{"rendered":"<p>Plotis: 195 cm<br \/>\nAuk\u0161tis: 105 cm<br \/>\nGylis: 88 cm<br \/>\nTalpa: 3 \u017emon\u0117s<br \/>\nAtrama: ant koj\u0173<br \/>\nPorankiai: su porankiais<br \/>\nAtsipalaidavimo funkcija: su atsipalaidavimo funkcija<\/p>","protected":false},"featured_media":153334,"comment_status":"open","ping_status":"closed","template":"","meta":[],"product_brand":[],"product_cat":[9388,560,4104],"product_tag":[],"class_list":{"0":"post-153278","1":"product","2":"type-product","3":"status-publish","4":"has-post-thumbnail","6":"product_cat-upholstered-furniture-young-wersal","7":"product_cat-sofas-and-couches","8":"product_cat-wersal","10":"first","11":"instock","12":"shipping-taxable","13":"purchasable","14":"product-type-variable","15":"wvs-archive-product-wrapper"},"_links":{"self":[{"href":"https:\/\/baldumarket.lt\/lt\/wp-json\/wp\/v2\/product\/153278","targetHints":{"allow":["GET"]}}],"collection":[{"href":"https:\/\/baldumarket.lt\/lt\/wp-json\/wp\/v2\/product"}],"about":[{"href":"https:\/\/baldumarket.lt\/lt\/wp-json\/wp\/v2\/types\/product"}],"replies":[{"embeddable":true,"href":"https:\/\/baldumarket.lt\/lt\/wp-json\/wp\/v2\/comments?post=153278"}],"wp:featuredmedia":[{"embeddable":true,"href":"https:\/\/baldumarket.lt\/lt\/wp-json\/wp\/v2\/media\/153334"}],"wp:attachment":[{"href":"https:\/\/baldumarket.lt\/lt\/wp-json\/wp\/v2\/media?parent=153278"}],"wp:term":[{"taxonomy":"product_brand","embeddable":true,"href":"https:\/\/baldumarket.lt\/lt\/wp-json\/wp\/v2\/product_brand?post=153278"},{"taxonomy":"product_cat","embeddable":true,"href":"https:\/\/baldumarket.lt\/lt\/wp-json\/wp\/v2\/product_cat?post=153278"},{"taxonomy":"product_tag","embeddable":true,"href":"https:\/\/baldumarket.lt\/lt\/wp-json\/wp\/v2\/product_tag?post=153278"}],"curies":[{"name":"wp","href":"https:\/\/api.w.org\/{rel}","templated":true}]}}