{"id":153263,"date":"2025-12-18T06:08:50","date_gmt":"2025-12-18T03:08:50","guid":{"rendered":"https:\/\/baldumarket.lt\/?post_type=product&#038;p=153263"},"modified":"2026-02-04T09:59:21","modified_gmt":"2026-02-04T06:59:21","slug":"sofa-3-osobowa-plaza-z-elektrycznie-wysuwanym-siedziskiem-gr1","status":"publish","type":"product","link":"https:\/\/baldumarket.lt\/lt\/product\/sofa-3-osobowa-plaza-z-elektrycznie-wysuwanym-siedziskiem-gr1\/","title":{"rendered":"Plaza 3 viet\u0173 sofa su elektriniu s\u0117dyn\u0117s i\u0161pl\u0117timu Gr1"},"content":{"rendered":"<h5><span style=\"color: #54859b\">Apsilankykite m\u016bs\u0173 virtualioje WERSAL prek\u0117s \u017eenklo parduotuv\u0117je<\/span><\/h5>\n<p> <a href=\"https:\/\/my.matterport.com\/show\/?m=SjRhosZFbQJ\" target=\"_blank\" rel=\"noopener\"><span style=\"color: #e47025\">https:\/\/my.matterport.com\/<\/span><\/a><\/p>\n<p>\u201ePlaza\u201c sofa \u2013 i\u0161skirtinai ry\u0161kus modelis su gra\u017eiu, dekoratyviniu dygsniavimu, suteikian\u010diu elegancijos ir stiliaus. Ji turi dvi reguliuojamas galvos atramas. Papildomas privalumas \u2013 elektra valdoma s\u0117dyn\u0117. S\u0117dyn\u0117 u\u017epildyta A tipo banguotomis spyruokl\u0117mis ir N30 poliuretano putomis. Atlo\u0161as u\u017epildytas N2130, T1818 poliuretano putomis. Sofos atlo\u0161as apmu\u0161tas. Juodo metalo kojel\u0117s yra 15 cm auk\u0161\u010dio. Sofa neturi miegojimo funkcijos ar patalyn\u0117s laikymo vietos. Mygtukas yra vidin\u0117je kair\u0117je pus\u0117je, nukreiptoje \u012f sofos priek\u012f. \u0160ios funkcijos laidas yra po sofa. Ji yra 2 ir 3 viet\u0173 versij\u0173.<\/p>","protected":false},"excerpt":{"rendered":"<p>Svoris: 88 kg<br \/>\nPlotis: 212 cm<br \/>\nGylis: 105 cm<br \/>\nAuk\u0161tis: 99 cm<br \/>\nAtsipalaidavimo funkcija: su atsipalaidavimo funkcija<br \/>\nApmu\u0161alai: apmu\u0161ti<\/p>","protected":false},"featured_media":153328,"comment_status":"open","ping_status":"closed","template":"","meta":[],"product_brand":[],"product_cat":[9388,560,4104],"product_tag":[],"class_list":{"0":"post-153263","1":"product","2":"type-product","3":"status-publish","4":"has-post-thumbnail","6":"product_cat-upholstered-furniture-young-wersal","7":"product_cat-sofas-and-couches","8":"product_cat-wersal","10":"first","11":"instock","12":"shipping-taxable","13":"purchasable","14":"product-type-variable","15":"wvs-archive-product-wrapper"},"_links":{"self":[{"href":"https:\/\/baldumarket.lt\/lt\/wp-json\/wp\/v2\/product\/153263","targetHints":{"allow":["GET"]}}],"collection":[{"href":"https:\/\/baldumarket.lt\/lt\/wp-json\/wp\/v2\/product"}],"about":[{"href":"https:\/\/baldumarket.lt\/lt\/wp-json\/wp\/v2\/types\/product"}],"replies":[{"embeddable":true,"href":"https:\/\/baldumarket.lt\/lt\/wp-json\/wp\/v2\/comments?post=153263"}],"wp:featuredmedia":[{"embeddable":true,"href":"https:\/\/baldumarket.lt\/lt\/wp-json\/wp\/v2\/media\/153328"}],"wp:attachment":[{"href":"https:\/\/baldumarket.lt\/lt\/wp-json\/wp\/v2\/media?parent=153263"}],"wp:term":[{"taxonomy":"product_brand","embeddable":true,"href":"https:\/\/baldumarket.lt\/lt\/wp-json\/wp\/v2\/product_brand?post=153263"},{"taxonomy":"product_cat","embeddable":true,"href":"https:\/\/baldumarket.lt\/lt\/wp-json\/wp\/v2\/product_cat?post=153263"},{"taxonomy":"product_tag","embeddable":true,"href":"https:\/\/baldumarket.lt\/lt\/wp-json\/wp\/v2\/product_tag?post=153263"}],"curies":[{"name":"wp","href":"https:\/\/api.w.org\/{rel}","templated":true}]}}