{"id":153246,"date":"2025-12-18T06:08:18","date_gmt":"2025-12-18T03:08:18","guid":{"rendered":"https:\/\/baldumarket.lt\/?post_type=product&#038;p=153246"},"modified":"2026-02-04T09:59:11","modified_gmt":"2026-02-04T06:59:11","slug":"sofa-3-osobowa-gandi-120-z-funkcja-spania-typu-stelaz-wloski-gr1","status":"publish","type":"product","link":"https:\/\/baldumarket.lt\/lt\/product\/sofa-3-osobowa-gandi-120-z-funkcja-spania-typu-stelaz-wloski-gr1\/","title":{"rendered":"Gandi 120 triviet\u0117 sofa su miegojimo funkcija, itali\u0161kas r\u0117mas, tipas Gr1"},"content":{"rendered":"<h5><span style=\"color: #54859b\">Apsilankykite m\u016bs\u0173 virtualioje WERSAL prek\u0117s \u017eenklo parduotuv\u0117je<\/span><\/h5>\n<p> <a href=\"https:\/\/my.matterport.com\/show\/?m=SjRhosZFbQJ\" target=\"_blank\" rel=\"noopener\"><span style=\"color: #e47025\">https:\/\/my.matterport.com\/<\/span><\/a><\/p>\n<p>\u201eGandi\u201c sofa \u2013 funkcionalumo ir stiliaus derinys<br \/>\n\u201eGandi\u201c sofa sukurta atsi\u017evelgiant \u012f maksimal\u0173 komfort\u0105 ir funkcionalum\u0105, tod\u0117l tai idealus sprendimas moderniam interjerui. I\u0161skirtin\u0117, vertikali apmu\u0161al\u0173 strukt\u016bra suteikia jai unikal\u0173 charakter\u012f ir pabr\u0117\u017eia aptaki\u0105, ta\u010diau geometrin\u0119 form\u0105. \u0160i dviviet\u0117 sofa puikiai tinka kaip pagrindinis poilsio zonos elementas.<br \/>\nPatogumas ir prisitaikymas<br \/>\nPatogi s\u0117dyn\u0117 ir atlo\u0161as skatina atsipalaiduoti. Reguliuojama galvos atrama leid\u017eia individualiai reguliuoti jos auk\u0161t\u012f ir kamp\u0105, o tai \u017eymiai padidina komfort\u0105. \u0160i funkcija leid\u017eia lengvai rasti tobul\u0105 pad\u0117t\u012f skaitant, \u017ei\u016brint film\u0105 ar tiesiog atsipalaiduojant.<br \/>\nPraktinis pritaikymas ma\u017eesn\u0117se erdv\u0117se<br \/>\n\u201eGandi\u201c sofa puikiai tinka tiek erdviai svetainei, tiek ma\u017eesniam butui ar jaunimo kambariui. Jos universalumas kyla i\u0161 \u012fmontuotos miegojimo funkcijos. Itali\u0161ko stiliaus i\u0161lankstymo sistema leid\u017eia greitai ir lengvai transformuoti sof\u0105 \u012f patogi\u0105 lov\u0105. D\u0117l \u0161ios savyb\u0117s \u201eGandi\u201c sofa yra puikus pasirinkimas kasdieniam naudojimui, nes suteikia patogi\u0105 s\u0117d\u0117jimo viet\u0105 dien\u0105 ir pilno dyd\u017eio miegojimo viet\u0105 nakt\u012f, taupant verting\u0105 erdv\u0119.<br \/>\nEstetika ir stabilumas<br \/>\nSofos vizualin\u012f lengvum\u0105 sustiprina auk\u0161tos, lieknos, tamsios metalin\u0117s kojel\u0117s. Jos suteikia modernumo ir stabilumo. Sofa yra aptraukta mink\u0161tais apmu\u0161alais, kurie pabr\u0117\u017eia jos eleganti\u0161k\u0105 ir modern\u0173 stili\u0173. Dvi atskiros galvos atramos harmoningai papildo jos form\u0105.<\/p>","protected":false},"excerpt":{"rendered":"<p>Plotis: 187 cm<br \/>\nGylis: 102 cm<br \/>\nAuk\u0161tis: 95 cm<br \/>\nMiegamosios dalies plotis: 120 cm<br \/>\nMiegamosios dalies ilgis: 198 cm<br \/>\nPatalyn\u0117: be laikymo vietos<br \/>\nAtsipalaidavimo funkcija: be atsipalaidavimo funkcijos<\/p>","protected":false},"featured_media":153287,"comment_status":"open","ping_status":"closed","template":"","meta":[],"product_brand":[],"product_cat":[9388,560,4104],"product_tag":[],"class_list":{"0":"post-153246","1":"product","2":"type-product","3":"status-publish","4":"has-post-thumbnail","6":"product_cat-upholstered-furniture-young-wersal","7":"product_cat-sofas-and-couches","8":"product_cat-wersal","10":"first","11":"instock","12":"shipping-taxable","13":"purchasable","14":"product-type-variable","15":"wvs-archive-product-wrapper"},"_links":{"self":[{"href":"https:\/\/baldumarket.lt\/lt\/wp-json\/wp\/v2\/product\/153246","targetHints":{"allow":["GET"]}}],"collection":[{"href":"https:\/\/baldumarket.lt\/lt\/wp-json\/wp\/v2\/product"}],"about":[{"href":"https:\/\/baldumarket.lt\/lt\/wp-json\/wp\/v2\/types\/product"}],"replies":[{"embeddable":true,"href":"https:\/\/baldumarket.lt\/lt\/wp-json\/wp\/v2\/comments?post=153246"}],"wp:featuredmedia":[{"embeddable":true,"href":"https:\/\/baldumarket.lt\/lt\/wp-json\/wp\/v2\/media\/153287"}],"wp:attachment":[{"href":"https:\/\/baldumarket.lt\/lt\/wp-json\/wp\/v2\/media?parent=153246"}],"wp:term":[{"taxonomy":"product_brand","embeddable":true,"href":"https:\/\/baldumarket.lt\/lt\/wp-json\/wp\/v2\/product_brand?post=153246"},{"taxonomy":"product_cat","embeddable":true,"href":"https:\/\/baldumarket.lt\/lt\/wp-json\/wp\/v2\/product_cat?post=153246"},{"taxonomy":"product_tag","embeddable":true,"href":"https:\/\/baldumarket.lt\/lt\/wp-json\/wp\/v2\/product_tag?post=153246"}],"curies":[{"name":"wp","href":"https:\/\/api.w.org\/{rel}","templated":true}]}}