{"id":153231,"date":"2025-12-18T06:07:46","date_gmt":"2025-12-18T03:07:46","guid":{"rendered":"https:\/\/baldumarket.lt\/?post_type=product&#038;p=153231"},"modified":"2026-02-04T09:59:11","modified_gmt":"2026-02-04T06:59:11","slug":"sofa-2-osobowa-palladio-z-elektrycznie-regulowana-glebokoscia-siedziska-gr1","status":"publish","type":"product","link":"https:\/\/baldumarket.lt\/lt\/product\/sofa-2-osobowa-palladio-z-elektrycznie-regulowana-glebokoscia-siedziska-gr1\/","title":{"rendered":"Palladio dviviet\u0117 sofa su elektra reguliuojamu s\u0117dyn\u0117s gyliu Gr1"},"content":{"rendered":"<h5><span style=\"color: #54859b\">Apsilankykite m\u016bs\u0173 virtualioje WERSAL prek\u0117s \u017eenklo parduotuv\u0117je<\/span><\/h5>\n<p> <a href=\"https:\/\/my.matterport.com\/show\/?m=SjRhosZFbQJ\" target=\"_blank\" rel=\"noopener\"><span style=\"color: #e47025\">https:\/\/my.matterport.com\/<\/span><\/a><\/p>\n<p>\u201ePalladio\u201c sofa yra dviej\u0173 ir trij\u0173 viet\u0173 versij\u0173. \u0160is modelis turi atsipalaidavimo funkcij\u0105 \u2013 elektra i\u0161traukiam\u0105 s\u0117dyn\u0119. Be to, sofos turi dvi reguliuojamas galvos atramas. Sofos s\u0117dyn\u0117 pasi\u017eymi patraukliu dygsniavimu. S\u0117dyn\u0117 u\u017epildyta A tipo banguotomis spyruokl\u0117mis ir N30 poliuretano putomis. Atlo\u0161as u\u017epildytas T2130, T1818 poliuretano putomis. Baldo nugara yra apmu\u0161ta. Juodos metalin\u0117s kojel\u0117s yra 12 cm auk\u0161\u010dio. Modelis taip pat yra kampin\u0117s sofos.<\/p>","protected":false},"excerpt":{"rendered":"<p>Plotis: 194 cm<br \/>\nGylis: 110 cm<br \/>\nAuk\u0161tis: 99 cm<br \/>\nMiego funkcija: be miego funkcijos<br \/>\nAtsipalaidavimo funkcija: su atsipalaidavimo funkcija<\/p>","protected":false},"featured_media":153265,"comment_status":"open","ping_status":"closed","template":"","meta":[],"product_brand":[],"product_cat":[9388,560,4104],"product_tag":[],"class_list":{"0":"post-153231","1":"product","2":"type-product","3":"status-publish","4":"has-post-thumbnail","6":"product_cat-upholstered-furniture-young-wersal","7":"product_cat-sofas-and-couches","8":"product_cat-wersal","10":"first","11":"instock","12":"shipping-taxable","13":"purchasable","14":"product-type-variable","15":"wvs-archive-product-wrapper"},"_links":{"self":[{"href":"https:\/\/baldumarket.lt\/lt\/wp-json\/wp\/v2\/product\/153231","targetHints":{"allow":["GET"]}}],"collection":[{"href":"https:\/\/baldumarket.lt\/lt\/wp-json\/wp\/v2\/product"}],"about":[{"href":"https:\/\/baldumarket.lt\/lt\/wp-json\/wp\/v2\/types\/product"}],"replies":[{"embeddable":true,"href":"https:\/\/baldumarket.lt\/lt\/wp-json\/wp\/v2\/comments?post=153231"}],"wp:featuredmedia":[{"embeddable":true,"href":"https:\/\/baldumarket.lt\/lt\/wp-json\/wp\/v2\/media\/153265"}],"wp:attachment":[{"href":"https:\/\/baldumarket.lt\/lt\/wp-json\/wp\/v2\/media?parent=153231"}],"wp:term":[{"taxonomy":"product_brand","embeddable":true,"href":"https:\/\/baldumarket.lt\/lt\/wp-json\/wp\/v2\/product_brand?post=153231"},{"taxonomy":"product_cat","embeddable":true,"href":"https:\/\/baldumarket.lt\/lt\/wp-json\/wp\/v2\/product_cat?post=153231"},{"taxonomy":"product_tag","embeddable":true,"href":"https:\/\/baldumarket.lt\/lt\/wp-json\/wp\/v2\/product_tag?post=153231"}],"curies":[{"name":"wp","href":"https:\/\/api.w.org\/{rel}","templated":true}]}}