{"id":153221,"date":"2025-12-18T06:07:21","date_gmt":"2025-12-18T03:07:21","guid":{"rendered":"https:\/\/baldumarket.lt\/?post_type=product&#038;p=153221"},"modified":"2026-02-04T09:59:11","modified_gmt":"2026-02-04T06:59:11","slug":"sofa-2-osobowa-gappa-gr1","status":"publish","type":"product","link":"https:\/\/baldumarket.lt\/lt\/product\/sofa-2-osobowa-gappa-gr1\/","title":{"rendered":"Gappa Gr1 dviviet\u0117 sofa"},"content":{"rendered":"<h5><span style=\"color: #54859b\">Apsilankykite m\u016bs\u0173 virtualioje WERSAL prek\u0117s \u017eenklo parduotuv\u0117je<\/span><\/h5>\n<p> <a href=\"https:\/\/my.matterport.com\/show\/?m=SjRhosZFbQJ\" target=\"_blank\" rel=\"noopener\"><span style=\"color: #e47025\">https:\/\/my.matterport.com\/<\/span><\/a><\/p>\n<p>\u012esp\u016bdinga dviviet\u0117 \u201eGappa\u201c sofa, kurios matmenys \u2013 200 x 82 x 94 cm. Dygsniuotas audinys ir eleganti\u0161kos, 15,5 cm auk\u0161\u010dio metalin\u0117s kojel\u0117s suteikia jai lengvumo ir elegancijos. S\u0117dyn\u0117s u\u017epildas \u2013 A tipo banguotos spyruokl\u0117s, poliuretano putos HR30040, N30. Atlo\u0161o u\u017epildas \u2013 poliuretano putos T1818, T2130. Apmu\u0161tas atlo\u0161as. Kolekcijoje taip pat yra triviet\u0117 sofa, kampin\u0117 sofa su elektriniu s\u0117dyn\u0117s gylio reguliavimu ir pufas.<\/p>","protected":false},"excerpt":{"rendered":"<p>Plotis: 200 cm<br \/>\nGylis: 94 cm<br \/>\nAuk\u0161tis: 82 cm<br \/>\nMiego funkcija: n\u0117ra miego funkcijos<br \/>\nAtsipalaidavimo funkcija: n\u0117ra atsipalaidavimo funkcijos<br \/>\nApmu\u0161alai: apmu\u0161ti<\/p>","protected":false},"featured_media":153256,"comment_status":"open","ping_status":"closed","template":"","meta":[],"product_brand":[],"product_cat":[9388,560,4104],"product_tag":[],"class_list":{"0":"post-153221","1":"product","2":"type-product","3":"status-publish","4":"has-post-thumbnail","6":"product_cat-upholstered-furniture-young-wersal","7":"product_cat-sofas-and-couches","8":"product_cat-wersal","10":"first","11":"instock","12":"shipping-taxable","13":"purchasable","14":"product-type-variable","15":"wvs-archive-product-wrapper"},"_links":{"self":[{"href":"https:\/\/baldumarket.lt\/lt\/wp-json\/wp\/v2\/product\/153221","targetHints":{"allow":["GET"]}}],"collection":[{"href":"https:\/\/baldumarket.lt\/lt\/wp-json\/wp\/v2\/product"}],"about":[{"href":"https:\/\/baldumarket.lt\/lt\/wp-json\/wp\/v2\/types\/product"}],"replies":[{"embeddable":true,"href":"https:\/\/baldumarket.lt\/lt\/wp-json\/wp\/v2\/comments?post=153221"}],"wp:featuredmedia":[{"embeddable":true,"href":"https:\/\/baldumarket.lt\/lt\/wp-json\/wp\/v2\/media\/153256"}],"wp:attachment":[{"href":"https:\/\/baldumarket.lt\/lt\/wp-json\/wp\/v2\/media?parent=153221"}],"wp:term":[{"taxonomy":"product_brand","embeddable":true,"href":"https:\/\/baldumarket.lt\/lt\/wp-json\/wp\/v2\/product_brand?post=153221"},{"taxonomy":"product_cat","embeddable":true,"href":"https:\/\/baldumarket.lt\/lt\/wp-json\/wp\/v2\/product_cat?post=153221"},{"taxonomy":"product_tag","embeddable":true,"href":"https:\/\/baldumarket.lt\/lt\/wp-json\/wp\/v2\/product_tag?post=153221"}],"curies":[{"name":"wp","href":"https:\/\/api.w.org\/{rel}","templated":true}]}}