{"id":153186,"date":"2025-12-18T06:06:25","date_gmt":"2025-12-18T03:06:25","guid":{"rendered":"https:\/\/baldumarket.lt\/?post_type=product&#038;p=153186"},"modified":"2026-02-04T10:06:30","modified_gmt":"2026-02-04T07:06:30","slug":"pufa-sensi-gr1","status":"publish","type":"product","link":"https:\/\/baldumarket.lt\/lt\/product\/pufa-sensi-gr1\/","title":{"rendered":"Sensi Gr1 pufas"},"content":{"rendered":"<h5><span style=\"color: #54859b\">Apsilankykite m\u016bs\u0173 virtualioje WERSAL prek\u0117s \u017eenklo parduotuv\u0117je<\/span><\/h5>\n<p> <a href=\"https:\/\/my.matterport.com\/show\/?m=SjRhosZFbQJ\" target=\"_blank\" rel=\"noopener\"><span style=\"color: #e47025\">https:\/\/my.matterport.com\/<\/span><\/a><\/p>\n<p>\u201eRelax\u201c kolekcijos \u201eSensi\u201c pufas \u2013 puikus pasirinkimas j\u016bs\u0173 svetainei. 69 x 46 x 45 cm dyd\u017eio pufas puikiai tinka vienas arba derinamas su to paties pavadinimo foteliu. S\u0117dyn\u0117 u\u017epildyta N30 poliuretano putomis. Pufas turi auk\u0161t\u0105, juod\u0105 metalin\u0119 kojel\u0119, suteikian\u010di\u0105 jam elegancijos.<\/p>","protected":false},"excerpt":{"rendered":"<p>Svoris: 4 kg<br \/>\nPlotis: 69 cm<br \/>\nGylis: 46 cm<br \/>\nAuk\u0161tis: 45 cm<br \/>\nApmu\u0161alai: apmu\u0161ti<\/p>","protected":false},"featured_media":153240,"comment_status":"open","ping_status":"closed","template":"","meta":[],"product_brand":[],"product_cat":[9395,826,4104],"product_tag":[],"class_list":{"0":"post-153186","1":"product","2":"type-product","3":"status-publish","4":"has-post-thumbnail","6":"product_cat-upholstered-furniture-accessories-wersal","7":"product_cat-poufs","8":"product_cat-wersal","10":"first","11":"instock","12":"shipping-taxable","13":"purchasable","14":"product-type-variable","15":"wvs-archive-product-wrapper"},"_links":{"self":[{"href":"https:\/\/baldumarket.lt\/lt\/wp-json\/wp\/v2\/product\/153186","targetHints":{"allow":["GET"]}}],"collection":[{"href":"https:\/\/baldumarket.lt\/lt\/wp-json\/wp\/v2\/product"}],"about":[{"href":"https:\/\/baldumarket.lt\/lt\/wp-json\/wp\/v2\/types\/product"}],"replies":[{"embeddable":true,"href":"https:\/\/baldumarket.lt\/lt\/wp-json\/wp\/v2\/comments?post=153186"}],"wp:featuredmedia":[{"embeddable":true,"href":"https:\/\/baldumarket.lt\/lt\/wp-json\/wp\/v2\/media\/153240"}],"wp:attachment":[{"href":"https:\/\/baldumarket.lt\/lt\/wp-json\/wp\/v2\/media?parent=153186"}],"wp:term":[{"taxonomy":"product_brand","embeddable":true,"href":"https:\/\/baldumarket.lt\/lt\/wp-json\/wp\/v2\/product_brand?post=153186"},{"taxonomy":"product_cat","embeddable":true,"href":"https:\/\/baldumarket.lt\/lt\/wp-json\/wp\/v2\/product_cat?post=153186"},{"taxonomy":"product_tag","embeddable":true,"href":"https:\/\/baldumarket.lt\/lt\/wp-json\/wp\/v2\/product_tag?post=153186"}],"curies":[{"name":"wp","href":"https:\/\/api.w.org\/{rel}","templated":true}]}}