{"id":153184,"date":"2025-12-18T06:06:23","date_gmt":"2025-12-18T03:06:23","guid":{"rendered":"https:\/\/baldumarket.lt\/?post_type=product&#038;p=153184"},"modified":"2026-02-04T10:06:30","modified_gmt":"2026-02-04T07:06:30","slug":"pufa-selva-gr1-2","status":"publish","type":"product","link":"https:\/\/baldumarket.lt\/lt\/product\/pufa-selva-gr1-2\/","title":{"rendered":"Selva Gr1 pufas"},"content":{"rendered":"<h5><span style=\"color: #54859b\">Apsilankykite m\u016bs\u0173 virtualioje WERSAL prek\u0117s \u017eenklo parduotuv\u0117je<\/span><\/h5>\n<p> <a href=\"https:\/\/my.matterport.com\/show\/?m=SjRhosZFbQJ\" target=\"_blank\" rel=\"noopener\"><span style=\"color: #e47025\">https:\/\/my.matterport.com\/<\/span><\/a><\/p>\n<p>\u201eSelva\u201c pufas, kurio matmenys 118x72x45 cm, yra i\u0161 \u201eAvangarde\u201c kolekcijos. Pufo s\u0117dyn\u0117 u\u017epildyta A tipo vingiuotomis spyruokl\u0117mis, N30 poliuretano putomis ir dekoruota tuftingu. Jo ry\u0161kios juodos metalin\u0117s kojel\u0117s, kuri\u0173 auk\u0161tis 10 cm, yra \u012fsp\u016bdingos. Pufas yra \u012fvairi\u0173 spalv\u0173.<\/p>","protected":false},"excerpt":{"rendered":"<p>Svoris: 14 kg<br \/>\nPlotis: 118 cm<br \/>\nGylis: 72 cm<br \/>\nAuk\u0161tis: 45 cm<br \/>\nApmu\u0161alai: apmu\u0161ti<\/p>","protected":false},"featured_media":153237,"comment_status":"open","ping_status":"closed","template":"","meta":[],"product_brand":[],"product_cat":[9395,826,4104],"product_tag":[],"class_list":{"0":"post-153184","1":"product","2":"type-product","3":"status-publish","4":"has-post-thumbnail","6":"product_cat-upholstered-furniture-accessories-wersal","7":"product_cat-poufs","8":"product_cat-wersal","10":"first","11":"instock","12":"shipping-taxable","13":"purchasable","14":"product-type-variable","15":"wvs-archive-product-wrapper"},"_links":{"self":[{"href":"https:\/\/baldumarket.lt\/lt\/wp-json\/wp\/v2\/product\/153184","targetHints":{"allow":["GET"]}}],"collection":[{"href":"https:\/\/baldumarket.lt\/lt\/wp-json\/wp\/v2\/product"}],"about":[{"href":"https:\/\/baldumarket.lt\/lt\/wp-json\/wp\/v2\/types\/product"}],"replies":[{"embeddable":true,"href":"https:\/\/baldumarket.lt\/lt\/wp-json\/wp\/v2\/comments?post=153184"}],"wp:featuredmedia":[{"embeddable":true,"href":"https:\/\/baldumarket.lt\/lt\/wp-json\/wp\/v2\/media\/153237"}],"wp:attachment":[{"href":"https:\/\/baldumarket.lt\/lt\/wp-json\/wp\/v2\/media?parent=153184"}],"wp:term":[{"taxonomy":"product_brand","embeddable":true,"href":"https:\/\/baldumarket.lt\/lt\/wp-json\/wp\/v2\/product_brand?post=153184"},{"taxonomy":"product_cat","embeddable":true,"href":"https:\/\/baldumarket.lt\/lt\/wp-json\/wp\/v2\/product_cat?post=153184"},{"taxonomy":"product_tag","embeddable":true,"href":"https:\/\/baldumarket.lt\/lt\/wp-json\/wp\/v2\/product_tag?post=153184"}],"curies":[{"name":"wp","href":"https:\/\/api.w.org\/{rel}","templated":true}]}}