{"id":153166,"date":"2025-12-18T06:05:57","date_gmt":"2025-12-18T03:05:57","guid":{"rendered":"https:\/\/baldumarket.lt\/?post_type=product&#038;p=153166"},"modified":"2026-02-04T10:06:30","modified_gmt":"2026-02-04T07:06:30","slug":"pufa-plaza-mini-gr1-2","status":"publish","type":"product","link":"https:\/\/baldumarket.lt\/lt\/product\/pufa-plaza-mini-gr1-2\/","title":{"rendered":"\u201ePlaza Mini Gr1\u201c pufas"},"content":{"rendered":"<h5><span style=\"color: #54859b\">Apsilankykite m\u016bs\u0173 virtualioje WERSAL prek\u0117s \u017eenklo parduotuv\u0117je<\/span><\/h5>\n<p> <a href=\"https:\/\/my.matterport.com\/show\/?m=SjRhosZFbQJ\" target=\"_blank\" rel=\"noopener\"><span style=\"color: #e47025\">https:\/\/my.matterport.com\/<\/span><\/a><\/p>\n<p>\u201ePlaza\u201c pufas \u2013 i\u0161skirtinai ry\u0161kus modelis su gra\u017eiu, dekoratyviniu dygsniavimu, suteikian\u010diu elegancijos ir stiliaus. S\u0117dyn\u0117 u\u017epildyta N30 poliuretano putomis. Juodos metalin\u0117s kojel\u0117s yra 15 cm auk\u0161\u010dio. Galima \u012fsigyti Mini ir XL dyd\u017ei\u0173, puikiai dera su \u201ePlaza\u201c sof\u0173 ir kampini\u0173 sof\u0173 modeliais.<\/p>","protected":false},"excerpt":{"rendered":"<p>Svoris: 10 kg<br \/>\nPlotis: 100 cm<br \/>\nGylis: 70 cm<br \/>\nAuk\u0161tis: 44 cm<br \/>\nApmu\u0161alai: apmu\u0161ti<\/p>","protected":false},"featured_media":153223,"comment_status":"open","ping_status":"closed","template":"","meta":[],"product_brand":[],"product_cat":[9395,826,4104],"product_tag":[],"class_list":{"0":"post-153166","1":"product","2":"type-product","3":"status-publish","4":"has-post-thumbnail","6":"product_cat-upholstered-furniture-accessories-wersal","7":"product_cat-poufs","8":"product_cat-wersal","10":"first","11":"instock","12":"shipping-taxable","13":"purchasable","14":"product-type-variable","15":"wvs-archive-product-wrapper"},"_links":{"self":[{"href":"https:\/\/baldumarket.lt\/lt\/wp-json\/wp\/v2\/product\/153166","targetHints":{"allow":["GET"]}}],"collection":[{"href":"https:\/\/baldumarket.lt\/lt\/wp-json\/wp\/v2\/product"}],"about":[{"href":"https:\/\/baldumarket.lt\/lt\/wp-json\/wp\/v2\/types\/product"}],"replies":[{"embeddable":true,"href":"https:\/\/baldumarket.lt\/lt\/wp-json\/wp\/v2\/comments?post=153166"}],"wp:featuredmedia":[{"embeddable":true,"href":"https:\/\/baldumarket.lt\/lt\/wp-json\/wp\/v2\/media\/153223"}],"wp:attachment":[{"href":"https:\/\/baldumarket.lt\/lt\/wp-json\/wp\/v2\/media?parent=153166"}],"wp:term":[{"taxonomy":"product_brand","embeddable":true,"href":"https:\/\/baldumarket.lt\/lt\/wp-json\/wp\/v2\/product_brand?post=153166"},{"taxonomy":"product_cat","embeddable":true,"href":"https:\/\/baldumarket.lt\/lt\/wp-json\/wp\/v2\/product_cat?post=153166"},{"taxonomy":"product_tag","embeddable":true,"href":"https:\/\/baldumarket.lt\/lt\/wp-json\/wp\/v2\/product_tag?post=153166"}],"curies":[{"name":"wp","href":"https:\/\/api.w.org\/{rel}","templated":true}]}}