{"id":153136,"date":"2025-12-18T06:05:09","date_gmt":"2025-12-18T03:05:09","guid":{"rendered":"https:\/\/baldumarket.lt\/?post_type=product&#038;p=153136"},"modified":"2026-02-04T10:06:22","modified_gmt":"2026-02-04T07:06:22","slug":"pufa-campo-z-pojemnikiem-gr1","status":"publish","type":"product","link":"https:\/\/baldumarket.lt\/lt\/product\/pufa-campo-z-pojemnikiem-gr1\/","title":{"rendered":"Campo pufas su daiktad\u0117\u017ee Gr1"},"content":{"rendered":"<h5><span style=\"color: #54859b\">Apsilankykite m\u016bs\u0173 virtualioje WERSAL prek\u0117s \u017eenklo parduotuv\u0117je<\/span><\/h5>\n<p> <a href=\"https:\/\/my.matterport.com\/show\/?m=SjRhosZFbQJ\" target=\"_blank\" rel=\"noopener\"><span style=\"color: #e47025\">https:\/\/my.matterport.com\/<\/span><\/a><\/p>\n<p>\u201eCampo\u201c pufo, kurio matmenys 135 x 70 x 45 cm, po s\u0117dyne yra pasl\u0117ptas daiktad\u0117\u017e\u0117s skyrius. \u0160io modelio s\u0117dyn\u0117 yra dekoruota dygsniuota. U\u017epildas: A tipo banguotos spyruokl\u0117s, N30 poliuretano putos. 5 cm auk\u0161\u010dio plastikin\u0117s (satino) kojel\u0117s. Galima \u012fsigyti \u012fvairi\u0173 spalv\u0173.<\/p>","protected":false},"excerpt":{"rendered":"<p>Svoris: 12 kg<br \/>\nPlotis: 135 cm<br \/>\nGylis: 70 cm<br \/>\nAuk\u0161tis: 45 cm<br \/>\nApmu\u0161alai: apmu\u0161ti<\/p>","protected":false},"featured_media":153207,"comment_status":"open","ping_status":"closed","template":"","meta":[],"product_brand":[],"product_cat":[9395,826,4104],"product_tag":[],"class_list":{"0":"post-153136","1":"product","2":"type-product","3":"status-publish","4":"has-post-thumbnail","6":"product_cat-upholstered-furniture-accessories-wersal","7":"product_cat-poufs","8":"product_cat-wersal","10":"first","11":"instock","12":"shipping-taxable","13":"purchasable","14":"product-type-variable","15":"wvs-archive-product-wrapper"},"_links":{"self":[{"href":"https:\/\/baldumarket.lt\/lt\/wp-json\/wp\/v2\/product\/153136","targetHints":{"allow":["GET"]}}],"collection":[{"href":"https:\/\/baldumarket.lt\/lt\/wp-json\/wp\/v2\/product"}],"about":[{"href":"https:\/\/baldumarket.lt\/lt\/wp-json\/wp\/v2\/types\/product"}],"replies":[{"embeddable":true,"href":"https:\/\/baldumarket.lt\/lt\/wp-json\/wp\/v2\/comments?post=153136"}],"wp:featuredmedia":[{"embeddable":true,"href":"https:\/\/baldumarket.lt\/lt\/wp-json\/wp\/v2\/media\/153207"}],"wp:attachment":[{"href":"https:\/\/baldumarket.lt\/lt\/wp-json\/wp\/v2\/media?parent=153136"}],"wp:term":[{"taxonomy":"product_brand","embeddable":true,"href":"https:\/\/baldumarket.lt\/lt\/wp-json\/wp\/v2\/product_brand?post=153136"},{"taxonomy":"product_cat","embeddable":true,"href":"https:\/\/baldumarket.lt\/lt\/wp-json\/wp\/v2\/product_cat?post=153136"},{"taxonomy":"product_tag","embeddable":true,"href":"https:\/\/baldumarket.lt\/lt\/wp-json\/wp\/v2\/product_tag?post=153136"}],"curies":[{"name":"wp","href":"https:\/\/api.w.org\/{rel}","templated":true}]}}