{"id":153134,"date":"2025-12-18T06:05:08","date_gmt":"2025-12-18T03:05:08","guid":{"rendered":"https:\/\/baldumarket.lt\/?post_type=product&#038;p=153134"},"modified":"2026-02-03T23:33:39","modified_gmt":"2026-02-03T20:33:39","slug":"naroznik-z-funkcja-spania-fiore-s-gr1-2","status":"publish","type":"product","link":"https:\/\/baldumarket.lt\/lt\/product\/naroznik-z-funkcja-spania-fiore-s-gr1-2\/","title":{"rendered":"Kampin\u0117 sofa su miegojimo funkcija Fiore S Gr1"},"content":{"rendered":"<h5><span style=\"color: #54859b\">Apsilankykite m\u016bs\u0173 virtualioje WERSAL prek\u0117s \u017eenklo parduotuv\u0117je<\/span><\/h5>\n<p> <a href=\"https:\/\/my.matterport.com\/show\/?m=SjRhosZFbQJ\" target=\"_blank\" rel=\"noopener\"><span style=\"color: #e47025\">https:\/\/my.matterport.com\/<\/span><\/a><\/p>\n<p>\u201eFiore S\u201c kampin\u0117 sofa-lova \u2013 puikus pasirinkimas tiems, kurie vertina patogum\u0105 ir funkcionalum\u0105 viename balde. D\u0117l apgalvoto dizaino ji kasdien gali b\u016bti ir patogi sofa, ir pilno dyd\u017eio lova. \u0160i trij\u0173 viet\u0173 kampin\u0117 sofa lengvai transformuojasi \u012f patogi\u0105 lov\u0105 d\u0117l DL miegojimo funkcijos. 215 \u00d7 135 cm miegamoji dalis leid\u017eia patogiai miegoti vienam arba dviem \u017emon\u0117ms. Papildomas privalumas \u2013 prakti\u0161kas patalyn\u0117s skyrius, kuriame patogu laikyti antklodes, pagalves ar kitus tekstil\u0117s gaminius, u\u017etikrinant, kad svetain\u0117 visada i\u0161likt\u0173 tvarkinga ir tvarkinga. Kruop\u0161\u010diai suprojektuotos proporcijos \u2013 215 cm plo\u010dio, 183 cm gylio ir 82 cm auk\u0161\u010dio \u2013 daro \u0161\u012f bald\u0105 puikiai tinkant\u012f tiek ma\u017eesn\u0117ms svetain\u0117ms, tiek didesn\u0117ms darbo erdv\u0117ms. Atlo\u0161as u\u017epildytas poliuretano putomis, o s\u0117dyn\u0117 \u2013 vingiuotomis spyruokl\u0117mis. D\u0117l universalios formos \u201eFiore S\u201c kampin\u0117 sofa puikiai dera prie \u012fvairi\u0173 interjero stili\u0173 \u2013 nuo modernaus, minimalistinio iki jaukesni\u0173 skandinavi\u0161ko ar bohemi\u0161ko stiliaus i\u0161d\u0117stym\u0173.<\/p>","protected":false},"excerpt":{"rendered":"<p>Plotis: 215 cm<br \/>\nAuk\u0161tis: 82 cm<br \/>\nGylis: 183 cm<br \/>\nS\u0117dyn\u0117s auk\u0161tis: 71 cm<br \/>\nS\u0117dyn\u0117s gylis: 108 cm<br \/>\nS\u0117dyn\u0117s plotis: 284 cm<br \/>\nMiegamosios dalies ilgis: 215 cm<br \/>\nMiegamosios dalies plotis: 135 cm<\/p>","protected":false},"featured_media":153196,"comment_status":"open","ping_status":"closed","template":"","meta":[],"product_brand":[],"product_cat":[9386,616,1983,4104],"product_tag":[],"class_list":{"0":"post-153134","1":"product","2":"type-product","3":"status-publish","4":"has-post-thumbnail","6":"product_cat-avangarde-wersal-upholstered-furniture","7":"product_cat-corners","8":"product_cat-corners-l","9":"product_cat-wersal","11":"first","12":"instock","13":"shipping-taxable","14":"purchasable","15":"product-type-variable","16":"wvs-archive-product-wrapper"},"_links":{"self":[{"href":"https:\/\/baldumarket.lt\/lt\/wp-json\/wp\/v2\/product\/153134","targetHints":{"allow":["GET"]}}],"collection":[{"href":"https:\/\/baldumarket.lt\/lt\/wp-json\/wp\/v2\/product"}],"about":[{"href":"https:\/\/baldumarket.lt\/lt\/wp-json\/wp\/v2\/types\/product"}],"replies":[{"embeddable":true,"href":"https:\/\/baldumarket.lt\/lt\/wp-json\/wp\/v2\/comments?post=153134"}],"wp:featuredmedia":[{"embeddable":true,"href":"https:\/\/baldumarket.lt\/lt\/wp-json\/wp\/v2\/media\/153196"}],"wp:attachment":[{"href":"https:\/\/baldumarket.lt\/lt\/wp-json\/wp\/v2\/media?parent=153134"}],"wp:term":[{"taxonomy":"product_brand","embeddable":true,"href":"https:\/\/baldumarket.lt\/lt\/wp-json\/wp\/v2\/product_brand?post=153134"},{"taxonomy":"product_cat","embeddable":true,"href":"https:\/\/baldumarket.lt\/lt\/wp-json\/wp\/v2\/product_cat?post=153134"},{"taxonomy":"product_tag","embeddable":true,"href":"https:\/\/baldumarket.lt\/lt\/wp-json\/wp\/v2\/product_tag?post=153134"}],"curies":[{"name":"wp","href":"https:\/\/api.w.org\/{rel}","templated":true}]}}