{"id":15313,"date":"2025-11-14T08:41:50","date_gmt":"2025-11-14T05:41:50","guid":{"rendered":"https:\/\/baldumarket.lt\/product\/noble\/"},"modified":"2026-03-29T12:44:59","modified_gmt":"2026-03-29T09:44:59","slug":"noble","status":"publish","type":"product","link":"https:\/\/baldumarket.lt\/lt\/product\/noble\/","title":{"rendered":"Kilnusas"},"content":{"rendered":"<p>\u201eNoble\u201c kampin\u0117 sofa yra funkcionalus, patogus ir gra\u017eus baldas. Be to, \u0161is modelis si\u016blomas su pla\u010diu apmu\u0161al\u0173 pasirinkimu, \u012fskaitant visus \u201eBalduMarket\u201c si\u016blomus audinius. \u201eNoble\u201c kampin\u0117s sofos plotis yra 255 centimetrai, tod\u0117l jame yra daug vietos tiek \u0161eimos nariams, tiek sve\u010diams. Kiti jos matmenys yra 201 x 100 cm. D\u0117l delfino tipo sulankstymo mechanizmo ji taip pat gali b\u016bti naudojama kaip 120 x 195 cm lova. Kitas privalumas \u2013 i\u0161traukiamas ratukas, kuris padidina \u201eNoble\u201c kampin\u0117s sofos patogum\u0105. \u0160i i\u0161skleid\u017eiama kampin\u0117 sofa taip pat turi patalyn\u0117s skyri\u0173, puikiai tinkant\u012f atsargin\u0117ms antklod\u0117ms ar pagalv\u0117ms laikyti. Ji turi medin\u012f r\u0117m\u0105, labai elastingas HR putas ir B tipo vingiuot\u0105 spyruokl\u0119 s\u0117dyn\u0117je. \u201eNoble\u201c kampin\u0117s sofos atlo\u0161e yra apmu\u0161al\u0173 dir\u017eas, b\u016bdingas \u0161iuolaikiniams mink\u0161tiems baldams. 13 cm auk\u0161\u010dio medin\u0117s juodos kojel\u0117s yra tikras malonumas robot\u0173 dulki\u0173 siurbli\u0173 savininkams. M\u016bs\u0173 kampin\u0117s sofos sukurtos atsi\u017evelgiant \u012f patogum\u0105 ir ilgaam\u017ei\u0161kum\u0105. \u0160tai kod\u0117l \u201eNoble\u201c kampin\u0117je sofoje yra penkios reguliuojamos galvos atramos, kurios pad\u0117s patogiai pails\u0117ti ir atsipalaiduoti.<\/p>","protected":false},"excerpt":{"rendered":"<p>\u201eNoble\u201c kampin\u0117 sofa yra funkcionalus, patogus ir gra\u017eus baldas. Be to, \u0161is modelis si\u016blomas su pla\u010diu apmu\u0161al\u0173 pasirinkimu, \u012fskaitant visus \u201eBalduMarket\u201c si\u016blomus audinius. \u201eNoble\u201c kampin\u0117s sofos plotis yra 255 centimetrai, tod\u0117l jame yra daug vietos tiek \u0161eimos nariams, tiek sve\u010diams. Kiti jos matmenys yra 201 x [\u2026]<\/p>","protected":false},"featured_media":15314,"comment_status":"open","ping_status":"open","template":"","meta":[],"product_brand":[],"product_cat":[616,1983,2012,9166],"product_tag":[],"class_list":{"0":"post-15313","1":"product","2":"type-product","3":"status-publish","4":"has-post-thumbnail","6":"product_cat-corners","7":"product_cat-corners-l","8":"product_cat-eltap","9":"product_cat-narozniki-eltap","11":"first","12":"instock","13":"purchasable","14":"product-type-variable","15":"wvs-archive-product-wrapper"},"_links":{"self":[{"href":"https:\/\/baldumarket.lt\/lt\/wp-json\/wp\/v2\/product\/15313","targetHints":{"allow":["GET"]}}],"collection":[{"href":"https:\/\/baldumarket.lt\/lt\/wp-json\/wp\/v2\/product"}],"about":[{"href":"https:\/\/baldumarket.lt\/lt\/wp-json\/wp\/v2\/types\/product"}],"replies":[{"embeddable":true,"href":"https:\/\/baldumarket.lt\/lt\/wp-json\/wp\/v2\/comments?post=15313"}],"wp:featuredmedia":[{"embeddable":true,"href":"https:\/\/baldumarket.lt\/lt\/wp-json\/wp\/v2\/media\/15314"}],"wp:attachment":[{"href":"https:\/\/baldumarket.lt\/lt\/wp-json\/wp\/v2\/media?parent=15313"}],"wp:term":[{"taxonomy":"product_brand","embeddable":true,"href":"https:\/\/baldumarket.lt\/lt\/wp-json\/wp\/v2\/product_brand?post=15313"},{"taxonomy":"product_cat","embeddable":true,"href":"https:\/\/baldumarket.lt\/lt\/wp-json\/wp\/v2\/product_cat?post=15313"},{"taxonomy":"product_tag","embeddable":true,"href":"https:\/\/baldumarket.lt\/lt\/wp-json\/wp\/v2\/product_tag?post=15313"}],"curies":[{"name":"wp","href":"https:\/\/api.w.org\/{rel}","templated":true}]}}