{"id":153113,"date":"2025-12-18T06:04:41","date_gmt":"2025-12-18T03:04:41","guid":{"rendered":"https:\/\/baldumarket.lt\/?post_type=product&#038;p=153113"},"modified":"2026-02-03T23:33:40","modified_gmt":"2026-02-03T20:33:40","slug":"naroznik-voss-xl-prawy-gr1","status":"publish","type":"product","link":"https:\/\/baldumarket.lt\/lt\/product\/naroznik-voss-xl-prawy-gr1\/","title":{"rendered":"Voss XL kampin\u0117 sofa de\u0161in\u0117 Gr1"},"content":{"rendered":"<h5><span style=\"color: #54859b\">Apsilankykite m\u016bs\u0173 virtualioje WERSAL prek\u0117s \u017eenklo parduotuv\u0117je<\/span><\/h5>\n<p> <a href=\"https:\/\/my.matterport.com\/show\/?m=SjRhosZFbQJ\" target=\"_blank\" rel=\"noopener\"><span style=\"color: #e47025\">https:\/\/my.matterport.com\/<\/span><\/a><\/p>\n<p>Kasdienis komfortas ir ypatingos progos<br \/>\nKampin\u0117 sofa \u201eVoss XL\u201c sujungia kasdien\u012f atsipalaidavim\u0105 su funkcionalumu, kurio nusipeln\u0117te savo namuose. Didel\u0117, 373 cm plo\u010dio ir 218 cm gylio s\u0117dimoji dalis patogiai talpina iki keturi\u0173 \u017emoni\u0173 vienu metu, tod\u0117l ji puikiai tinka \u0161eimos poilsiui ar susib\u016brimams su draugais. Gili, 75 cm plo\u010dio s\u0117dyn\u0117 suteikia komforto tiek kasdieniam naudojimui, tiek ilgesniam laikui \u017ei\u016brint filmus ar skaitant knygas. 94 cm auk\u0161tis ir auk\u0161tas atlo\u0161as su galvos atramomis papildomai palaiko stubur\u0105 ir leid\u017eia optimaliai atsipalaiduoti. Kampin\u0117 sofa u\u017epildyta vingiuotomis spyruokl\u0117mis ir poliuretano putomis, tod\u0117l s\u0117dyn\u0117 yra mink\u0161ta ir elastinga, u\u017etikrinanti patvarum\u0105 ir komfort\u0105 ilgus metus.<br \/>\nFunkcionalumas, kuris supaprastina gyvenim\u0105<br \/>\n\u201eVoss XL\u201c modelis si\u016blo ne tik erdv\u0119 praleisti laik\u0105 kartu, bet ir prakti\u0161kus sprendimus, kurie supaprastina kasdienyb\u0119. D\u0117l \u012fmontuotos miegojimo funkcijos su delfino mechanizmu kampin\u0119 sof\u0105 galite greitai ir lengvai paversti patogia papildoma lova \u2013 miegojimo zona i\u0161siple\u010dia iki 312 x 140 cm. Tokia miegojimo erdv\u0117 leid\u017eia patogiai miegoti dviem suaugusiesiems, o tai ypa\u010d svarbu, kai da\u017enai priimate \u0161eim\u0105 ar draugus. Po s\u0117dyne esantis patalyn\u0117s skyrius suteikia papildomo funkcionalumo. Jame galite laikyti ne tik antklodes ir pagalves, bet ir kitus svetain\u0117s aksesuarus, taupydami viet\u0105 ir palaikydami tvark\u0105. Patog\u016bs porankiai suteikia prakti\u0161k\u0105 atram\u0105 skaitant, dirbant ne\u0161iojamuoju kompiuteriu ar ilsintis po ilgos dienos.<br \/>\nEstetika ir konstrukcijos kokyb\u0117<br \/>\nKampin\u0117 sofa \u201eVoss XL\u201c traukia d\u0117mes\u012f savo moderniu, minimalistiniu dizainu, kuris puikiai dera prie \u0161iuolaikini\u0173 svetaini\u0173 ar erdvi\u0173 pal\u0117pi\u0173 interjero. Paprasta, geometrin\u0117 forma, i\u0161rai\u0161kingos s\u0117dyn\u0117s ir atlo\u0161\u0173 si\u016bl\u0117s bei taisyklingos formos pabr\u0117\u017eia \u0161io baldo elegancij\u0105. \u0160velniai u\u017eapvalinti kra\u0161tai ir auk\u0161tos kojel\u0117s suteikia formai lengvumo, o kampin\u0117 sofa atrodo tvirta ir stabili, neu\u017ego\u017edama interjero. Nuotraukoje matomos auk\u0161tos, lieknos kojel\u0117s ne tik palengvina \u0161varos palaikym\u0105 erdv\u0117je, bet ir suteikia modernumo. Jos konstrukcijoje naudojamos med\u017eiagos, derinan\u010dios apmu\u0161al\u0173 audin\u012f su med\u017eio elementais, u\u017etikrina patvarum\u0105 ir estetin\u012f patrauklum\u0105 ilgus metus. Galvos atram\u0173 ir poranki\u0173 apdaila sukurta atsi\u017evelgiant \u012f maksimal\u0173 komfort\u0105.<br \/>\nTaikymas j\u016bs\u0173 svetain\u0117je<br \/>\n\u201eVoss XL\u201c kampin\u0117 sofa \u2013 puikus pasirinkimas erdviai svetainei, kuri taps kasdieni\u0173 susib\u016brim\u0173 traukos centru. D\u0117l dideli\u0173 matmen\u0173 ji puikiai tinka atviro plano svetain\u0117ms, sujungtoms su valgomuoju, kur kampin\u0117 sofa, be poilsio zonos funkcijos, gali sukurti ir poilsio zon\u0105. D\u0117l miegojimo funkcijos \u0161i sofa taip pat gali b\u016bti naudojama kaip sve\u010di\u0173 lova ir yra vieta nam\u0173 tekstil\u0117s daiktams laikyti. Min\u0117ta poilsio funkcija leid\u017eia kiekvienam naudotojui pritaikyti s\u0117d\u0117jimo komfort\u0105 pagal savo poreikius, tod\u0117l \u201eVoss XL\u201c kampin\u0117 sofa yra universalus pasirinkimas tiek \u0161eimoms, tiek tiems, kurie vertina kasdien\u012f komfort\u0105. Nesvarbu, ar planuojate kino vakar\u0105, darb\u0105 i\u0161 nam\u0173, ar popiet\u0117s mieg\u0105, \u0161is baldas tikrai pateisins j\u016bs\u0173 l\u016bkes\u010dius ir taps j\u016bs\u0173 svetain\u0117s \u0161irdimi.<\/p>","protected":false},"excerpt":{"rendered":"<p>Plotis: 373 cm<br \/>\nAuk\u0161tis: 94 cm<br \/>\nGylis: 218 cm<br \/>\nS\u0117dyn\u0117s gylis: 75 cm<br \/>\nMiegamosios dalies ilgis: 312 cm<br \/>\nMiegamosios dalies plotis: 140 cm<br \/>\nPatalyn\u0117 su saugykla: su saugykla<br \/>\nAtrama: ant koj\u0173<br \/>\nProdukto b\u016bkl\u0117: savaranki\u0161kas surinkimas<\/p>","protected":false},"featured_media":153176,"comment_status":"open","ping_status":"closed","template":"","meta":[],"product_brand":[],"product_cat":[9386,616,1982,4104],"product_tag":[],"class_list":{"0":"post-153113","1":"product","2":"type-product","3":"status-publish","4":"has-post-thumbnail","6":"product_cat-avangarde-wersal-upholstered-furniture","7":"product_cat-corners","8":"product_cat-corners-u","9":"product_cat-wersal","11":"first","12":"instock","13":"shipping-taxable","14":"purchasable","15":"product-type-variable","16":"wvs-archive-product-wrapper"},"_links":{"self":[{"href":"https:\/\/baldumarket.lt\/lt\/wp-json\/wp\/v2\/product\/153113","targetHints":{"allow":["GET"]}}],"collection":[{"href":"https:\/\/baldumarket.lt\/lt\/wp-json\/wp\/v2\/product"}],"about":[{"href":"https:\/\/baldumarket.lt\/lt\/wp-json\/wp\/v2\/types\/product"}],"replies":[{"embeddable":true,"href":"https:\/\/baldumarket.lt\/lt\/wp-json\/wp\/v2\/comments?post=153113"}],"wp:featuredmedia":[{"embeddable":true,"href":"https:\/\/baldumarket.lt\/lt\/wp-json\/wp\/v2\/media\/153176"}],"wp:attachment":[{"href":"https:\/\/baldumarket.lt\/lt\/wp-json\/wp\/v2\/media?parent=153113"}],"wp:term":[{"taxonomy":"product_brand","embeddable":true,"href":"https:\/\/baldumarket.lt\/lt\/wp-json\/wp\/v2\/product_brand?post=153113"},{"taxonomy":"product_cat","embeddable":true,"href":"https:\/\/baldumarket.lt\/lt\/wp-json\/wp\/v2\/product_cat?post=153113"},{"taxonomy":"product_tag","embeddable":true,"href":"https:\/\/baldumarket.lt\/lt\/wp-json\/wp\/v2\/product_tag?post=153113"}],"curies":[{"name":"wp","href":"https:\/\/api.w.org\/{rel}","templated":true}]}}